{"id":3199,"date":"2023-11-05T16:23:18","date_gmt":"2023-11-05T15:23:18","guid":{"rendered":"https:\/\/etev7e.pef.czu.cz\/zs2223\/?post_type=product&#038;p=3199"},"modified":"2023-11-05T16:23:18","modified_gmt":"2023-11-05T15:23:18","slug":"vanilkovy-olej-na-plet","status":"publish","type":"product","link":"https:\/\/etev7e.pef.czu.cz\/zs2223\/produkt\/vanilkovy-olej-na-plet\/","title":{"rendered":"Vanilkov\u00fd olej na ple\u0165"},"content":{"rendered":"<p>4 m\u011bs\u00edce macerovan\u00fd arganov\u00fd, jojobov\u00fd a mandlov\u00fd olej s vanilkov\u00fdm luskem ple\u0165 hydratuje a rozjas\u0148uje. Olejovou mas\u00e1\u017e\u00ed lze prokrvit ple\u0165 a zbavit ji tak nap\u011bt\u00ed a \u00fanavy.<\/p>\n<p>Olej lze lehce aplikovat d\u00edky praktick\u00e9mu balen\u00ed s rozpra\u0161ova\u010dem.<\/p>\n<ul type=\"disc\">\n<li>Objem: 6 ml<\/li>\n<li>Slo\u017een\u00ed: arganov\u00fd olej, jojobov\u00fd olej, mandlov\u00fd olej, vanilkov\u00fd lusk<\/li>\n<\/ul>\n","protected":false},"excerpt":{"rendered":"<p>Macerovan\u00fd arganov\u00fd, \u00a0jojobov\u00fd a mandlov\u00fd olej s vanilkov\u00fdm luskem pro hydrataci a rozjasn\u011bn\u00ed pleti.<\/p>\n","protected":false},"featured_media":3200,"comment_status":"open","ping_status":"closed","template":"","meta":[],"product_brand":[],"product_cat":[864],"product_tag":[866,873,872,725],"class_list":{"0":"post-3199","1":"product","2":"type-product","3":"status-publish","4":"has-post-thumbnail","6":"product_cat-prirodni-kosmetika","7":"product_tag-hydratace","8":"product_tag-masaz","9":"product_tag-olej","10":"product_tag-pece-o-plet","12":"first","13":"instock","14":"sale","15":"taxable","16":"shipping-taxable","17":"purchasable","18":"product-type-simple"},"jetpack_sharing_enabled":true,"_links":{"self":[{"href":"https:\/\/etev7e.pef.czu.cz\/zs2223\/wp-json\/wp\/v2\/product\/3199","targetHints":{"allow":["GET"]}}],"collection":[{"href":"https:\/\/etev7e.pef.czu.cz\/zs2223\/wp-json\/wp\/v2\/product"}],"about":[{"href":"https:\/\/etev7e.pef.czu.cz\/zs2223\/wp-json\/wp\/v2\/types\/product"}],"replies":[{"embeddable":true,"href":"https:\/\/etev7e.pef.czu.cz\/zs2223\/wp-json\/wp\/v2\/comments?post=3199"}],"wp:featuredmedia":[{"embeddable":true,"href":"https:\/\/etev7e.pef.czu.cz\/zs2223\/wp-json\/wp\/v2\/media\/3200"}],"wp:attachment":[{"href":"https:\/\/etev7e.pef.czu.cz\/zs2223\/wp-json\/wp\/v2\/media?parent=3199"}],"wp:term":[{"taxonomy":"product_brand","embeddable":true,"href":"https:\/\/etev7e.pef.czu.cz\/zs2223\/wp-json\/wp\/v2\/product_brand?post=3199"},{"taxonomy":"product_cat","embeddable":true,"href":"https:\/\/etev7e.pef.czu.cz\/zs2223\/wp-json\/wp\/v2\/product_cat?post=3199"},{"taxonomy":"product_tag","embeddable":true,"href":"https:\/\/etev7e.pef.czu.cz\/zs2223\/wp-json\/wp\/v2\/product_tag?post=3199"}],"curies":[{"name":"wp","href":"https:\/\/api.w.org\/{rel}","templated":true}]}}