{"id":3201,"date":"2023-11-05T16:27:22","date_gmt":"2023-11-05T15:27:22","guid":{"rendered":"https:\/\/etev7e.pef.czu.cz\/zs2223\/?post_type=product&#038;p=3201"},"modified":"2023-11-05T16:27:22","modified_gmt":"2023-11-05T15:27:22","slug":"oriskove-maslo","status":"publish","type":"product","link":"https:\/\/etev7e.pef.czu.cz\/zs2223\/produkt\/oriskove-maslo\/","title":{"rendered":"O\u0159\u00ed\u0161kov\u00e9 m\u00e1slo"},"content":{"rendered":"<p>O\u0159\u00ed\u0161kov\u00e9 m\u00e1slo je mo\u017en\u00e9 vyu\u017e\u00edvat na ple\u0165 i t\u011blo. Poskytuje komplexn\u00ed p\u00e9\u010di o poko\u017eku v\u010detn\u011b obnovy jej\u00ed mikrofl\u00f3ry a celkov\u00e9ho zklidn\u011bn\u00ed.<\/p>\n<p>M\u00e1slo je vhodn\u00e9 pro mas\u00e1\u017e cel\u00e9ho t\u011blo.<\/p>\n<ul type=\"disc\">\n<li>Objem: 100 ml<\/li>\n<li>Slo\u017een\u00ed: jojobov\u00fd olej, bambuck\u00e9 m\u00e1slo, mandle<\/li>\n<\/ul>\n","protected":false},"excerpt":{"rendered":"<p>O\u0159\u00ed\u0161kov\u00e9 m\u00e1slo pro komplexn\u00ed p\u00e9\u010di o poko\u017eku v\u010detn\u011b obnovy jej\u00ed mikrofl\u00f3ry a zklidn\u011bn\u00ed.<\/p>\n","protected":false},"featured_media":3202,"comment_status":"open","ping_status":"closed","template":"","meta":[],"product_brand":[],"product_cat":[864],"product_tag":[866,873,557,725,869,874],"class_list":{"0":"post-3201","1":"product","2":"type-product","3":"status-publish","4":"has-post-thumbnail","6":"product_cat-prirodni-kosmetika","7":"product_tag-hydratace","8":"product_tag-masaz","9":"product_tag-maslo","10":"product_tag-pece-o-plet","11":"product_tag-pece-o-telo","12":"product_tag-uvolneni","14":"first","15":"instock","16":"sale","17":"taxable","18":"shipping-taxable","19":"purchasable","20":"product-type-simple"},"jetpack_sharing_enabled":true,"_links":{"self":[{"href":"https:\/\/etev7e.pef.czu.cz\/zs2223\/wp-json\/wp\/v2\/product\/3201","targetHints":{"allow":["GET"]}}],"collection":[{"href":"https:\/\/etev7e.pef.czu.cz\/zs2223\/wp-json\/wp\/v2\/product"}],"about":[{"href":"https:\/\/etev7e.pef.czu.cz\/zs2223\/wp-json\/wp\/v2\/types\/product"}],"replies":[{"embeddable":true,"href":"https:\/\/etev7e.pef.czu.cz\/zs2223\/wp-json\/wp\/v2\/comments?post=3201"}],"wp:featuredmedia":[{"embeddable":true,"href":"https:\/\/etev7e.pef.czu.cz\/zs2223\/wp-json\/wp\/v2\/media\/3202"}],"wp:attachment":[{"href":"https:\/\/etev7e.pef.czu.cz\/zs2223\/wp-json\/wp\/v2\/media?parent=3201"}],"wp:term":[{"taxonomy":"product_brand","embeddable":true,"href":"https:\/\/etev7e.pef.czu.cz\/zs2223\/wp-json\/wp\/v2\/product_brand?post=3201"},{"taxonomy":"product_cat","embeddable":true,"href":"https:\/\/etev7e.pef.czu.cz\/zs2223\/wp-json\/wp\/v2\/product_cat?post=3201"},{"taxonomy":"product_tag","embeddable":true,"href":"https:\/\/etev7e.pef.czu.cz\/zs2223\/wp-json\/wp\/v2\/product_tag?post=3201"}],"curies":[{"name":"wp","href":"https:\/\/api.w.org\/{rel}","templated":true}]}}