{"id":3203,"date":"2023-11-05T16:32:45","date_gmt":"2023-11-05T15:32:45","guid":{"rendered":"https:\/\/etev7e.pef.czu.cz\/zs2223\/?post_type=product&#038;p=3203"},"modified":"2023-11-05T16:32:45","modified_gmt":"2023-11-05T15:32:45","slug":"pratelne-tamponky-na-cisteni-pleti","status":"publish","type":"product","link":"https:\/\/etev7e.pef.czu.cz\/zs2223\/produkt\/pratelne-tamponky-na-cisteni-pleti\/","title":{"rendered":"Prateln\u00e9 tamp\u00f3nky na \u010di\u0161t\u011bn\u00ed pleti"},"content":{"rendered":"<p>Hebk\u00fdmi odli\u010dovac\u00edmi tamp\u00f3nky lze nahradit jednor\u00e1zov\u00e9 vatov\u00e9 tamp\u00f3nky, jeliko\u017e je mo\u017en\u00e9 je pr\u00e1t a tak je pou\u017e\u00edvat opakovan\u011b. 6 ks v balen\u00ed.<\/p>\n<p>Ple\u0165 odl\u00ed\u010d\u00ed jemn\u011b a \u0161etrn\u011b bez jej\u00edho po\u0161kozen\u00ed.<\/p>\n<ul type=\"disc\">\n<li>Slo\u017een\u00ed: 100% bio bavlna<\/li>\n<li>Velikost: 6x mal\u00e9 (pr\u016fm\u011br 5 cm)<\/li>\n<\/ul>\n","protected":false},"excerpt":{"rendered":"<p>Hebk\u00e9 prateln\u00e9 odli\u010dovac\u00ed tamp\u00f3nky.<\/p>\n","protected":false},"featured_media":3204,"comment_status":"open","ping_status":"closed","template":"","meta":[],"product_brand":[],"product_cat":[864],"product_tag":[878,876,879,877],"class_list":{"0":"post-3203","1":"product","2":"type-product","3":"status-publish","4":"has-post-thumbnail","6":"product_cat-prirodni-kosmetika","7":"product_tag-cisteni-pleti","8":"product_tag-ekologicke","9":"product_tag-odliceni","10":"product_tag-znovupouzitelne","12":"first","13":"instock","14":"sale","15":"taxable","16":"shipping-taxable","17":"purchasable","18":"product-type-simple"},"jetpack_sharing_enabled":true,"_links":{"self":[{"href":"https:\/\/etev7e.pef.czu.cz\/zs2223\/wp-json\/wp\/v2\/product\/3203","targetHints":{"allow":["GET"]}}],"collection":[{"href":"https:\/\/etev7e.pef.czu.cz\/zs2223\/wp-json\/wp\/v2\/product"}],"about":[{"href":"https:\/\/etev7e.pef.czu.cz\/zs2223\/wp-json\/wp\/v2\/types\/product"}],"replies":[{"embeddable":true,"href":"https:\/\/etev7e.pef.czu.cz\/zs2223\/wp-json\/wp\/v2\/comments?post=3203"}],"wp:featuredmedia":[{"embeddable":true,"href":"https:\/\/etev7e.pef.czu.cz\/zs2223\/wp-json\/wp\/v2\/media\/3204"}],"wp:attachment":[{"href":"https:\/\/etev7e.pef.czu.cz\/zs2223\/wp-json\/wp\/v2\/media?parent=3203"}],"wp:term":[{"taxonomy":"product_brand","embeddable":true,"href":"https:\/\/etev7e.pef.czu.cz\/zs2223\/wp-json\/wp\/v2\/product_brand?post=3203"},{"taxonomy":"product_cat","embeddable":true,"href":"https:\/\/etev7e.pef.czu.cz\/zs2223\/wp-json\/wp\/v2\/product_cat?post=3203"},{"taxonomy":"product_tag","embeddable":true,"href":"https:\/\/etev7e.pef.czu.cz\/zs2223\/wp-json\/wp\/v2\/product_tag?post=3203"}],"curies":[{"name":"wp","href":"https:\/\/api.w.org\/{rel}","templated":true}]}}