{"id":3213,"date":"2023-11-05T16:46:35","date_gmt":"2023-11-05T15:46:35","guid":{"rendered":"https:\/\/etev7e.pef.czu.cz\/zs2223\/?post_type=product&#038;p=3213"},"modified":"2023-11-05T17:09:20","modified_gmt":"2023-11-05T16:09:20","slug":"obal-na-mobilni-telefon-iphone-crossbody","status":"publish","type":"product","link":"https:\/\/etev7e.pef.czu.cz\/zs2223\/produkt\/obal-na-mobilni-telefon-iphone-crossbody\/","title":{"rendered":"Obal na mobiln\u00ed telefon iPhone Crossbody"},"content":{"rendered":"<p id=\"yui_3_17_2_1_1699198294791_40\">Sametov\u00fd luxus pro v\u00e1\u0161 iPhone 13 &#8211; Silikonov\u00fd kryt s elegantn\u00edm ko\u017een\u00fdm popruhem\u00a0Crossbody!\u00a0<span id=\"yui_3_17_2_1_1699198294791_39\">S t\u00edmto silikonov\u00fdm krytem s ko\u017een\u00fdm popruhem\u00a0Crossbody\u00a0budete nejen chr\u00e1nit v\u00e1\u0161 iPhone 13, ale tak\u00e9 p\u0159id\u00e1te sv\u00e9mu za\u0159\u00edzen\u00ed sofistikovan\u00fd a stylov\u00fd n\u00e1dech. Bu\u010fte p\u0159ipraveni na v\u0161echny situace, kdy budete pot\u0159ebovat ruce voln\u00e9 a nechcete opustit sv\u016fj drahocenn\u00fd telefon.<\/span><\/p>\n","protected":false},"excerpt":{"rendered":"<p>Sametov\u00fd luxus pro v\u00e1\u0161 iPhone 13 &#8211; Silikonov\u00fd kryt s elegantn\u00edm ko\u017een\u00fdm popruhem\u00a0Crossbody!\u00a0S t\u00edmto silikonov\u00fdm krytem s ko\u017een\u00fdm popruhem\u00a0Crossbody\u00a0budete nejen chr\u00e1nit v\u00e1\u0161 iPhone 13, ale tak\u00e9 p\u0159id\u00e1te sv\u00e9mu za\u0159\u00edzen\u00ed sofistikovan\u00fd a stylov\u00fd n\u00e1dech. Bu\u010fte p\u0159ipraveni na v\u0161echny situace, kdy budete pot\u0159ebovat ruce voln\u00e9 a nechcete opustit sv\u016fj drahocenn\u00fd telefon.<\/p>\n","protected":false},"featured_media":3217,"comment_status":"open","ping_status":"closed","template":"","meta":[],"product_brand":[],"product_cat":[875],"product_tag":[890,887,886,888,889,891],"class_list":{"0":"post-3213","1":"product","2":"type-product","3":"status-publish","4":"has-post-thumbnail","6":"product_cat-obaly-na-mobilni-telefony-tablety-a-notebooky","7":"product_tag-crossbody-kryt","8":"product_tag-iphone","9":"product_tag-iphone-prislusenstvi","10":"product_tag-kryt","11":"product_tag-kryty-na-mobil","12":"product_tag-silikonovy-kryt","14":"first","15":"instock","16":"sale","17":"taxable","18":"shipping-taxable","19":"purchasable","20":"product-type-variable"},"jetpack_sharing_enabled":true,"_links":{"self":[{"href":"https:\/\/etev7e.pef.czu.cz\/zs2223\/wp-json\/wp\/v2\/product\/3213","targetHints":{"allow":["GET"]}}],"collection":[{"href":"https:\/\/etev7e.pef.czu.cz\/zs2223\/wp-json\/wp\/v2\/product"}],"about":[{"href":"https:\/\/etev7e.pef.czu.cz\/zs2223\/wp-json\/wp\/v2\/types\/product"}],"replies":[{"embeddable":true,"href":"https:\/\/etev7e.pef.czu.cz\/zs2223\/wp-json\/wp\/v2\/comments?post=3213"}],"wp:featuredmedia":[{"embeddable":true,"href":"https:\/\/etev7e.pef.czu.cz\/zs2223\/wp-json\/wp\/v2\/media\/3217"}],"wp:attachment":[{"href":"https:\/\/etev7e.pef.czu.cz\/zs2223\/wp-json\/wp\/v2\/media?parent=3213"}],"wp:term":[{"taxonomy":"product_brand","embeddable":true,"href":"https:\/\/etev7e.pef.czu.cz\/zs2223\/wp-json\/wp\/v2\/product_brand?post=3213"},{"taxonomy":"product_cat","embeddable":true,"href":"https:\/\/etev7e.pef.czu.cz\/zs2223\/wp-json\/wp\/v2\/product_cat?post=3213"},{"taxonomy":"product_tag","embeddable":true,"href":"https:\/\/etev7e.pef.czu.cz\/zs2223\/wp-json\/wp\/v2\/product_tag?post=3213"}],"curies":[{"name":"wp","href":"https:\/\/api.w.org\/{rel}","templated":true}]}}