{"id":3230,"date":"2023-11-05T16:56:11","date_gmt":"2023-11-05T15:56:11","guid":{"rendered":"https:\/\/etev7e.pef.czu.cz\/zs2223\/?post_type=product&#038;p=3230"},"modified":"2023-11-05T16:57:04","modified_gmt":"2023-11-05T15:57:04","slug":"zaviraci-kryt-na-mobilni-telefon-samsung-galaxy-a54-5g","status":"publish","type":"product","link":"https:\/\/etev7e.pef.czu.cz\/zs2223\/produkt\/zaviraci-kryt-na-mobilni-telefon-samsung-galaxy-a54-5g\/","title":{"rendered":"Zav\u00edrac\u00ed kryt na mobiln\u00ed telefon SAMSUNG Galaxy A54 5G"},"content":{"rendered":"<p>Elegantn\u00ed \u010dern\u00fd zav\u00edrac\u00ed kryt na mobiln\u00ed telefon zna\u010dky Samsung. Tento zav\u00edrac\u00ed kryt kombinuje luxusn\u00ed vzhled s ochranou mobiln\u00edho telefonu nejen p\u0159ed po\u0161kr\u00e1b\u00e1n\u00edm, ale i p\u0159ed rozbit\u00edm. Zav\u00edrac\u00ed kryt na SAMSUNG Galaxy A54 5G\u00a0je vyroben z prvot\u0159\u00eddn\u00ed \u010dern\u00e9 k\u016f\u017ee, kter\u00e1 nab\u00edz\u00ed hladk\u00fd a modern\u00ed vzhled.<\/p>\n","protected":false},"excerpt":{"rendered":"<p>Elegantn\u00ed \u010dern\u00fd zav\u00edrac\u00ed kryt na mobiln\u00ed telefon zna\u010dky Samsung. Tento zav\u00edrac\u00ed kryt kombinuje luxusn\u00ed vzhled s ochranou mobiln\u00edho telefonu nejen p\u0159ed po\u0161kr\u00e1b\u00e1n\u00edm, ale i p\u0159ed rozbit\u00edm. Zav\u00edrac\u00ed kryt na SAMSUNG Galaxy A54 5G\u00a0je vyroben z prvot\u0159\u00eddn\u00ed \u010dern\u00e9 k\u016f\u017ee, kter\u00e1 nab\u00edz\u00ed hladk\u00fd a modern\u00ed vzhled.<\/p>\n","protected":false},"featured_media":3231,"comment_status":"open","ping_status":"closed","template":"","meta":[],"product_brand":[],"product_cat":[875],"product_tag":[892,888,894,885,95,893],"class_list":{"0":"post-3230","1":"product","2":"type-product","3":"status-publish","4":"has-post-thumbnail","6":"product_cat-obaly-na-mobilni-telefony-tablety-a-notebooky","7":"product_tag-flip-obal-na-samsung","8":"product_tag-kryt","9":"product_tag-kryt-na-mobilni-telefon","10":"product_tag-obal","11":"product_tag-samsung","12":"product_tag-samsung-obal","14":"first","15":"instock","16":"sale","17":"taxable","18":"shipping-taxable","19":"purchasable","20":"product-type-simple"},"jetpack_sharing_enabled":true,"_links":{"self":[{"href":"https:\/\/etev7e.pef.czu.cz\/zs2223\/wp-json\/wp\/v2\/product\/3230","targetHints":{"allow":["GET"]}}],"collection":[{"href":"https:\/\/etev7e.pef.czu.cz\/zs2223\/wp-json\/wp\/v2\/product"}],"about":[{"href":"https:\/\/etev7e.pef.czu.cz\/zs2223\/wp-json\/wp\/v2\/types\/product"}],"replies":[{"embeddable":true,"href":"https:\/\/etev7e.pef.czu.cz\/zs2223\/wp-json\/wp\/v2\/comments?post=3230"}],"wp:featuredmedia":[{"embeddable":true,"href":"https:\/\/etev7e.pef.czu.cz\/zs2223\/wp-json\/wp\/v2\/media\/3231"}],"wp:attachment":[{"href":"https:\/\/etev7e.pef.czu.cz\/zs2223\/wp-json\/wp\/v2\/media?parent=3230"}],"wp:term":[{"taxonomy":"product_brand","embeddable":true,"href":"https:\/\/etev7e.pef.czu.cz\/zs2223\/wp-json\/wp\/v2\/product_brand?post=3230"},{"taxonomy":"product_cat","embeddable":true,"href":"https:\/\/etev7e.pef.czu.cz\/zs2223\/wp-json\/wp\/v2\/product_cat?post=3230"},{"taxonomy":"product_tag","embeddable":true,"href":"https:\/\/etev7e.pef.czu.cz\/zs2223\/wp-json\/wp\/v2\/product_tag?post=3230"}],"curies":[{"name":"wp","href":"https:\/\/api.w.org\/{rel}","templated":true}]}}