{"id":3232,"date":"2023-11-05T17:03:39","date_gmt":"2023-11-05T16:03:39","guid":{"rendered":"https:\/\/etev7e.pef.czu.cz\/zs2223\/?post_type=product&#038;p=3232"},"modified":"2023-11-05T17:04:54","modified_gmt":"2023-11-05T16:04:54","slug":"pouzdro-obal-na-notebook","status":"publish","type":"product","link":"https:\/\/etev7e.pef.czu.cz\/zs2223\/produkt\/pouzdro-obal-na-notebook\/","title":{"rendered":"Pouzdro &#8211; obal na notebook"},"content":{"rendered":"<p>Obal na notebook\u00a0\u2013 vhodn\u00e9 pro ty, kte\u0159\u00ed r\u00e1di cestuj\u00ed a svoje za\u0159\u00edzen\u00ed p\u0159en\u00e1\u0161ej\u00ed, poskytuje ochranu p\u0159i n\u00e1razech, magnetick\u00e9 zap\u00edn\u00e1n\u00ed, je mo\u017en\u00e9 vyu\u017e\u00edt i jako podlo\u017eku pro my\u0161.<\/p>\n","protected":false},"excerpt":{"rendered":"<p>Obal na notebook\u00a0\u2013 vhodn\u00e9 pro ty, kte\u0159\u00ed r\u00e1di cestuj\u00ed a svoje za\u0159\u00edzen\u00ed p\u0159en\u00e1\u0161ej\u00ed, poskytuje ochranu p\u0159i n\u00e1razech, magnetick\u00e9 zap\u00edn\u00e1n\u00ed, je mo\u017en\u00e9 vyu\u017e\u00edt i jako podlo\u017eku pro my\u0161.<\/p>\n","protected":false},"featured_media":3245,"comment_status":"open","ping_status":"closed","template":"","meta":[],"product_brand":[],"product_cat":[875],"product_tag":[885,895,884,883],"class_list":{"0":"post-3232","1":"product","2":"type-product","3":"status-publish","4":"has-post-thumbnail","6":"product_cat-obaly-na-mobilni-telefony-tablety-a-notebooky","7":"product_tag-obal","8":"product_tag-obal-na-notebook","9":"product_tag-pouzdro","10":"product_tag-pouzdro-na-notebook","12":"first","13":"instock","14":"sale","15":"taxable","16":"shipping-taxable","17":"purchasable","18":"product-type-variable"},"jetpack_sharing_enabled":true,"_links":{"self":[{"href":"https:\/\/etev7e.pef.czu.cz\/zs2223\/wp-json\/wp\/v2\/product\/3232","targetHints":{"allow":["GET"]}}],"collection":[{"href":"https:\/\/etev7e.pef.czu.cz\/zs2223\/wp-json\/wp\/v2\/product"}],"about":[{"href":"https:\/\/etev7e.pef.czu.cz\/zs2223\/wp-json\/wp\/v2\/types\/product"}],"replies":[{"embeddable":true,"href":"https:\/\/etev7e.pef.czu.cz\/zs2223\/wp-json\/wp\/v2\/comments?post=3232"}],"wp:featuredmedia":[{"embeddable":true,"href":"https:\/\/etev7e.pef.czu.cz\/zs2223\/wp-json\/wp\/v2\/media\/3245"}],"wp:attachment":[{"href":"https:\/\/etev7e.pef.czu.cz\/zs2223\/wp-json\/wp\/v2\/media?parent=3232"}],"wp:term":[{"taxonomy":"product_brand","embeddable":true,"href":"https:\/\/etev7e.pef.czu.cz\/zs2223\/wp-json\/wp\/v2\/product_brand?post=3232"},{"taxonomy":"product_cat","embeddable":true,"href":"https:\/\/etev7e.pef.czu.cz\/zs2223\/wp-json\/wp\/v2\/product_cat?post=3232"},{"taxonomy":"product_tag","embeddable":true,"href":"https:\/\/etev7e.pef.czu.cz\/zs2223\/wp-json\/wp\/v2\/product_tag?post=3232"}],"curies":[{"name":"wp","href":"https:\/\/api.w.org\/{rel}","templated":true}]}}