{"id":3255,"date":"2023-11-05T17:55:23","date_gmt":"2023-11-05T16:55:23","guid":{"rendered":"https:\/\/etev7e.pef.czu.cz\/zs2223\/?post_type=product&#038;p=3255"},"modified":"2023-11-05T18:14:38","modified_gmt":"2023-11-05T17:14:38","slug":"plysovy-medved","status":"publish","type":"product","link":"https:\/\/etev7e.pef.czu.cz\/zs2223\/produkt\/plysovy-medved\/","title":{"rendered":"Ply\u0161ov\u00fd medv\u011bd"},"content":{"rendered":"<p>Sametov\u011b hladk\u00fd ply\u0161ov\u00fd medv\u011bd ve sv\u011btle hn\u011bd\u00e9 barv\u011b je ide\u00e1ln\u00ed spole\u010dn\u00edk pro va\u0161e d\u00edt\u011b. Jeho roztomil\u00fd v\u00fdraz a m\u011bkk\u00fd materi\u00e1l zaru\u010duj\u00ed nekone\u010dn\u00e9 objet\u00ed a pohodl\u00ed. Skv\u011bl\u00fd d\u00e1rek pro mal\u00e9 i velk\u00e9 milovn\u00edky medv\u011bd\u016f.<\/p>\n","protected":false},"excerpt":{"rendered":"<p>Sametov\u011b hladk\u00fd ply\u0161ov\u00fd medv\u011bd<\/p>\n","protected":false},"featured_media":3262,"comment_status":"open","ping_status":"closed","template":"","meta":[],"product_brand":[],"product_cat":[900],"product_tag":[905,901,376,902,904,903],"class_list":{"0":"post-3255","1":"product","2":"type-product","3":"status-publish","4":"has-post-thumbnail","6":"product_cat-hracky","7":"product_tag-deti","8":"product_tag-detske-hracky","9":"product_tag-hracky","10":"product_tag-hracky-pro-nejmensi","11":"product_tag-interakce","12":"product_tag-zabava","14":"first","15":"instock","16":"sale","17":"taxable","18":"shipping-taxable","19":"purchasable","20":"product-type-simple"},"jetpack_sharing_enabled":true,"_links":{"self":[{"href":"https:\/\/etev7e.pef.czu.cz\/zs2223\/wp-json\/wp\/v2\/product\/3255","targetHints":{"allow":["GET"]}}],"collection":[{"href":"https:\/\/etev7e.pef.czu.cz\/zs2223\/wp-json\/wp\/v2\/product"}],"about":[{"href":"https:\/\/etev7e.pef.czu.cz\/zs2223\/wp-json\/wp\/v2\/types\/product"}],"replies":[{"embeddable":true,"href":"https:\/\/etev7e.pef.czu.cz\/zs2223\/wp-json\/wp\/v2\/comments?post=3255"}],"wp:featuredmedia":[{"embeddable":true,"href":"https:\/\/etev7e.pef.czu.cz\/zs2223\/wp-json\/wp\/v2\/media\/3262"}],"wp:attachment":[{"href":"https:\/\/etev7e.pef.czu.cz\/zs2223\/wp-json\/wp\/v2\/media?parent=3255"}],"wp:term":[{"taxonomy":"product_brand","embeddable":true,"href":"https:\/\/etev7e.pef.czu.cz\/zs2223\/wp-json\/wp\/v2\/product_brand?post=3255"},{"taxonomy":"product_cat","embeddable":true,"href":"https:\/\/etev7e.pef.czu.cz\/zs2223\/wp-json\/wp\/v2\/product_cat?post=3255"},{"taxonomy":"product_tag","embeddable":true,"href":"https:\/\/etev7e.pef.czu.cz\/zs2223\/wp-json\/wp\/v2\/product_tag?post=3255"}],"curies":[{"name":"wp","href":"https:\/\/api.w.org\/{rel}","templated":true}]}}