{"id":3258,"date":"2023-11-05T18:01:47","date_gmt":"2023-11-05T17:01:47","guid":{"rendered":"https:\/\/etev7e.pef.czu.cz\/zs2223\/?post_type=product&#038;p=3258"},"modified":"2025-11-09T21:46:55","modified_gmt":"2025-11-09T20:46:55","slug":"penove-puzzle","status":"publish","type":"product","link":"https:\/\/etev7e.pef.czu.cz\/zs2223\/produkt\/penove-puzzle\/","title":{"rendered":"P\u011bnov\u00e9 puzzle"},"content":{"rendered":"<p>Popus\u0165te uzdu sv\u00e9 fantazii s p\u011bnov\u00fdmi puzzle &#8211; v\u0161estrann\u00fdm, poutav\u00fdm a bezpe\u010dn\u00fdm z\u00e1kladem pro hran\u00ed.<\/p>\n","protected":false},"excerpt":{"rendered":"<p>Poutav\u00e9 p\u011bnov\u00e9 puzzle s fantazi\u00ed<\/p>\n","protected":false},"featured_media":3264,"comment_status":"open","ping_status":"closed","template":"","meta":[],"product_brand":[],"product_cat":[900],"product_tag":[905,901,376,902,904,903],"class_list":{"0":"post-3258","1":"product","2":"type-product","3":"status-publish","4":"has-post-thumbnail","6":"product_cat-hracky","7":"product_tag-deti","8":"product_tag-detske-hracky","9":"product_tag-hracky","10":"product_tag-hracky-pro-nejmensi","11":"product_tag-interakce","12":"product_tag-zabava","14":"first","15":"instock","16":"sale","17":"taxable","18":"shipping-taxable","19":"purchasable","20":"product-type-variable"},"jetpack_sharing_enabled":true,"_links":{"self":[{"href":"https:\/\/etev7e.pef.czu.cz\/zs2223\/wp-json\/wp\/v2\/product\/3258","targetHints":{"allow":["GET"]}}],"collection":[{"href":"https:\/\/etev7e.pef.czu.cz\/zs2223\/wp-json\/wp\/v2\/product"}],"about":[{"href":"https:\/\/etev7e.pef.czu.cz\/zs2223\/wp-json\/wp\/v2\/types\/product"}],"replies":[{"embeddable":true,"href":"https:\/\/etev7e.pef.czu.cz\/zs2223\/wp-json\/wp\/v2\/comments?post=3258"}],"wp:featuredmedia":[{"embeddable":true,"href":"https:\/\/etev7e.pef.czu.cz\/zs2223\/wp-json\/wp\/v2\/media\/3264"}],"wp:attachment":[{"href":"https:\/\/etev7e.pef.czu.cz\/zs2223\/wp-json\/wp\/v2\/media?parent=3258"}],"wp:term":[{"taxonomy":"product_brand","embeddable":true,"href":"https:\/\/etev7e.pef.czu.cz\/zs2223\/wp-json\/wp\/v2\/product_brand?post=3258"},{"taxonomy":"product_cat","embeddable":true,"href":"https:\/\/etev7e.pef.czu.cz\/zs2223\/wp-json\/wp\/v2\/product_cat?post=3258"},{"taxonomy":"product_tag","embeddable":true,"href":"https:\/\/etev7e.pef.czu.cz\/zs2223\/wp-json\/wp\/v2\/product_tag?post=3258"}],"curies":[{"name":"wp","href":"https:\/\/api.w.org\/{rel}","templated":true}]}}