{"id":3259,"date":"2023-11-05T17:57:43","date_gmt":"2023-11-05T16:57:43","guid":{"rendered":"https:\/\/etev7e.pef.czu.cz\/zs2223\/?post_type=product&#038;p=3259"},"modified":"2025-11-09T21:48:56","modified_gmt":"2025-11-09T20:48:56","slug":"projektor-otacivy-kralicek","status":"publish","type":"product","link":"https:\/\/etev7e.pef.czu.cz\/zs2223\/produkt\/projektor-otacivy-kralicek\/","title":{"rendered":"Projektor ot\u00e1\u010div\u00fd kr\u00e1l\u00ed\u010dek"},"content":{"rendered":"<p>Mysl\u00edte si, \u017ee je V\u00e1\u0161 pokoj nudn\u00fd? Po\u0159i\u010fte si tenhle origin\u00e1ln\u00ed projektor! Magick\u00e9 osv\u011btlen\u00ed a uklid\u0148uj\u00edc\u00ed muzika v podob\u011b ot\u00e1\u010div\u00e9ho projektoru vykouzl\u00ed romantickou uvoln\u011bnou n\u00e1ladu a pomohou usnout.\u00a0Skv\u011bl\u00fd i jako V\u00e1no\u010dn\u00ed dekorace!<\/p>\n","protected":false},"excerpt":{"rendered":"<p>Projektor ot\u00e1\u010div\u00fd kr\u00e1l\u00ed\u010dek &#8211; Cute elf projection lamp<\/p>\n","protected":false},"featured_media":3260,"comment_status":"open","ping_status":"closed","template":"","meta":[],"product_brand":[],"product_cat":[900],"product_tag":[905,901,376,902,904,903],"class_list":{"0":"post-3259","1":"product","2":"type-product","3":"status-publish","4":"has-post-thumbnail","6":"product_cat-hracky","7":"product_tag-deti","8":"product_tag-detske-hracky","9":"product_tag-hracky","10":"product_tag-hracky-pro-nejmensi","11":"product_tag-interakce","12":"product_tag-zabava","14":"first","15":"instock","16":"sale","17":"taxable","18":"shipping-taxable","19":"purchasable","20":"product-type-variable"},"jetpack_sharing_enabled":true,"_links":{"self":[{"href":"https:\/\/etev7e.pef.czu.cz\/zs2223\/wp-json\/wp\/v2\/product\/3259","targetHints":{"allow":["GET"]}}],"collection":[{"href":"https:\/\/etev7e.pef.czu.cz\/zs2223\/wp-json\/wp\/v2\/product"}],"about":[{"href":"https:\/\/etev7e.pef.czu.cz\/zs2223\/wp-json\/wp\/v2\/types\/product"}],"replies":[{"embeddable":true,"href":"https:\/\/etev7e.pef.czu.cz\/zs2223\/wp-json\/wp\/v2\/comments?post=3259"}],"wp:featuredmedia":[{"embeddable":true,"href":"https:\/\/etev7e.pef.czu.cz\/zs2223\/wp-json\/wp\/v2\/media\/3260"}],"wp:attachment":[{"href":"https:\/\/etev7e.pef.czu.cz\/zs2223\/wp-json\/wp\/v2\/media?parent=3259"}],"wp:term":[{"taxonomy":"product_brand","embeddable":true,"href":"https:\/\/etev7e.pef.czu.cz\/zs2223\/wp-json\/wp\/v2\/product_brand?post=3259"},{"taxonomy":"product_cat","embeddable":true,"href":"https:\/\/etev7e.pef.czu.cz\/zs2223\/wp-json\/wp\/v2\/product_cat?post=3259"},{"taxonomy":"product_tag","embeddable":true,"href":"https:\/\/etev7e.pef.czu.cz\/zs2223\/wp-json\/wp\/v2\/product_tag?post=3259"}],"curies":[{"name":"wp","href":"https:\/\/api.w.org\/{rel}","templated":true}]}}