{"id":3261,"date":"2023-11-05T18:02:59","date_gmt":"2023-11-05T17:02:59","guid":{"rendered":"https:\/\/etev7e.pef.czu.cz\/zs2223\/?post_type=product&#038;p=3261"},"modified":"2024-12-04T14:26:33","modified_gmt":"2024-12-04T13:26:33","slug":"indukcni-elektricky-krab","status":"publish","type":"product","link":"https:\/\/etev7e.pef.czu.cz\/zs2223\/produkt\/indukcni-elektricky-krab\/","title":{"rendered":"Induk\u010dn\u00ed elektrick\u00fd krab"},"content":{"rendered":"<p>Modr\u00fd plastov\u00fd krab je vesel\u00fd spole\u010dn\u00edk pro d\u011btsk\u00e1 dobrodru\u017estv\u00ed. S jeho \u017eiv\u00fdmi barvami a pohybliv\u00fdmi klepety p\u0159in\u00e1\u0161\u00ed z\u00e1bavu a radost do ka\u017ed\u00e9 hry. Induk\u010dn\u00ed krab\u00ed hra\u010dka je vyrobena z materi\u00e1l\u016f bezpe\u010dn\u00fdch pro d\u011bti. Obloukov\u00fd design je hladk\u00fd a nem\u00e1 ostr\u00e9 hrany, tud\u00ed\u017e chr\u00e1n\u00ed va\u0161e d\u00edt\u011b p\u0159ed po\u0161kr\u00e1b\u00e1n\u00edm.<\/p>\n","protected":false},"excerpt":{"rendered":"<p>Modr\u00fd induk\u010dn\u00ed elektrick\u00fd krab, kter\u00fd p\u0159in\u00e1\u0161\u00ed spoustu z\u00e1bavy!<\/p>\n","protected":false},"featured_media":3263,"comment_status":"open","ping_status":"closed","template":"","meta":[],"product_brand":[],"product_cat":[900],"product_tag":[376,379,902,904,903],"class_list":{"0":"post-3261","1":"product","2":"type-product","3":"status-publish","4":"has-post-thumbnail","6":"product_cat-hracky","7":"product_tag-hracky","8":"product_tag-hracky-pro-deti","9":"product_tag-hracky-pro-nejmensi","10":"product_tag-interakce","11":"product_tag-zabava","13":"first","14":"instock","15":"sale","16":"taxable","17":"shipping-taxable","18":"purchasable","19":"product-type-variable"},"jetpack_sharing_enabled":true,"_links":{"self":[{"href":"https:\/\/etev7e.pef.czu.cz\/zs2223\/wp-json\/wp\/v2\/product\/3261","targetHints":{"allow":["GET"]}}],"collection":[{"href":"https:\/\/etev7e.pef.czu.cz\/zs2223\/wp-json\/wp\/v2\/product"}],"about":[{"href":"https:\/\/etev7e.pef.czu.cz\/zs2223\/wp-json\/wp\/v2\/types\/product"}],"replies":[{"embeddable":true,"href":"https:\/\/etev7e.pef.czu.cz\/zs2223\/wp-json\/wp\/v2\/comments?post=3261"}],"wp:featuredmedia":[{"embeddable":true,"href":"https:\/\/etev7e.pef.czu.cz\/zs2223\/wp-json\/wp\/v2\/media\/3263"}],"wp:attachment":[{"href":"https:\/\/etev7e.pef.czu.cz\/zs2223\/wp-json\/wp\/v2\/media?parent=3261"}],"wp:term":[{"taxonomy":"product_brand","embeddable":true,"href":"https:\/\/etev7e.pef.czu.cz\/zs2223\/wp-json\/wp\/v2\/product_brand?post=3261"},{"taxonomy":"product_cat","embeddable":true,"href":"https:\/\/etev7e.pef.czu.cz\/zs2223\/wp-json\/wp\/v2\/product_cat?post=3261"},{"taxonomy":"product_tag","embeddable":true,"href":"https:\/\/etev7e.pef.czu.cz\/zs2223\/wp-json\/wp\/v2\/product_tag?post=3261"}],"curies":[{"name":"wp","href":"https:\/\/api.w.org\/{rel}","templated":true}]}}