{"id":3265,"date":"2023-11-05T18:01:09","date_gmt":"2023-11-05T17:01:09","guid":{"rendered":"https:\/\/etev7e.pef.czu.cz\/zs2223\/?post_type=product&#038;p=3265"},"modified":"2024-11-29T14:36:42","modified_gmt":"2024-11-29T13:36:42","slug":"mekka-knizka","status":"publish","type":"product","link":"https:\/\/etev7e.pef.czu.cz\/zs2223\/produkt\/mekka-knizka\/","title":{"rendered":"M\u011bkk\u00e1 kn\u00ed\u017eka"},"content":{"rendered":"<p>Objevte poh\u00e1dkov\u00fd sv\u011bt s na\u0161\u00ed oran\u017eovou m\u011bkkou kn\u00ed\u017ekou pro d\u011bti, zdobenou roztomil\u00fdm obr\u00e1zkem medv\u00eddka. Dotekem m\u011bkk\u00e9 l\u00e1tky a barevn\u00fdch ilustrac\u00ed p\u0159in\u00e1\u0161\u00edme radost a u\u010den\u00ed do ka\u017ed\u00e9ho okam\u017eiku. Tato interaktivn\u00ed kn\u00ed\u017eka podn\u011bcuje d\u011btskou fantazii a podporuje jejich prvn\u00ed kroky ve sv\u011bt\u011b \u010dten\u00ed.<\/p>\n","protected":false},"excerpt":{"rendered":"<p>Objevte poh\u00e1dkov\u00fd sv\u011bt s na\u0161\u00ed oran\u017eovou m\u011bkkou kn\u00ed\u017ekou pro d\u011bti, zdobenou roztomil\u00fdm obr\u00e1zkem medv\u00eddka. Dotekem m\u011bkk\u00e9 l\u00e1tky a barevn\u00fdch ilustrac\u00ed p\u0159in\u00e1\u0161\u00edme radost a u\u010den\u00ed do ka\u017ed\u00e9ho okam\u017eiku. Tato interaktivn\u00ed kn\u00ed\u017eka podn\u011bcuje d\u011btskou fantazii a podporuje jejich prvn\u00ed kroky ve sv\u011bt\u011b \u010dten\u00ed.<\/p>\n","protected":false},"featured_media":3266,"comment_status":"open","ping_status":"closed","template":"","meta":[],"product_brand":[],"product_cat":[900],"product_tag":[901,376,902,904,903],"class_list":{"0":"post-3265","1":"product","2":"type-product","3":"status-publish","4":"has-post-thumbnail","6":"product_cat-hracky","7":"product_tag-detske-hracky","8":"product_tag-hracky","9":"product_tag-hracky-pro-nejmensi","10":"product_tag-interakce","11":"product_tag-zabava","13":"first","14":"instock","15":"sale","16":"taxable","17":"shipping-taxable","18":"purchasable","19":"product-type-variable"},"jetpack_sharing_enabled":true,"_links":{"self":[{"href":"https:\/\/etev7e.pef.czu.cz\/zs2223\/wp-json\/wp\/v2\/product\/3265","targetHints":{"allow":["GET"]}}],"collection":[{"href":"https:\/\/etev7e.pef.czu.cz\/zs2223\/wp-json\/wp\/v2\/product"}],"about":[{"href":"https:\/\/etev7e.pef.czu.cz\/zs2223\/wp-json\/wp\/v2\/types\/product"}],"replies":[{"embeddable":true,"href":"https:\/\/etev7e.pef.czu.cz\/zs2223\/wp-json\/wp\/v2\/comments?post=3265"}],"wp:featuredmedia":[{"embeddable":true,"href":"https:\/\/etev7e.pef.czu.cz\/zs2223\/wp-json\/wp\/v2\/media\/3266"}],"wp:attachment":[{"href":"https:\/\/etev7e.pef.czu.cz\/zs2223\/wp-json\/wp\/v2\/media?parent=3265"}],"wp:term":[{"taxonomy":"product_brand","embeddable":true,"href":"https:\/\/etev7e.pef.czu.cz\/zs2223\/wp-json\/wp\/v2\/product_brand?post=3265"},{"taxonomy":"product_cat","embeddable":true,"href":"https:\/\/etev7e.pef.czu.cz\/zs2223\/wp-json\/wp\/v2\/product_cat?post=3265"},{"taxonomy":"product_tag","embeddable":true,"href":"https:\/\/etev7e.pef.czu.cz\/zs2223\/wp-json\/wp\/v2\/product_tag?post=3265"}],"curies":[{"name":"wp","href":"https:\/\/api.w.org\/{rel}","templated":true}]}}