{"id":3309,"date":"2023-11-05T21:09:54","date_gmt":"2023-11-05T20:09:54","guid":{"rendered":"https:\/\/etev7e.pef.czu.cz\/zs2223\/?post_type=product&#038;p=3309"},"modified":"2023-11-08T16:30:21","modified_gmt":"2023-11-08T15:30:21","slug":"jar","status":"publish","type":"product","link":"https:\/\/etev7e.pef.czu.cz\/zs2223\/produkt\/jar\/","title":{"rendered":"Jar Prost\u0159edek na n\u00e1dob\u00ed Pomegranate"},"content":{"rendered":"<p>Prost\u0159edek na n\u00e1dob\u00ed Jar Pomegranate je spolehliv\u00fdm pomocn\u00edkem p\u0159i myt\u00ed n\u00e1dob\u00ed. Jeho aktivn\u00ed slo\u017een\u00ed snadno odstra\u0148uje zaschl\u00e9 ne\u010distoty a odolnou mastnotu. M\u016f\u017eete jej pou\u017e\u00edt na tal\u00ed\u0159e, skleni\u010dky, hrnce nebo p\u00e1nve. S Jarem nav\u00edc u\u0161et\u0159\u00edte \u2013<strong>\u00a0jedna kapka umyje zna\u010dn\u00e9 mno\u017estv\u00ed mastn\u00e9ho n\u00e1dob\u00ed<\/strong>. Tekut\u00fd prost\u0159edek s v\u016fn\u00ed gran\u00e1tov\u00e9ho jablka je jemn\u00fd a\u00a0<strong>\u0161etrn\u00fd k va\u0161\u00ed poko\u017ece<\/strong>. Jeho hust\u00e9 slo\u017een\u00ed vytv\u00e1\u0159\u00ed\u00a0<strong>bohatou p\u011bnu<\/strong>, kter\u00e1 zato\u010d\u00ed s ka\u017edou mastnotou a efektivn\u011b ji odstran\u00ed ze v\u0161ech m\u00edst.<\/p>\n","protected":false},"excerpt":{"rendered":"<p><span id=\"yui_3_17_2_1_1699213516863_40\">Prost\u0159edek na n\u00e1dob\u00ed<\/span><\/p>\n","protected":false},"featured_media":4004,"comment_status":"open","ping_status":"closed","template":"","meta":[],"product_brand":[],"product_cat":[922],"product_tag":[238,927],"class_list":{"0":"post-3309","1":"product","2":"type-product","3":"status-publish","4":"has-post-thumbnail","6":"product_cat-drogerie-a-cistici-prostredky","7":"product_tag-cistici-prostredky","8":"product_tag-nadobi","10":"first","11":"instock","12":"taxable","13":"shipping-taxable","14":"purchasable","15":"product-type-simple"},"jetpack_sharing_enabled":true,"_links":{"self":[{"href":"https:\/\/etev7e.pef.czu.cz\/zs2223\/wp-json\/wp\/v2\/product\/3309","targetHints":{"allow":["GET"]}}],"collection":[{"href":"https:\/\/etev7e.pef.czu.cz\/zs2223\/wp-json\/wp\/v2\/product"}],"about":[{"href":"https:\/\/etev7e.pef.czu.cz\/zs2223\/wp-json\/wp\/v2\/types\/product"}],"replies":[{"embeddable":true,"href":"https:\/\/etev7e.pef.czu.cz\/zs2223\/wp-json\/wp\/v2\/comments?post=3309"}],"wp:featuredmedia":[{"embeddable":true,"href":"https:\/\/etev7e.pef.czu.cz\/zs2223\/wp-json\/wp\/v2\/media\/4004"}],"wp:attachment":[{"href":"https:\/\/etev7e.pef.czu.cz\/zs2223\/wp-json\/wp\/v2\/media?parent=3309"}],"wp:term":[{"taxonomy":"product_brand","embeddable":true,"href":"https:\/\/etev7e.pef.czu.cz\/zs2223\/wp-json\/wp\/v2\/product_brand?post=3309"},{"taxonomy":"product_cat","embeddable":true,"href":"https:\/\/etev7e.pef.czu.cz\/zs2223\/wp-json\/wp\/v2\/product_cat?post=3309"},{"taxonomy":"product_tag","embeddable":true,"href":"https:\/\/etev7e.pef.czu.cz\/zs2223\/wp-json\/wp\/v2\/product_tag?post=3309"}],"curies":[{"name":"wp","href":"https:\/\/api.w.org\/{rel}","templated":true}]}}