{"id":3310,"date":"2023-11-05T21:08:53","date_gmt":"2023-11-05T20:08:53","guid":{"rendered":"https:\/\/etev7e.pef.czu.cz\/zs2223\/?post_type=product&#038;p=3310"},"modified":"2023-11-05T21:08:53","modified_gmt":"2023-11-05T20:08:53","slug":"ruze-sipek-levandule","status":"publish","type":"product","link":"https:\/\/etev7e.pef.czu.cz\/zs2223\/produkt\/ruze-sipek-levandule\/","title":{"rendered":"R\u016f\u017ee, \u0161\u00edpek, levandule"},"content":{"rendered":"<p>Nechte se p\u0159en\u00e9st do rozkvetl\u00e9 zahrady se sojovou sv\u00ed\u010dkou \u2013 r\u016f\u017ee, \u0161\u00edpek, levandule. Sv\u00ed\u010dka, kter\u00e1 disponuje d\u0159ev\u011bn\u00fdm knotem, je 100% p\u0159\u00edrodn\u00ed a ru\u010dn\u011b d\u011blan\u00e1, v\u00e1m rozjasn\u00ed den nasl\u00e1dlou v\u016fn\u00ed \u010derstv\u011b natrhan\u00fdch kv\u011btin, d\u00edky kter\u00e9 se zastav\u00edte, zklidn\u00edte svou mysl, a pln\u011b si u\u017eijete relaxa\u010dn\u00ed atmosf\u00e9ru.<\/p>\n","protected":false},"excerpt":{"rendered":"<p>Nechte se p\u0159en\u00e9st do rozkvetl\u00e9 zahrady se sojovou sv\u00ed\u010dkou \u2013 r\u016f\u017ee, \u0161\u00edpek, levandule.<\/p>\n","protected":false},"featured_media":3311,"comment_status":"open","ping_status":"closed","template":"","meta":[],"product_brand":[],"product_cat":[921],"product_tag":[924,926,283,923,752],"class_list":{"0":"post-3310","1":"product","2":"type-product","3":"status-publish","4":"has-post-thumbnail","6":"product_cat-prirodni-sojove-svicky","7":"product_tag-home-decor","8":"product_tag-kvetiny","9":"product_tag-prirodni","10":"product_tag-sojove","11":"product_tag-vonne-svicky","13":"first","14":"instock","15":"taxable","16":"shipping-taxable","17":"purchasable","18":"product-type-simple"},"jetpack_sharing_enabled":true,"_links":{"self":[{"href":"https:\/\/etev7e.pef.czu.cz\/zs2223\/wp-json\/wp\/v2\/product\/3310","targetHints":{"allow":["GET"]}}],"collection":[{"href":"https:\/\/etev7e.pef.czu.cz\/zs2223\/wp-json\/wp\/v2\/product"}],"about":[{"href":"https:\/\/etev7e.pef.czu.cz\/zs2223\/wp-json\/wp\/v2\/types\/product"}],"replies":[{"embeddable":true,"href":"https:\/\/etev7e.pef.czu.cz\/zs2223\/wp-json\/wp\/v2\/comments?post=3310"}],"wp:featuredmedia":[{"embeddable":true,"href":"https:\/\/etev7e.pef.czu.cz\/zs2223\/wp-json\/wp\/v2\/media\/3311"}],"wp:attachment":[{"href":"https:\/\/etev7e.pef.czu.cz\/zs2223\/wp-json\/wp\/v2\/media?parent=3310"}],"wp:term":[{"taxonomy":"product_brand","embeddable":true,"href":"https:\/\/etev7e.pef.czu.cz\/zs2223\/wp-json\/wp\/v2\/product_brand?post=3310"},{"taxonomy":"product_cat","embeddable":true,"href":"https:\/\/etev7e.pef.czu.cz\/zs2223\/wp-json\/wp\/v2\/product_cat?post=3310"},{"taxonomy":"product_tag","embeddable":true,"href":"https:\/\/etev7e.pef.czu.cz\/zs2223\/wp-json\/wp\/v2\/product_tag?post=3310"}],"curies":[{"name":"wp","href":"https:\/\/api.w.org\/{rel}","templated":true}]}}