{"id":3312,"date":"2023-11-05T21:12:59","date_gmt":"2023-11-05T20:12:59","guid":{"rendered":"https:\/\/etev7e.pef.czu.cz\/zs2223\/?post_type=product&#038;p=3312"},"modified":"2023-11-05T21:13:00","modified_gmt":"2023-11-05T20:13:00","slug":"hluboka-relaxace","status":"publish","type":"product","link":"https:\/\/etev7e.pef.czu.cz\/zs2223\/produkt\/hluboka-relaxace\/","title":{"rendered":"Hlubok\u00e1 relaxace"},"content":{"rendered":"<p>P\u0159\u00edrodn\u00ed s\u00f3jov\u00e1 sv\u00ed\u010dka Hlubok\u00e1 relaxace o objemu 100 ml. Jej\u00ed jemn\u00e1 v\u016fn\u011b spojuje vanilku, uklid\u0148uj\u00edc\u00ed modrou levanduli a sladkou sko\u0159ici, vytv\u00e1\u0159ej\u00edc\u00ed harmonick\u00fd z\u00e1\u017eitek. Sta\u010d\u00ed zap\u00e1lit tuto sv\u00ed\u010dku a nechat se un\u00e9st do sv\u011bta klidu a pohody, kde se starosti rozplynou a relaxace pronikne ka\u017ed\u00fdm centimetrem va\u0161eho bytu.<\/p>\n","protected":false},"excerpt":{"rendered":"<p>P\u0159\u00edrodn\u00ed s\u00f3jov\u00e1 sv\u00ed\u010dka Hlubok\u00e1 relaxace o objemu 100 ml s v\u016fn\u00ed vanilky, levandule a sko\u0159ice.<\/p>\n","protected":false},"featured_media":3314,"comment_status":"open","ping_status":"closed","template":"","meta":[],"product_brand":[],"product_cat":[921],"product_tag":[924,283,928,923,752],"class_list":{"0":"post-3312","1":"product","2":"type-product","3":"status-publish","4":"has-post-thumbnail","6":"product_cat-prirodni-sojove-svicky","7":"product_tag-home-decor","8":"product_tag-prirodni","9":"product_tag-relaxace","10":"product_tag-sojove","11":"product_tag-vonne-svicky","13":"first","14":"instock","15":"taxable","16":"shipping-taxable","17":"purchasable","18":"product-type-simple"},"jetpack_sharing_enabled":true,"_links":{"self":[{"href":"https:\/\/etev7e.pef.czu.cz\/zs2223\/wp-json\/wp\/v2\/product\/3312","targetHints":{"allow":["GET"]}}],"collection":[{"href":"https:\/\/etev7e.pef.czu.cz\/zs2223\/wp-json\/wp\/v2\/product"}],"about":[{"href":"https:\/\/etev7e.pef.czu.cz\/zs2223\/wp-json\/wp\/v2\/types\/product"}],"replies":[{"embeddable":true,"href":"https:\/\/etev7e.pef.czu.cz\/zs2223\/wp-json\/wp\/v2\/comments?post=3312"}],"wp:featuredmedia":[{"embeddable":true,"href":"https:\/\/etev7e.pef.czu.cz\/zs2223\/wp-json\/wp\/v2\/media\/3314"}],"wp:attachment":[{"href":"https:\/\/etev7e.pef.czu.cz\/zs2223\/wp-json\/wp\/v2\/media?parent=3312"}],"wp:term":[{"taxonomy":"product_brand","embeddable":true,"href":"https:\/\/etev7e.pef.czu.cz\/zs2223\/wp-json\/wp\/v2\/product_brand?post=3312"},{"taxonomy":"product_cat","embeddable":true,"href":"https:\/\/etev7e.pef.czu.cz\/zs2223\/wp-json\/wp\/v2\/product_cat?post=3312"},{"taxonomy":"product_tag","embeddable":true,"href":"https:\/\/etev7e.pef.czu.cz\/zs2223\/wp-json\/wp\/v2\/product_tag?post=3312"}],"curies":[{"name":"wp","href":"https:\/\/api.w.org\/{rel}","templated":true}]}}