{"id":3313,"date":"2023-11-05T21:13:58","date_gmt":"2023-11-05T20:13:58","guid":{"rendered":"https:\/\/etev7e.pef.czu.cz\/zs2223\/?post_type=product&#038;p=3313"},"modified":"2023-11-08T16:30:06","modified_gmt":"2023-11-08T15:30:06","slug":"cistici-gel-do-mycky","status":"publish","type":"product","link":"https:\/\/etev7e.pef.czu.cz\/zs2223\/produkt\/cistici-gel-do-mycky\/","title":{"rendered":"\u010cist\u00edc\u00ed gel do my\u010dky Finish"},"content":{"rendered":"<p>gel do my\u010dky n\u00e1dob\u00ed pom\u00e1h\u00e1 \u010distit a zajist\u00ed lesk a v\u016fni<\/p>\n","protected":false},"excerpt":{"rendered":"<p><span id=\"yui_3_17_2_1_1699213516863_49\"><span id=\"yui_3_17_2_1_1699213516863_48\">gel do my\u010dky n\u00e1dob\u00ed<\/span><\/span><\/p>\n","protected":false},"featured_media":4002,"comment_status":"open","ping_status":"closed","template":"","meta":[],"product_brand":[],"product_cat":[922],"product_tag":[238,929,927],"class_list":{"0":"post-3313","1":"product","2":"type-product","3":"status-publish","4":"has-post-thumbnail","6":"product_cat-drogerie-a-cistici-prostredky","7":"product_tag-cistici-prostredky","8":"product_tag-mycka","9":"product_tag-nadobi","11":"first","12":"instock","13":"taxable","14":"shipping-taxable","15":"purchasable","16":"product-type-simple"},"jetpack_sharing_enabled":true,"_links":{"self":[{"href":"https:\/\/etev7e.pef.czu.cz\/zs2223\/wp-json\/wp\/v2\/product\/3313","targetHints":{"allow":["GET"]}}],"collection":[{"href":"https:\/\/etev7e.pef.czu.cz\/zs2223\/wp-json\/wp\/v2\/product"}],"about":[{"href":"https:\/\/etev7e.pef.czu.cz\/zs2223\/wp-json\/wp\/v2\/types\/product"}],"replies":[{"embeddable":true,"href":"https:\/\/etev7e.pef.czu.cz\/zs2223\/wp-json\/wp\/v2\/comments?post=3313"}],"wp:featuredmedia":[{"embeddable":true,"href":"https:\/\/etev7e.pef.czu.cz\/zs2223\/wp-json\/wp\/v2\/media\/4002"}],"wp:attachment":[{"href":"https:\/\/etev7e.pef.czu.cz\/zs2223\/wp-json\/wp\/v2\/media?parent=3313"}],"wp:term":[{"taxonomy":"product_brand","embeddable":true,"href":"https:\/\/etev7e.pef.czu.cz\/zs2223\/wp-json\/wp\/v2\/product_brand?post=3313"},{"taxonomy":"product_cat","embeddable":true,"href":"https:\/\/etev7e.pef.czu.cz\/zs2223\/wp-json\/wp\/v2\/product_cat?post=3313"},{"taxonomy":"product_tag","embeddable":true,"href":"https:\/\/etev7e.pef.czu.cz\/zs2223\/wp-json\/wp\/v2\/product_tag?post=3313"}],"curies":[{"name":"wp","href":"https:\/\/api.w.org\/{rel}","templated":true}]}}