{"id":3321,"date":"2023-11-05T21:22:13","date_gmt":"2023-11-05T20:22:13","guid":{"rendered":"https:\/\/etev7e.pef.czu.cz\/zs2223\/?post_type=product&#038;p=3321"},"modified":"2023-11-08T16:29:24","modified_gmt":"2023-11-08T15:29:24","slug":"lestidlo-finish-shine-protect-lemon","status":"publish","type":"product","link":"https:\/\/etev7e.pef.czu.cz\/zs2223\/produkt\/lestidlo-finish-shine-protect-lemon\/","title":{"rendered":"Le\u0161tidlo Finish Shine &amp; Protect Lemon"},"content":{"rendered":"<p>Le\u0161tidlo Finish &amp; Protect Lemon urychluje schnut\u00ed a zabra\u0148uje ulp\u00edv\u00e1n\u00ed kapek vody na skle, odstra\u0148uje \u0161mouhy a zbyl\u00e9 ne\u010distoty. Dod\u00e1v\u00e1 n\u00e1dob\u00ed lesk a \u010distotu<\/p>\n","protected":false},"excerpt":{"rendered":"<p><span id=\"yui_3_17_2_1_1699213516863_88\"><span id=\"yui_3_17_2_1_1699213516863_87\"><span id=\"yui_3_17_2_1_1699213516863_86\">Dod\u00e1v\u00e1 n\u00e1dob\u00ed lesk a \u010distotu<\/span><\/span><\/span><\/p>\n","protected":false},"featured_media":4003,"comment_status":"open","ping_status":"closed","template":"","meta":[],"product_brand":[],"product_cat":[922],"product_tag":[931,929],"class_list":{"0":"post-3321","1":"product","2":"type-product","3":"status-publish","4":"has-post-thumbnail","6":"product_cat-drogerie-a-cistici-prostredky","7":"product_tag-lestidlo-do-mycky","8":"product_tag-mycka","10":"first","11":"instock","12":"taxable","13":"shipping-taxable","14":"purchasable","15":"product-type-simple"},"jetpack_sharing_enabled":true,"_links":{"self":[{"href":"https:\/\/etev7e.pef.czu.cz\/zs2223\/wp-json\/wp\/v2\/product\/3321","targetHints":{"allow":["GET"]}}],"collection":[{"href":"https:\/\/etev7e.pef.czu.cz\/zs2223\/wp-json\/wp\/v2\/product"}],"about":[{"href":"https:\/\/etev7e.pef.czu.cz\/zs2223\/wp-json\/wp\/v2\/types\/product"}],"replies":[{"embeddable":true,"href":"https:\/\/etev7e.pef.czu.cz\/zs2223\/wp-json\/wp\/v2\/comments?post=3321"}],"wp:featuredmedia":[{"embeddable":true,"href":"https:\/\/etev7e.pef.czu.cz\/zs2223\/wp-json\/wp\/v2\/media\/4003"}],"wp:attachment":[{"href":"https:\/\/etev7e.pef.czu.cz\/zs2223\/wp-json\/wp\/v2\/media?parent=3321"}],"wp:term":[{"taxonomy":"product_brand","embeddable":true,"href":"https:\/\/etev7e.pef.czu.cz\/zs2223\/wp-json\/wp\/v2\/product_brand?post=3321"},{"taxonomy":"product_cat","embeddable":true,"href":"https:\/\/etev7e.pef.czu.cz\/zs2223\/wp-json\/wp\/v2\/product_cat?post=3321"},{"taxonomy":"product_tag","embeddable":true,"href":"https:\/\/etev7e.pef.czu.cz\/zs2223\/wp-json\/wp\/v2\/product_tag?post=3321"}],"curies":[{"name":"wp","href":"https:\/\/api.w.org\/{rel}","templated":true}]}}