{"id":3324,"date":"2023-11-05T21:24:38","date_gmt":"2023-11-05T20:24:38","guid":{"rendered":"https:\/\/etev7e.pef.czu.cz\/zs2223\/?post_type=product&#038;p=3324"},"modified":"2023-11-08T16:28:33","modified_gmt":"2023-11-08T15:28:33","slug":"sul-do-mycky-hrubozrnna-w5","status":"publish","type":"product","link":"https:\/\/etev7e.pef.czu.cz\/zs2223\/produkt\/sul-do-mycky-hrubozrnna-w5\/","title":{"rendered":"S\u016fl do my\u010dky hrubozrnn\u00e1 W5"},"content":{"rendered":"<p>W5 speci\u00e1ln\u00ed s\u016fl do my\u010dky obsahuje s\u016fl vyzna\u010duj\u00edc\u00ed vysokou \u010distotou: v\u00edce ne\u017e 99%. S\u016fl \u00fa\u010dinn\u011b zm\u011bk\u010duje vodu, snadno a \u00fapln\u011b rozpou\u0161t\u00ed. V\u00fdrobek spl\u0148uje po\u017eadavky normy: EN 973.<\/p>\n","protected":false},"excerpt":{"rendered":"<p>Zm\u011bk\u010dovadlo do my\u010dky<\/p>\n","protected":false},"featured_media":4005,"comment_status":"open","ping_status":"closed","template":"","meta":[],"product_brand":[],"product_cat":[922],"product_tag":[929,927],"class_list":{"0":"post-3324","1":"product","2":"type-product","3":"status-publish","4":"has-post-thumbnail","6":"product_cat-drogerie-a-cistici-prostredky","7":"product_tag-mycka","8":"product_tag-nadobi","10":"first","11":"instock","12":"taxable","13":"shipping-taxable","14":"purchasable","15":"product-type-simple"},"jetpack_sharing_enabled":true,"_links":{"self":[{"href":"https:\/\/etev7e.pef.czu.cz\/zs2223\/wp-json\/wp\/v2\/product\/3324","targetHints":{"allow":["GET"]}}],"collection":[{"href":"https:\/\/etev7e.pef.czu.cz\/zs2223\/wp-json\/wp\/v2\/product"}],"about":[{"href":"https:\/\/etev7e.pef.czu.cz\/zs2223\/wp-json\/wp\/v2\/types\/product"}],"replies":[{"embeddable":true,"href":"https:\/\/etev7e.pef.czu.cz\/zs2223\/wp-json\/wp\/v2\/comments?post=3324"}],"wp:featuredmedia":[{"embeddable":true,"href":"https:\/\/etev7e.pef.czu.cz\/zs2223\/wp-json\/wp\/v2\/media\/4005"}],"wp:attachment":[{"href":"https:\/\/etev7e.pef.czu.cz\/zs2223\/wp-json\/wp\/v2\/media?parent=3324"}],"wp:term":[{"taxonomy":"product_brand","embeddable":true,"href":"https:\/\/etev7e.pef.czu.cz\/zs2223\/wp-json\/wp\/v2\/product_brand?post=3324"},{"taxonomy":"product_cat","embeddable":true,"href":"https:\/\/etev7e.pef.czu.cz\/zs2223\/wp-json\/wp\/v2\/product_cat?post=3324"},{"taxonomy":"product_tag","embeddable":true,"href":"https:\/\/etev7e.pef.czu.cz\/zs2223\/wp-json\/wp\/v2\/product_tag?post=3324"}],"curies":[{"name":"wp","href":"https:\/\/api.w.org\/{rel}","templated":true}]}}