{"id":3343,"date":"2023-11-06T07:41:36","date_gmt":"2023-11-06T06:41:36","guid":{"rendered":"https:\/\/etev7e.pef.czu.cz\/zs2223\/?post_type=product&#038;p=3343"},"modified":"2023-11-06T18:35:52","modified_gmt":"2023-11-06T17:35:52","slug":"brooks-glycerin-20-moroccan-blue-black-spring-bud","status":"publish","type":"product","link":"https:\/\/etev7e.pef.czu.cz\/zs2223\/produkt\/brooks-glycerin-20-moroccan-blue-black-spring-bud\/","title":{"rendered":"Silni\u010dn\u00ed b\u011b\u017eeck\u00e1 obuv \/ Brooks Glycerin 20 Moroccan Blue\/Black\/Spring Bud"},"content":{"rendered":"<p>Silni\u010dn\u00ed, hodn\u011b tlumen\u00fd model Glycerin nab\u00edz\u00ed bezkonkuren\u010dn\u00ed m\u011bkkost a z\u00e1rove\u0148 stabilitu. P\u011bnov\u00e1 sm\u011bs v\u00a0mezipode\u0161vi DNA LOFT p\u0159in\u00e1\u0161\u00ed \u00fa\u017easnou m\u011bkkost od prvn\u00edho a\u017e do posledn\u00edho kilometru. Model Glycerin je vhodn\u00fd na ka\u017edodenn\u00ed tr\u00e9nink p\u0159ev\u00e1\u017en\u011b po tvrd\u00fdch, zpevn\u011bn\u00fdch cest\u00e1ch. Vzhledem k\u00a0velk\u00e9 m\u00ed\u0159e tlumen\u00ed a celkov\u00e9 konstrukci boty je vhodn\u011bj\u0161\u00ed na dlouh\u00e9 pomalej\u0161\u00ed b\u011bhy.<\/p>\n<p>O pohodl\u00ed ve vnit\u0159ku boty se star\u00e1 pod\u0161\u00edvka Ortholite, kter\u00e1 poskytuje \u00fa\u017easn\u00e9 pohodl\u00ed ji\u017e p\u0159i prvn\u00edm nazut\u00ed.<\/p>\n<p><strong>Parametry produktu:<\/strong><\/p>\n<ul id=\"yui_3_17_2_1_1699251752178_35\">\n<li>Drop: 10 mm a v\u00edce<\/li>\n<li>Povrch, pou\u017eit\u00ed: silnice, m\u011bsto a park, b\u011b\u017eeck\u00fd p\u00e1s<\/li>\n<li>Aktivita: objemov\u00fd tr\u00e9nink, ultramaraton, maraton<\/li>\n<li>Barva: modr\u00e1, zelen\u00e1<\/li>\n<li>Tlumen\u00ed: maxim\u00e1ln\u00ed<\/li>\n<li id=\"yui_3_17_2_1_1699251752178_36\">Vlastnosti: maxim\u00e1ln\u00ed tlumen\u00ed<\/li>\n<li>\u0160\u00ed\u0159ka chodidla: st\u0159edn\u00ed<\/li>\n<li>Mezipode\u0161ev\/tlumen\u00ed: DNA LOFT<\/li>\n<\/ul>\n","protected":false},"excerpt":{"rendered":"<p>Silni\u010dn\u00ed, hodn\u011b tlumen\u00fd model Glycerin nab\u00edz\u00ed bezkonkuren\u010dn\u00ed m\u011bkkost a z\u00e1rove\u0148 stabilitu. P\u011bnov\u00e1 sm\u011bs v\u00a0mezipode\u0161vi DNA LOFT p\u0159in\u00e1\u0161\u00ed \u00fa\u017easnou m\u011bkkost od prvn\u00edho a\u017e do posledn\u00edho kilometru.<\/p>\n","protected":false},"featured_media":3344,"comment_status":"open","ping_status":"closed","template":"","meta":[],"product_brand":[],"product_cat":[955,829,939],"product_tag":[180,119,691,935,350,705],"class_list":{"0":"post-3343","1":"product","2":"type-product","3":"status-publish","4":"has-post-thumbnail","6":"product_cat-bezecke-boty","7":"product_cat-outdoor-vybaveni","8":"product_cat-sportovni-a-bezecka-obuv","9":"product_tag-beh","10":"product_tag-bezecka-obuv","11":"product_tag-obuv","12":"product_tag-outdoor","13":"product_tag-sport","14":"product_tag-tlumeni-narazu-a-otresu","16":"first","17":"instock","18":"taxable","19":"shipping-taxable","20":"purchasable","21":"product-type-variable"},"jetpack_sharing_enabled":true,"_links":{"self":[{"href":"https:\/\/etev7e.pef.czu.cz\/zs2223\/wp-json\/wp\/v2\/product\/3343","targetHints":{"allow":["GET"]}}],"collection":[{"href":"https:\/\/etev7e.pef.czu.cz\/zs2223\/wp-json\/wp\/v2\/product"}],"about":[{"href":"https:\/\/etev7e.pef.czu.cz\/zs2223\/wp-json\/wp\/v2\/types\/product"}],"replies":[{"embeddable":true,"href":"https:\/\/etev7e.pef.czu.cz\/zs2223\/wp-json\/wp\/v2\/comments?post=3343"}],"wp:featuredmedia":[{"embeddable":true,"href":"https:\/\/etev7e.pef.czu.cz\/zs2223\/wp-json\/wp\/v2\/media\/3344"}],"wp:attachment":[{"href":"https:\/\/etev7e.pef.czu.cz\/zs2223\/wp-json\/wp\/v2\/media?parent=3343"}],"wp:term":[{"taxonomy":"product_brand","embeddable":true,"href":"https:\/\/etev7e.pef.czu.cz\/zs2223\/wp-json\/wp\/v2\/product_brand?post=3343"},{"taxonomy":"product_cat","embeddable":true,"href":"https:\/\/etev7e.pef.czu.cz\/zs2223\/wp-json\/wp\/v2\/product_cat?post=3343"},{"taxonomy":"product_tag","embeddable":true,"href":"https:\/\/etev7e.pef.czu.cz\/zs2223\/wp-json\/wp\/v2\/product_tag?post=3343"}],"curies":[{"name":"wp","href":"https:\/\/api.w.org\/{rel}","templated":true}]}}