{"id":3345,"date":"2023-11-06T07:58:08","date_gmt":"2023-11-06T06:58:08","guid":{"rendered":"https:\/\/etev7e.pef.czu.cz\/zs2223\/?post_type=product&#038;p=3345"},"modified":"2023-11-06T18:33:06","modified_gmt":"2023-11-06T17:33:06","slug":"hoka-challenger-atr-7-diva-blue-evening-primrose","status":"publish","type":"product","link":"https:\/\/etev7e.pef.czu.cz\/zs2223\/produkt\/hoka-challenger-atr-7-diva-blue-evening-primrose\/","title":{"rendered":"Univerz\u00e1ln\u00ed b\u011b\u017eeck\u00e1 obuv- sm\u00ed\u0161en\u00fd povrch \/Hoka Challenger ATR 7 Diva Blue\/Evening Primrose"},"content":{"rendered":"<p>Zna\u010dka Hoka je typick\u00e1 neopakovateln\u00fdm tlumen\u00edm a lehkost\u00ed. Model Challenger nen\u00ed v\u00fdjimkou. Ji\u017e sedm\u00e1 generace tohoto modelu vynik\u00e1 univerz\u00e1lnost\u00ed. Model m\u00e1 unik\u00e1tn\u00ed geometrii velice tlumen\u00e9 mezipode\u0161ve a se sv\u00fdm dostate\u010dn\u00fdm vzorkem se tato bota neztrat\u00ed jak na silnici, tak v\u00a0leh\u010d\u00edm trailu. Model je vhodn\u00fd pro lidi co hledaj\u00ed pohodlnou, tlumen\u011bj\u0161\u00ed botu, s\u00a0kterou budou cht\u00edt b\u011b\u017eet nejenom po tvrd\u0161\u00edch m\u011bstsk\u00fdch cest\u00e1ch ale z\u00e1rove\u0148 tak\u00e9 v leh\u010d\u00edm trailu.<\/p>\n<p><strong>Parametry produktu:<\/strong><\/p>\n<ul id=\"yui_3_17_2_1_1699251752178_42\">\n<li>Drop: 5 mm<\/li>\n<li>Povrch, pou\u017eit\u00ed: trail, lesn\u00ed a poln\u00ed cesty, m\u011bsto a park<\/li>\n<li>Aktivita: objemov\u00fd tr\u00e9nink, hiking, trailrunning<\/li>\n<li>Barva: \u017elut\u00e1, oran\u017eov\u00e1, tyrkysov\u00e1, modr\u00e1<\/li>\n<li>Tlumen\u00ed: maxim\u00e1ln\u00ed<\/li>\n<li>Vlastnosti: maxim\u00e1ln\u00ed tlumen\u00ed, nenas\u00e1kav\u00fd svr\u0161ek<\/li>\n<li>\u0160\u00ed\u0159ka chodidla: st\u0159edn\u00ed<\/li>\n<li>Mezipode\u0161ev\/tlumen\u00ed: p\u011bna CMEVA (poskytuje stabilitu a efektivn\u011b absorbuje n\u00e1razy)<\/li>\n<li><strong>Velikosti:<\/strong>\u00a042; 42 2\/3; 43 1\/3; 45 1\/3<\/li>\n<\/ul>\n","protected":false},"excerpt":{"rendered":"<h3 id=\"yui_3_17_2_1_1699251752178_39\">Univerz\u00e1ln\u00ed b\u011b\u017eeck\u00e1 obuv \u2013 sm\u00ed\u0161en\u00fd povrch<\/h3>\n<p>&nbsp;<\/p>\n","protected":false},"featured_media":3350,"comment_status":"open","ping_status":"closed","template":"","meta":[],"product_brand":[],"product_cat":[955,829,939],"product_tag":[180,119,691,935,350,705],"class_list":{"0":"post-3345","1":"product","2":"type-product","3":"status-publish","4":"has-post-thumbnail","6":"product_cat-bezecke-boty","7":"product_cat-outdoor-vybaveni","8":"product_cat-sportovni-a-bezecka-obuv","9":"product_tag-beh","10":"product_tag-bezecka-obuv","11":"product_tag-obuv","12":"product_tag-outdoor","13":"product_tag-sport","14":"product_tag-tlumeni-narazu-a-otresu","16":"first","17":"instock","18":"taxable","19":"shipping-taxable","20":"purchasable","21":"product-type-variable"},"jetpack_sharing_enabled":true,"_links":{"self":[{"href":"https:\/\/etev7e.pef.czu.cz\/zs2223\/wp-json\/wp\/v2\/product\/3345","targetHints":{"allow":["GET"]}}],"collection":[{"href":"https:\/\/etev7e.pef.czu.cz\/zs2223\/wp-json\/wp\/v2\/product"}],"about":[{"href":"https:\/\/etev7e.pef.czu.cz\/zs2223\/wp-json\/wp\/v2\/types\/product"}],"replies":[{"embeddable":true,"href":"https:\/\/etev7e.pef.czu.cz\/zs2223\/wp-json\/wp\/v2\/comments?post=3345"}],"wp:featuredmedia":[{"embeddable":true,"href":"https:\/\/etev7e.pef.czu.cz\/zs2223\/wp-json\/wp\/v2\/media\/3350"}],"wp:attachment":[{"href":"https:\/\/etev7e.pef.czu.cz\/zs2223\/wp-json\/wp\/v2\/media?parent=3345"}],"wp:term":[{"taxonomy":"product_brand","embeddable":true,"href":"https:\/\/etev7e.pef.czu.cz\/zs2223\/wp-json\/wp\/v2\/product_brand?post=3345"},{"taxonomy":"product_cat","embeddable":true,"href":"https:\/\/etev7e.pef.czu.cz\/zs2223\/wp-json\/wp\/v2\/product_cat?post=3345"},{"taxonomy":"product_tag","embeddable":true,"href":"https:\/\/etev7e.pef.czu.cz\/zs2223\/wp-json\/wp\/v2\/product_tag?post=3345"}],"curies":[{"name":"wp","href":"https:\/\/api.w.org\/{rel}","templated":true}]}}