{"id":3362,"date":"2023-11-06T09:34:55","date_gmt":"2023-11-06T08:34:55","guid":{"rendered":"https:\/\/etev7e.pef.czu.cz\/zs2223\/?post_type=product&#038;p=3362"},"modified":"2023-11-06T14:04:11","modified_gmt":"2023-11-06T13:04:11","slug":"telove-mleko","status":"publish","type":"product","link":"https:\/\/etev7e.pef.czu.cz\/zs2223\/produkt\/telove-mleko\/","title":{"rendered":"T\u011blov\u00e9 ml\u00e9ko"},"content":{"rendered":"<p>Sv\u011b\u017e\u00ed jako rozkvetl\u00e1 kv\u011btina! Toto zcela nov\u00e9 t\u011blov\u00e9 ml\u00e9ko je pe\u010dliv\u011b vyvinuto pro poko\u017eku hebkou jako okv\u011btn\u00ed l\u00edstky a z\u00e1rove\u0148 poskytuje 48 hodin bla\u017een\u00e9 hydratace. Je obohaceno o 10 % sm\u011bs vitam\u00edn\u016f a v\u00fdta\u017eek z r\u016f\u017e\u00ed z etick\u00fdch zdroj\u016f, kter\u00e9 dopl\u0148uj\u00ed, zjem\u0148uj\u00ed a pom\u00e1haj\u00ed posilovat ochrannou bari\u00e9ru va\u0161\u00ed poko\u017eky. V\u00fdsledek? Kr\u00e1sn\u00e1 ple\u0165, kter\u00e1 vypad\u00e1 a je hebk\u00e1 jako okv\u011btn\u00ed l\u00edstky.<\/p>\n<p>Objem: 400 ml<\/p>\n","protected":false},"excerpt":{"rendered":"<p>Hydrata\u010dn\u00ed t\u011blov\u00e9 ml\u00e9ko s v\u00fddr\u017e\u00ed a\u017e 48 hodin.<\/p>\n","protected":false},"featured_media":3368,"comment_status":"open","ping_status":"closed","template":"","meta":[],"product_brand":[],"product_cat":[936],"product_tag":[866,943,940,942,725,941],"class_list":{"0":"post-3362","1":"product","2":"type-product","3":"status-publish","4":"has-post-thumbnail","6":"product_cat-pece-o-telo","7":"product_tag-hydratace","8":"product_tag-kosmetika","9":"product_tag-mleko","10":"product_tag-pece","11":"product_tag-pece-o-plet","12":"product_tag-telo","14":"first","15":"instock","16":"taxable","17":"shipping-taxable","18":"purchasable","19":"product-type-simple"},"jetpack_sharing_enabled":true,"_links":{"self":[{"href":"https:\/\/etev7e.pef.czu.cz\/zs2223\/wp-json\/wp\/v2\/product\/3362","targetHints":{"allow":["GET"]}}],"collection":[{"href":"https:\/\/etev7e.pef.czu.cz\/zs2223\/wp-json\/wp\/v2\/product"}],"about":[{"href":"https:\/\/etev7e.pef.czu.cz\/zs2223\/wp-json\/wp\/v2\/types\/product"}],"replies":[{"embeddable":true,"href":"https:\/\/etev7e.pef.czu.cz\/zs2223\/wp-json\/wp\/v2\/comments?post=3362"}],"wp:featuredmedia":[{"embeddable":true,"href":"https:\/\/etev7e.pef.czu.cz\/zs2223\/wp-json\/wp\/v2\/media\/3368"}],"wp:attachment":[{"href":"https:\/\/etev7e.pef.czu.cz\/zs2223\/wp-json\/wp\/v2\/media?parent=3362"}],"wp:term":[{"taxonomy":"product_brand","embeddable":true,"href":"https:\/\/etev7e.pef.czu.cz\/zs2223\/wp-json\/wp\/v2\/product_brand?post=3362"},{"taxonomy":"product_cat","embeddable":true,"href":"https:\/\/etev7e.pef.czu.cz\/zs2223\/wp-json\/wp\/v2\/product_cat?post=3362"},{"taxonomy":"product_tag","embeddable":true,"href":"https:\/\/etev7e.pef.czu.cz\/zs2223\/wp-json\/wp\/v2\/product_tag?post=3362"}],"curies":[{"name":"wp","href":"https:\/\/api.w.org\/{rel}","templated":true}]}}