{"id":3363,"date":"2023-11-06T09:22:02","date_gmt":"2023-11-06T08:22:02","guid":{"rendered":"https:\/\/etev7e.pef.czu.cz\/zs2223\/?post_type=product&#038;p=3363"},"modified":"2023-11-06T18:31:01","modified_gmt":"2023-11-06T17:31:01","slug":"salomon-thundercross-black-quiet-shade-fiery-coral","status":"publish","type":"product","link":"https:\/\/etev7e.pef.czu.cz\/zs2223\/produkt\/salomon-thundercross-black-quiet-shade-fiery-coral\/","title":{"rendered":"Trailov\u00e1 b\u011b\u017eeck\u00e1 obuv \/Salomon Thundercross Black\/Quiet Shade\/Fiery Coral"},"content":{"rendered":"<p id=\"yui_3_17_2_1_1699251752178_43\">Model Thundercross je typickou trailovou botou od Salomonu. Je charakteristick\u00fd skv\u011bl\u00fdm vzorkem s\u00a0perfektn\u00ed p\u0159ilnavost\u00ed a zejm\u00e9na p\u0159esn\u00fdm dr\u017een\u00edm nohy i v\u00a0tom nejn\u00e1ro\u010dn\u011bj\u0161\u00edm ter\u00e9nu. \u0160punty s\u00a0v\u00fd\u0161kou 5 mm byly testov\u00e1ny v\u00a0n\u00e1ro\u010dn\u00e9m alpsk\u00e9m ter\u00e9nu od kopcovit\u00e9ho a\u017e po n\u00e1ro\u010dn\u00fd kamenit\u00fd ter\u00e9n. Model je vhodn\u00fd tak\u00e9 na turistiku, jeliko\u017e je dostate\u010dn\u011b m\u011bkk\u00fd a dob\u0159e dr\u017e\u00ed na chodidle.<\/p>\n<p><strong>Parametry produktu:<\/strong><\/p>\n<ul id=\"yui_3_17_2_1_1699251752178_45\">\n<li>Hmotnost: 290 g<\/li>\n<li>Drop: 4 mm<\/li>\n<li>Povrch, pou\u017eit\u00ed: trail, horsk\u00fd ter\u00e9n, lesn\u00ed a poln\u00ed cesty<\/li>\n<li>Aktivita: trailrunning, ultra trail, horsk\u00fd maraton, turistika\/treking<\/li>\n<li>Barva: \u010dern\u00e1<\/li>\n<li>Tlumen\u00ed: st\u0159edn\u00ed<\/li>\n<li>Vlastnosti: st\u0159edn\u00ed tlumen\u00ed, p\u0159ilnav\u00fd svr\u0161ek boty<\/li>\n<li>\u0160\u00ed\u0159ka chodidla: st\u0159edn\u00ed<\/li>\n<li id=\"yui_3_17_2_1_1699251752178_44\">Mezipode\u0161ev\/tlumen\u00ed: Contagrip Ma, Optivibe<\/li>\n<\/ul>\n","protected":false},"excerpt":{"rendered":"<h3 id=\"yui_3_17_2_1_1699251752178_48\">Trailov\u00e1 b\u011b\u017eeck\u00e1 obuv<\/h3>\n<p>Model Thundercross je typickou trailovou botou od Salomonu. Je charakteristick\u00fd skv\u011bl\u00fdm vzorkem s\u00a0perfektn\u00ed p\u0159ilnavost\u00ed a zejm\u00e9na p\u0159esn\u00fdm dr\u017een\u00edm nohy i v\u00a0tom nejn\u00e1ro\u010dn\u011bj\u0161\u00edm ter\u00e9nu.<\/p>\n","protected":false},"featured_media":3340,"comment_status":"open","ping_status":"closed","template":"","meta":[],"product_brand":[],"product_cat":[955,829,939],"product_tag":[180,119,691,935,350,705],"class_list":{"0":"post-3363","1":"product","2":"type-product","3":"status-publish","4":"has-post-thumbnail","6":"product_cat-bezecke-boty","7":"product_cat-outdoor-vybaveni","8":"product_cat-sportovni-a-bezecka-obuv","9":"product_tag-beh","10":"product_tag-bezecka-obuv","11":"product_tag-obuv","12":"product_tag-outdoor","13":"product_tag-sport","14":"product_tag-tlumeni-narazu-a-otresu","16":"first","17":"instock","18":"taxable","19":"shipping-taxable","20":"purchasable","21":"product-type-variable"},"jetpack_sharing_enabled":true,"_links":{"self":[{"href":"https:\/\/etev7e.pef.czu.cz\/zs2223\/wp-json\/wp\/v2\/product\/3363","targetHints":{"allow":["GET"]}}],"collection":[{"href":"https:\/\/etev7e.pef.czu.cz\/zs2223\/wp-json\/wp\/v2\/product"}],"about":[{"href":"https:\/\/etev7e.pef.czu.cz\/zs2223\/wp-json\/wp\/v2\/types\/product"}],"replies":[{"embeddable":true,"href":"https:\/\/etev7e.pef.czu.cz\/zs2223\/wp-json\/wp\/v2\/comments?post=3363"}],"wp:featuredmedia":[{"embeddable":true,"href":"https:\/\/etev7e.pef.czu.cz\/zs2223\/wp-json\/wp\/v2\/media\/3340"}],"wp:attachment":[{"href":"https:\/\/etev7e.pef.czu.cz\/zs2223\/wp-json\/wp\/v2\/media?parent=3363"}],"wp:term":[{"taxonomy":"product_brand","embeddable":true,"href":"https:\/\/etev7e.pef.czu.cz\/zs2223\/wp-json\/wp\/v2\/product_brand?post=3363"},{"taxonomy":"product_cat","embeddable":true,"href":"https:\/\/etev7e.pef.czu.cz\/zs2223\/wp-json\/wp\/v2\/product_cat?post=3363"},{"taxonomy":"product_tag","embeddable":true,"href":"https:\/\/etev7e.pef.czu.cz\/zs2223\/wp-json\/wp\/v2\/product_tag?post=3363"}],"curies":[{"name":"wp","href":"https:\/\/api.w.org\/{rel}","templated":true}]}}