{"id":3366,"date":"2023-11-06T09:27:13","date_gmt":"2023-11-06T08:27:13","guid":{"rendered":"https:\/\/etev7e.pef.czu.cz\/zs2223\/?post_type=product&#038;p=3366"},"modified":"2023-11-07T10:59:46","modified_gmt":"2023-11-07T09:59:46","slug":"bezecka-obuv-s-nulovym-dropem-altra-lone-peak-7-navy","status":"publish","type":"product","link":"https:\/\/etev7e.pef.czu.cz\/zs2223\/produkt\/bezecka-obuv-s-nulovym-dropem-altra-lone-peak-7-navy\/","title":{"rendered":"B\u011b\u017eeck\u00e1 obuv s nulov\u00fdm dropem- Altra Lone peak 7 Navy"},"content":{"rendered":"<p>Zna\u010dka Altra je charakteristick\u00e1 nulov\u00fdm dropem a \u0161irokou \u0161pi\u010dkou na dlouh\u00e9 turistick\u00e9 v\u00fdlety a b\u011bhy. Model Lone Peak si zachov\u00e1v\u00e1 sv\u00e9 charakteristick\u00e9 vlastnosti: \u0161irok\u00e1 \u0161pi\u010dka, pohodln\u00fd svr\u0161ek boty a samotn\u00e1 lehkost boty. V\u00a0porovn\u00e1n\u00ed s\u00a0p\u0159ede\u0161lou verz\u00ed je flexibiln\u011bj\u0161\u00ed. Podr\u00e1\u017eka boty chr\u00e1n\u011bn\u00e1 vrstvou Stone guard s\u00a0podporou technologie Maxtrac se \u0161punty na podr\u00e1\u017ece se postar\u00e1 o vynikaj\u00edc\u00ed trakci v\u00a0trailov\u00e9m prost\u0159ed\u00ed. Charakteristick\u00e9 pro Lone peak 7 je tak\u00e9 velmi m\u011bkk\u00e9 tlumen\u00ed o v\u00fd\u0161ce 25 mm.<br \/>\nPokud hled\u00e1te \u0161irokou botu minimalisti\u010dt\u011bj\u0161\u00edho charakteru s\u00a0v\u011bt\u0161\u00ed m\u00edrou tlumen\u00ed, tak bude pro v\u00e1s Lone peak 7 spr\u00e1vnou volbou.<\/p>\n<p><strong>Parametry produktu:<\/strong><\/p>\n<ul>\n<li>Hmotnost: 300 g<\/li>\n<li>Drop: 0 mm<\/li>\n<li>Povrch, pou\u017eit\u00ed: trail, lesn\u00ed a poln\u00ed cesty, m\u011bsto a park, turistika\/trekking, hiking\/fastpacking<\/li>\n<li>Aktivita: objemov\u00fd tr\u00e9nink, trailrunning, turistika\/trekking, hiking\/fastpacking<\/li>\n<li>Barva: modr\u00e1<\/li>\n<li>Tlumen\u00ed: st\u0159edn\u00ed<\/li>\n<li>Vlastnosti: nulov\u00fd drop<\/li>\n<li>\u0160\u00ed\u0159ka chodidla: \u0161irok\u00e9<\/li>\n<li>Mezipode\u0161ev\/tlumen\u00ed: MaxTrac<\/li>\n<\/ul>\n","protected":false},"excerpt":{"rendered":"<h3 id=\"yui_3_17_2_1_1699251752178_49\">B\u011b\u017eeck\u00e1 obuv s nulov\u00fdm dropem<\/h3>\n<p>Zna\u010dka Altra je charakteristick\u00e1 nulov\u00fdm dropem a \u0161irokou \u0161pi\u010dkou na dlouh\u00e9 turistick\u00e9 v\u00fdlety a b\u011bhy. Model Lone Peak si zachov\u00e1v\u00e1 sv\u00e9 charakteristick\u00e9 vlastnosti: \u0161irok\u00e1 \u0161pi\u010dka, pohodln\u00fd svr\u0161ek boty a samotn\u00e1 lehkost boty.<\/p>\n","protected":false},"featured_media":3367,"comment_status":"open","ping_status":"closed","template":"","meta":[],"product_brand":[],"product_cat":[955,829,939],"product_tag":[180,119,691,935,350,705],"class_list":{"0":"post-3366","1":"product","2":"type-product","3":"status-publish","4":"has-post-thumbnail","6":"product_cat-bezecke-boty","7":"product_cat-outdoor-vybaveni","8":"product_cat-sportovni-a-bezecka-obuv","9":"product_tag-beh","10":"product_tag-bezecka-obuv","11":"product_tag-obuv","12":"product_tag-outdoor","13":"product_tag-sport","14":"product_tag-tlumeni-narazu-a-otresu","16":"first","17":"instock","18":"taxable","19":"shipping-taxable","20":"purchasable","21":"product-type-variable"},"jetpack_sharing_enabled":true,"_links":{"self":[{"href":"https:\/\/etev7e.pef.czu.cz\/zs2223\/wp-json\/wp\/v2\/product\/3366","targetHints":{"allow":["GET"]}}],"collection":[{"href":"https:\/\/etev7e.pef.czu.cz\/zs2223\/wp-json\/wp\/v2\/product"}],"about":[{"href":"https:\/\/etev7e.pef.czu.cz\/zs2223\/wp-json\/wp\/v2\/types\/product"}],"replies":[{"embeddable":true,"href":"https:\/\/etev7e.pef.czu.cz\/zs2223\/wp-json\/wp\/v2\/comments?post=3366"}],"wp:featuredmedia":[{"embeddable":true,"href":"https:\/\/etev7e.pef.czu.cz\/zs2223\/wp-json\/wp\/v2\/media\/3367"}],"wp:attachment":[{"href":"https:\/\/etev7e.pef.czu.cz\/zs2223\/wp-json\/wp\/v2\/media?parent=3366"}],"wp:term":[{"taxonomy":"product_brand","embeddable":true,"href":"https:\/\/etev7e.pef.czu.cz\/zs2223\/wp-json\/wp\/v2\/product_brand?post=3366"},{"taxonomy":"product_cat","embeddable":true,"href":"https:\/\/etev7e.pef.czu.cz\/zs2223\/wp-json\/wp\/v2\/product_cat?post=3366"},{"taxonomy":"product_tag","embeddable":true,"href":"https:\/\/etev7e.pef.czu.cz\/zs2223\/wp-json\/wp\/v2\/product_tag?post=3366"}],"curies":[{"name":"wp","href":"https:\/\/api.w.org\/{rel}","templated":true}]}}