{"id":3369,"date":"2023-11-06T09:32:00","date_gmt":"2023-11-06T08:32:00","guid":{"rendered":"https:\/\/etev7e.pef.czu.cz\/zs2223\/?post_type=product&#038;p=3369"},"modified":"2023-11-06T18:20:30","modified_gmt":"2023-11-06T17:20:30","slug":"zavodni-bezecka-obuv-silnicni-hoka-rocket-x2-ceramic-evening-primrose","status":"publish","type":"product","link":"https:\/\/etev7e.pef.czu.cz\/zs2223\/produkt\/zavodni-bezecka-obuv-silnicni-hoka-rocket-x2-ceramic-evening-primrose\/","title":{"rendered":"Z\u00e1vodn\u00ed b\u011b\u017eeck\u00e1 obuv \u2013 silni\u010dn\u00ed, Hoka Rocket X2 Ceramic\/Evening Primrose"},"content":{"rendered":"<p>Z\u00e1vodn\u00ed, karbonov\u00e9 boty v\u00a0dne\u0161n\u00ed dob\u011b jsou sou\u010d\u00e1st\u00ed vybaven\u00ed v\u011bt\u0161iny b\u011b\u017ec\u016f se z\u00e1vodn\u00edmi ambicemi. Hoka v\u00a0leto\u0161n\u00edm roce p\u0159i\u0161la s\u00a0modelem Rocket X2 vhodn\u00fdm nejenom pro elitn\u00ed b\u011b\u017ece. Velice lehk\u00fd, p\u0159ilnav\u00fd svr\u0161ek, tlumen\u00ed s\u00a0karbonovou desti\u010dkou v\u00e1s doslova po\u017eene dop\u0159edu.Tlum\u00edc\u00ed p\u011bna Pebax je extr\u00e9mn\u011b lehk\u00e1 s\u00a0vysokou energetickou n\u00e1vratnost\u00ed (b\u011b\u017eec se p\u0159i stejn\u00e9m vyd\u00e1van\u00e9m tempu c\u00edt\u00ed \u201eodpo\u010dat\u011bji\u201c a nohy nem\u00e1 tolik unaven\u00e9). P\u0159ednosti t\u00e9to boty se projevuj\u00ed p\u0159i del\u0161\u00edch distanc\u00edch na silnici p\u0159. z\u00e1vodn\u00ed p\u016flmaraton nebo maraton.<\/p>\n<p><strong>Parametry produktu:<\/strong><\/p>\n<ul>\n<li>Hmotnost: 190 g<\/li>\n<li>Drop: 5 mm<\/li>\n<li>Povrch, pou\u017eit\u00ed: silnice, b\u011b\u017eeck\u00fd p\u00e1s<\/li>\n<li>Aktivita: silni\u010dn\u00ed z\u00e1vod &#8211; 10 km, 21 km, maraton, triatlon, ultramaraton na silnici<\/li>\n<li>Barva: b\u00edl\u00e1, \u017elut\u00e1, tyrkysov\u00e1, zelen\u00e1<\/li>\n<li>Tlumen\u00ed: maxim\u00e1ln\u00ed<\/li>\n<li>Vlastnosti: maxim\u00e1ln\u00ed tlumen\u00ed s\u00a0karbonovou deskou v mezipode\u0161vi<\/li>\n<li>\u0160\u00ed\u0159ka chodidla: \u00fazk\u00e9<\/li>\n<li>Mezipode\u0161ev\/tlumen\u00ed: Pebax<\/li>\n<\/ul>\n","protected":false},"excerpt":{"rendered":"<h3 id=\"yui_3_17_2_1_1699251752178_57\">Z\u00e1vodn\u00ed b\u011b\u017eeck\u00e1 obuv \u2013 silni\u010dn\u00ed<\/h3>\n<p>Z\u00e1vodn\u00ed, karbonov\u00e9 boty v\u00a0dne\u0161n\u00ed dob\u011b jsou sou\u010d\u00e1st\u00ed vybaven\u00ed v\u011bt\u0161iny b\u011b\u017ec\u016f se z\u00e1vodn\u00edmi ambicemi. Hoka v\u00a0leto\u0161n\u00edm roce p\u0159i\u0161la s\u00a0modelem Rocket X2 vhodn\u00fdm nejenom pro elitn\u00ed b\u011b\u017ece.<\/p>\n","protected":false},"featured_media":3348,"comment_status":"open","ping_status":"closed","template":"","meta":[],"product_brand":[],"product_cat":[955,829,939],"product_tag":[180,119,691,935,350,705],"class_list":{"0":"post-3369","1":"product","2":"type-product","3":"status-publish","4":"has-post-thumbnail","6":"product_cat-bezecke-boty","7":"product_cat-outdoor-vybaveni","8":"product_cat-sportovni-a-bezecka-obuv","9":"product_tag-beh","10":"product_tag-bezecka-obuv","11":"product_tag-obuv","12":"product_tag-outdoor","13":"product_tag-sport","14":"product_tag-tlumeni-narazu-a-otresu","16":"first","17":"instock","18":"taxable","19":"shipping-taxable","20":"purchasable","21":"product-type-variable"},"jetpack_sharing_enabled":true,"_links":{"self":[{"href":"https:\/\/etev7e.pef.czu.cz\/zs2223\/wp-json\/wp\/v2\/product\/3369","targetHints":{"allow":["GET"]}}],"collection":[{"href":"https:\/\/etev7e.pef.czu.cz\/zs2223\/wp-json\/wp\/v2\/product"}],"about":[{"href":"https:\/\/etev7e.pef.czu.cz\/zs2223\/wp-json\/wp\/v2\/types\/product"}],"replies":[{"embeddable":true,"href":"https:\/\/etev7e.pef.czu.cz\/zs2223\/wp-json\/wp\/v2\/comments?post=3369"}],"wp:featuredmedia":[{"embeddable":true,"href":"https:\/\/etev7e.pef.czu.cz\/zs2223\/wp-json\/wp\/v2\/media\/3348"}],"wp:attachment":[{"href":"https:\/\/etev7e.pef.czu.cz\/zs2223\/wp-json\/wp\/v2\/media?parent=3369"}],"wp:term":[{"taxonomy":"product_brand","embeddable":true,"href":"https:\/\/etev7e.pef.czu.cz\/zs2223\/wp-json\/wp\/v2\/product_brand?post=3369"},{"taxonomy":"product_cat","embeddable":true,"href":"https:\/\/etev7e.pef.czu.cz\/zs2223\/wp-json\/wp\/v2\/product_cat?post=3369"},{"taxonomy":"product_tag","embeddable":true,"href":"https:\/\/etev7e.pef.czu.cz\/zs2223\/wp-json\/wp\/v2\/product_tag?post=3369"}],"curies":[{"name":"wp","href":"https:\/\/api.w.org\/{rel}","templated":true}]}}