{"id":3373,"date":"2023-11-06T09:43:05","date_gmt":"2023-11-06T08:43:05","guid":{"rendered":"https:\/\/etev7e.pef.czu.cz\/zs2223\/?post_type=product&#038;p=3373"},"modified":"2023-11-22T10:58:50","modified_gmt":"2023-11-22T09:58:50","slug":"oplachovy-kondicioner","status":"publish","type":"product","link":"https:\/\/etev7e.pef.czu.cz\/zs2223\/produkt\/oplachovy-kondicioner\/","title":{"rendered":"Oplachov\u00fd kondicion\u00e9r"},"content":{"rendered":"<p>Kondicion\u00e9r Inecto Argan s arganov\u00fdm olejem zajist\u00ed va\u0161im vlas\u016fm snadn\u00e9 roz\u010des\u00e1n\u00ed a pot\u0159ebnou v\u00fd\u017eivu, bez \u010deho\u017e se kr\u00e1sn\u00e9 a zdrav\u00e9 vlasy neobejdou. Usnad\u0148uje roz\u010des\u00e1v\u00e1n\u00ed a n\u00e1slednou \u00fapravu,\u00a0poskytuje pot\u0159ebnou hydrataci,\u00a0zaji\u0161\u0165uje vlas\u016fm oslniv\u00fd lesk a\u00a0pe\u010duje o d\u00e9lky oslaben\u00fdch vlas\u016f.<\/p>\n<p>Objem: 500 ml<\/p>\n","protected":false},"excerpt":{"rendered":"<p>Kondicion\u00e9r Inecto Argan pro snadn\u00e9 roz\u010des\u00e1v\u00e1n\u00ed vlas\u016f a n\u00e1slednou p\u00e9\u010di.<\/p>\n","protected":false},"featured_media":3375,"comment_status":"open","ping_status":"closed","template":"","meta":[],"product_brand":[],"product_cat":[936],"product_tag":[946,945,942,947,944,653],"class_list":{"0":"post-3373","1":"product","2":"type-product","3":"status-publish","4":"has-post-thumbnail","6":"product_cat-pece-o-telo","7":"product_tag-hlava","8":"product_tag-kondicioner","9":"product_tag-pece","10":"product_tag-vlasova-kosmetika","11":"product_tag-vlasy","12":"product_tag-vsechny-typy-vlasu","14":"first","15":"instock","16":"taxable","17":"shipping-taxable","18":"purchasable","19":"product-type-simple"},"jetpack_sharing_enabled":true,"_links":{"self":[{"href":"https:\/\/etev7e.pef.czu.cz\/zs2223\/wp-json\/wp\/v2\/product\/3373","targetHints":{"allow":["GET"]}}],"collection":[{"href":"https:\/\/etev7e.pef.czu.cz\/zs2223\/wp-json\/wp\/v2\/product"}],"about":[{"href":"https:\/\/etev7e.pef.czu.cz\/zs2223\/wp-json\/wp\/v2\/types\/product"}],"replies":[{"embeddable":true,"href":"https:\/\/etev7e.pef.czu.cz\/zs2223\/wp-json\/wp\/v2\/comments?post=3373"}],"wp:featuredmedia":[{"embeddable":true,"href":"https:\/\/etev7e.pef.czu.cz\/zs2223\/wp-json\/wp\/v2\/media\/3375"}],"wp:attachment":[{"href":"https:\/\/etev7e.pef.czu.cz\/zs2223\/wp-json\/wp\/v2\/media?parent=3373"}],"wp:term":[{"taxonomy":"product_brand","embeddable":true,"href":"https:\/\/etev7e.pef.czu.cz\/zs2223\/wp-json\/wp\/v2\/product_brand?post=3373"},{"taxonomy":"product_cat","embeddable":true,"href":"https:\/\/etev7e.pef.czu.cz\/zs2223\/wp-json\/wp\/v2\/product_cat?post=3373"},{"taxonomy":"product_tag","embeddable":true,"href":"https:\/\/etev7e.pef.czu.cz\/zs2223\/wp-json\/wp\/v2\/product_tag?post=3373"}],"curies":[{"name":"wp","href":"https:\/\/api.w.org\/{rel}","templated":true}]}}