{"id":3376,"date":"2023-11-06T09:46:41","date_gmt":"2023-11-06T08:46:41","guid":{"rendered":"https:\/\/etev7e.pef.czu.cz\/zs2223\/?post_type=product&#038;p=3376"},"modified":"2023-11-06T14:09:46","modified_gmt":"2023-11-06T13:09:46","slug":"bezoplachovy-kondicioner","status":"publish","type":"product","link":"https:\/\/etev7e.pef.czu.cz\/zs2223\/produkt\/bezoplachovy-kondicioner\/","title":{"rendered":"Bezoplachov\u00fd kondicion\u00e9r"},"content":{"rendered":"<p>Vy\u017eivuj\u00edc\u00ed a nezat\u011b\u017euj\u00edc\u00ed oplachov\u00fd kondicion\u00e9r s para olejem na vlasy hydratuje, regeneruje, povrchov\u011b uzav\u00edr\u00e1 a vyhlazuje. Vlas\u016fm dod\u00e1v\u00e1 lesk, usnadn\u00ed jejich roz\u010des\u00e1v\u00e1n\u00ed a zabra\u0148uje jejich elektrizov\u00e1n\u00ed. Kondicion\u00e9r spolu se \u0161amponem tvo\u0159\u00ed naprost\u00fd z\u00e1klad vlasov\u00e9 p\u00e9\u010de. Nevynech\u00e1vejte ho.<\/p>\n<p>Objem: 250 ml<\/p>\n","protected":false},"excerpt":{"rendered":"<p>Bezoplachov\u00fd kondicion\u00e9r pro hydrataci a regeneraci vlas\u016f.<\/p>\n","protected":false},"featured_media":3378,"comment_status":"open","ping_status":"closed","template":"","meta":[],"product_brand":[],"product_cat":[936],"product_tag":[948,946,945,942,650,947,944],"class_list":{"0":"post-3376","1":"product","2":"type-product","3":"status-publish","4":"has-post-thumbnail","6":"product_cat-pece-o-telo","7":"product_tag-bezoplachovy-kondicioner","8":"product_tag-hlava","9":"product_tag-kondicioner","10":"product_tag-pece","11":"product_tag-pro-vsechny-typy-vlasu","12":"product_tag-vlasova-kosmetika","13":"product_tag-vlasy","15":"first","16":"instock","17":"taxable","18":"shipping-taxable","19":"purchasable","20":"product-type-simple"},"jetpack_sharing_enabled":true,"_links":{"self":[{"href":"https:\/\/etev7e.pef.czu.cz\/zs2223\/wp-json\/wp\/v2\/product\/3376","targetHints":{"allow":["GET"]}}],"collection":[{"href":"https:\/\/etev7e.pef.czu.cz\/zs2223\/wp-json\/wp\/v2\/product"}],"about":[{"href":"https:\/\/etev7e.pef.czu.cz\/zs2223\/wp-json\/wp\/v2\/types\/product"}],"replies":[{"embeddable":true,"href":"https:\/\/etev7e.pef.czu.cz\/zs2223\/wp-json\/wp\/v2\/comments?post=3376"}],"wp:featuredmedia":[{"embeddable":true,"href":"https:\/\/etev7e.pef.czu.cz\/zs2223\/wp-json\/wp\/v2\/media\/3378"}],"wp:attachment":[{"href":"https:\/\/etev7e.pef.czu.cz\/zs2223\/wp-json\/wp\/v2\/media?parent=3376"}],"wp:term":[{"taxonomy":"product_brand","embeddable":true,"href":"https:\/\/etev7e.pef.czu.cz\/zs2223\/wp-json\/wp\/v2\/product_brand?post=3376"},{"taxonomy":"product_cat","embeddable":true,"href":"https:\/\/etev7e.pef.czu.cz\/zs2223\/wp-json\/wp\/v2\/product_cat?post=3376"},{"taxonomy":"product_tag","embeddable":true,"href":"https:\/\/etev7e.pef.czu.cz\/zs2223\/wp-json\/wp\/v2\/product_tag?post=3376"}],"curies":[{"name":"wp","href":"https:\/\/api.w.org\/{rel}","templated":true}]}}