{"id":3379,"date":"2023-11-06T09:50:13","date_gmt":"2023-11-06T08:50:13","guid":{"rendered":"https:\/\/etev7e.pef.czu.cz\/zs2223\/?post_type=product&#038;p=3379"},"modified":"2023-11-06T14:08:50","modified_gmt":"2023-11-06T13:08:50","slug":"penovy-sprchovy-gel","status":"publish","type":"product","link":"https:\/\/etev7e.pef.czu.cz\/zs2223\/produkt\/penovy-sprchovy-gel\/","title":{"rendered":"P\u011bnov\u00fd sprchov\u00fd gel"},"content":{"rendered":"<p>Sprchov\u00fd gel The Ritual Of Happy Buddha s v\u016fn\u00ed sladk\u00e9ho pomeran\u010de\u00a0a\u00a0cedrov\u00e9ho d\u0159eva je vy\u017eivuj\u00edc\u00ed sprchov\u00fd gel, kter\u00fd tvo\u0159\u00ed p\u0159i kontaktu s vodou hedv\u00e1bn\u011b jemnou ml\u00e9\u010dnou emulzi a p\u011bnu.<\/p>\n<p>Objem: 220 ml<\/p>\n","protected":false},"excerpt":{"rendered":"<p>Sprchov\u00fd gel The Ritual Of Happy Buddha pro hedv\u00e1bn\u011b jemnou poko\u017eku.<\/p>\n","protected":false},"featured_media":3381,"comment_status":"open","ping_status":"closed","template":"","meta":[],"product_brand":[],"product_cat":[936],"product_tag":[950,952,869,951,949,871,941],"class_list":{"0":"post-3379","1":"product","2":"type-product","3":"status-publish","4":"has-post-thumbnail","6":"product_cat-pece-o-telo","7":"product_tag-gel","8":"product_tag-koupel","9":"product_tag-pece-o-telo","10":"product_tag-pena","11":"product_tag-sprcha","12":"product_tag-sprchovy-gel","13":"product_tag-telo","15":"first","16":"instock","17":"taxable","18":"shipping-taxable","19":"purchasable","20":"product-type-simple"},"jetpack_sharing_enabled":true,"_links":{"self":[{"href":"https:\/\/etev7e.pef.czu.cz\/zs2223\/wp-json\/wp\/v2\/product\/3379","targetHints":{"allow":["GET"]}}],"collection":[{"href":"https:\/\/etev7e.pef.czu.cz\/zs2223\/wp-json\/wp\/v2\/product"}],"about":[{"href":"https:\/\/etev7e.pef.czu.cz\/zs2223\/wp-json\/wp\/v2\/types\/product"}],"replies":[{"embeddable":true,"href":"https:\/\/etev7e.pef.czu.cz\/zs2223\/wp-json\/wp\/v2\/comments?post=3379"}],"wp:featuredmedia":[{"embeddable":true,"href":"https:\/\/etev7e.pef.czu.cz\/zs2223\/wp-json\/wp\/v2\/media\/3381"}],"wp:attachment":[{"href":"https:\/\/etev7e.pef.czu.cz\/zs2223\/wp-json\/wp\/v2\/media?parent=3379"}],"wp:term":[{"taxonomy":"product_brand","embeddable":true,"href":"https:\/\/etev7e.pef.czu.cz\/zs2223\/wp-json\/wp\/v2\/product_brand?post=3379"},{"taxonomy":"product_cat","embeddable":true,"href":"https:\/\/etev7e.pef.czu.cz\/zs2223\/wp-json\/wp\/v2\/product_cat?post=3379"},{"taxonomy":"product_tag","embeddable":true,"href":"https:\/\/etev7e.pef.czu.cz\/zs2223\/wp-json\/wp\/v2\/product_tag?post=3379"}],"curies":[{"name":"wp","href":"https:\/\/api.w.org\/{rel}","templated":true}]}}