{"id":3400,"date":"2023-11-06T11:08:43","date_gmt":"2023-11-06T10:08:43","guid":{"rendered":"https:\/\/etev7e.pef.czu.cz\/zs2223\/?post_type=product&#038;p=3400"},"modified":"2023-11-08T09:19:57","modified_gmt":"2023-11-08T08:19:57","slug":"naramek-z-achatu-barevny","status":"publish","type":"product","link":"https:\/\/etev7e.pef.czu.cz\/zs2223\/produkt\/naramek-z-achatu-barevny\/","title":{"rendered":"N\u00e1ramek z ach\u00e1tu barevn\u00fd"},"content":{"rendered":"<ul id=\"yui_3_17_2_1_1699254880879_49\">\n<li>Ach\u00e1t je velmi obl\u00edben\u00fd kamen, kter\u00fd p\u0159in\u00e1\u0161\u00ed pocit jistoty a bezpe\u010d\u00ed. Je to drah\u00fd k\u00e1men, kter\u00fd po zpracov\u00e1n\u00ed ze sv\u00e9ho surov\u00e9ho stavu uk\u00e1\u017ee svou kr\u00e1su v podob\u011b rozmanit\u00fdch kreseb a barev. Ach\u00e1t sv\u00e9mu nositeli dod\u00e1v\u00e1 rozumovou, t\u011blesnou i citovou rovnov\u00e1hu.\u00a0 Ve znamen\u00ed horoskopu je vhodn\u00fd zejm\u00e9na pro \u0160t\u00edry a B\u00fdky. Hod\u00ed se tak\u00e9 pro p\u00e1ry, kdy pom\u00e1h\u00e1 udr\u017eet harmonii v partnersk\u00e9m \u017eivot\u011b.<\/li>\n<\/ul>\n","protected":false},"excerpt":{"rendered":"<p>Ach\u00e1t, obl\u00edben\u00fd k\u00e1men s rozmanit\u00fdmi vzory a barvami, dod\u00e1v\u00e1 nositeli pocit jistoty, bezpe\u010d\u00ed a rovnov\u00e1hu, vhodn\u00fd pro \u0160t\u00edry a B\u00fdky, a podporuje harmonii v partnersk\u00e9m \u017eivot\u011b.<\/p>\n","protected":false},"featured_media":3401,"comment_status":"open","ping_status":"closed","template":"","meta":[],"product_brand":[],"product_cat":[933],"product_tag":[237,937,716,797],"class_list":{"0":"post-3400","1":"product","2":"type-product","3":"status-publish","4":"has-post-thumbnail","6":"product_cat-sperky","7":"product_tag-doplnky","8":"product_tag-naramky","9":"product_tag-premiova-kvalita","10":"product_tag-sperky","12":"first","13":"instock","14":"sale","15":"taxable","16":"shipping-taxable","17":"purchasable","18":"product-type-simple"},"jetpack_sharing_enabled":true,"_links":{"self":[{"href":"https:\/\/etev7e.pef.czu.cz\/zs2223\/wp-json\/wp\/v2\/product\/3400","targetHints":{"allow":["GET"]}}],"collection":[{"href":"https:\/\/etev7e.pef.czu.cz\/zs2223\/wp-json\/wp\/v2\/product"}],"about":[{"href":"https:\/\/etev7e.pef.czu.cz\/zs2223\/wp-json\/wp\/v2\/types\/product"}],"replies":[{"embeddable":true,"href":"https:\/\/etev7e.pef.czu.cz\/zs2223\/wp-json\/wp\/v2\/comments?post=3400"}],"wp:featuredmedia":[{"embeddable":true,"href":"https:\/\/etev7e.pef.czu.cz\/zs2223\/wp-json\/wp\/v2\/media\/3401"}],"wp:attachment":[{"href":"https:\/\/etev7e.pef.czu.cz\/zs2223\/wp-json\/wp\/v2\/media?parent=3400"}],"wp:term":[{"taxonomy":"product_brand","embeddable":true,"href":"https:\/\/etev7e.pef.czu.cz\/zs2223\/wp-json\/wp\/v2\/product_brand?post=3400"},{"taxonomy":"product_cat","embeddable":true,"href":"https:\/\/etev7e.pef.czu.cz\/zs2223\/wp-json\/wp\/v2\/product_cat?post=3400"},{"taxonomy":"product_tag","embeddable":true,"href":"https:\/\/etev7e.pef.czu.cz\/zs2223\/wp-json\/wp\/v2\/product_tag?post=3400"}],"curies":[{"name":"wp","href":"https:\/\/api.w.org\/{rel}","templated":true}]}}