{"id":3402,"date":"2023-11-06T11:17:14","date_gmt":"2023-11-06T10:17:14","guid":{"rendered":"https:\/\/etev7e.pef.czu.cz\/zs2223\/?post_type=product&#038;p=3402"},"modified":"2023-11-08T09:19:03","modified_gmt":"2023-11-08T08:19:03","slug":"naramek-z-ruzeninu","status":"publish","type":"product","link":"https:\/\/etev7e.pef.czu.cz\/zs2223\/produkt\/naramek-z-ruzeninu\/","title":{"rendered":"N\u00e1ramek z r\u016f\u017een\u00ednu"},"content":{"rendered":"<ul id=\"yui_3_17_2_1_1699254880879_53\">\n<li id=\"yui_3_17_2_1_1699254880879_52\">R\u016f\u017een\u00edn byl pojmenov\u00e1n podle sv\u00e9ho r\u016f\u017eov\u00e9ho zbarven\u00ed, \u010dasto se tak\u00e9 naz\u00fdv\u00e1 kamenem l\u00e1sky.\u00a0 N\u00e1ramek z r\u016f\u017een\u00ednu\u00a0m\u00e1 uklid\u0148uj\u00edc\u00ed a konej\u0161iv\u00fd vliv na na\u0161e srdce. Ve znamen\u00ed zv\u011brokruhu je r\u016f\u017een\u00edn velmi vhodn\u00fd k\u00e1men pro b\u00fdky a v\u00e1hy. Ov\u0161em jedn\u00e1 se o univerz\u00e1ln\u00ed k\u00e1men, kter\u00e9 mohou nosit v\u0161echna znamen\u00ed zv\u011brokruhu, mu\u017ei i \u017eeny bez ohledu na v\u011bk.<\/li>\n<\/ul>\n","protected":false},"excerpt":{"rendered":"<p>R\u016f\u017een\u00edn, k\u00e1men l\u00e1sky, uklid\u0148uje srdce a vhodn\u00fd je pro v\u0161echna znamen\u00ed zv\u011brokruhu a v\u0161echny v\u011bkov\u00e9 kategorie.<\/p>\n","protected":false},"featured_media":3330,"comment_status":"open","ping_status":"closed","template":"","meta":[],"product_brand":[],"product_cat":[933],"product_tag":[237,937,716,797],"class_list":{"0":"post-3402","1":"product","2":"type-product","3":"status-publish","4":"has-post-thumbnail","6":"product_cat-sperky","7":"product_tag-doplnky","8":"product_tag-naramky","9":"product_tag-premiova-kvalita","10":"product_tag-sperky","12":"first","13":"instock","14":"sale","15":"taxable","16":"shipping-taxable","17":"purchasable","18":"product-type-simple"},"jetpack_sharing_enabled":true,"_links":{"self":[{"href":"https:\/\/etev7e.pef.czu.cz\/zs2223\/wp-json\/wp\/v2\/product\/3402","targetHints":{"allow":["GET"]}}],"collection":[{"href":"https:\/\/etev7e.pef.czu.cz\/zs2223\/wp-json\/wp\/v2\/product"}],"about":[{"href":"https:\/\/etev7e.pef.czu.cz\/zs2223\/wp-json\/wp\/v2\/types\/product"}],"replies":[{"embeddable":true,"href":"https:\/\/etev7e.pef.czu.cz\/zs2223\/wp-json\/wp\/v2\/comments?post=3402"}],"wp:featuredmedia":[{"embeddable":true,"href":"https:\/\/etev7e.pef.czu.cz\/zs2223\/wp-json\/wp\/v2\/media\/3330"}],"wp:attachment":[{"href":"https:\/\/etev7e.pef.czu.cz\/zs2223\/wp-json\/wp\/v2\/media?parent=3402"}],"wp:term":[{"taxonomy":"product_brand","embeddable":true,"href":"https:\/\/etev7e.pef.czu.cz\/zs2223\/wp-json\/wp\/v2\/product_brand?post=3402"},{"taxonomy":"product_cat","embeddable":true,"href":"https:\/\/etev7e.pef.czu.cz\/zs2223\/wp-json\/wp\/v2\/product_cat?post=3402"},{"taxonomy":"product_tag","embeddable":true,"href":"https:\/\/etev7e.pef.czu.cz\/zs2223\/wp-json\/wp\/v2\/product_tag?post=3402"}],"curies":[{"name":"wp","href":"https:\/\/api.w.org\/{rel}","templated":true}]}}