{"id":3409,"date":"2023-11-06T11:45:54","date_gmt":"2023-11-06T10:45:54","guid":{"rendered":"https:\/\/etev7e.pef.czu.cz\/zs2223\/?post_type=product&#038;p=3409"},"modified":"2023-11-06T11:53:13","modified_gmt":"2023-11-06T10:53:13","slug":"karcher-roboticky-vysavac-s-mopovanim-rcv-5","status":"publish","type":"product","link":"https:\/\/etev7e.pef.czu.cz\/zs2223\/produkt\/karcher-roboticky-vysavac-s-mopovanim-rcv-5\/","title":{"rendered":"K\u00e4rcher robotick\u00fd vysava\u010d s mopov\u00e1n\u00edm RCV 5"},"content":{"rendered":"<p>Nechte ukl\u00edzet K\u00e4rcher. Tvrd\u00e9 podlahy a koberce s n\u00edzk\u00fdm vlasem samostatn\u011b a systematicky \u010dist\u00ed chytr\u00fd robotick\u00fd vysava\u010d s mopem RCV 5. Such\u00e9 ne\u010distoty jsou nasb\u00edr\u00e1ny do vestav\u011bn\u00e9 n\u00e1doby na odpad rota\u010dn\u00edm kart\u00e1\u010dem, bo\u010dn\u00edm kart\u00e1\u010dem na hrany a ventil\u00e1torem. Ultrazvukov\u00fd senzor rozpozn\u00e1 koberce, kter\u00e9 m\u016f\u017ee vysava\u010d vy\u010distit pomoc\u00ed funkce Auto Boost pro maxim\u00e1ln\u00ed sac\u00ed v\u00fdkon. RCV 5 nejen vys\u00e1v\u00e1, ale dok\u00e1\u017ee i set\u0159\u00edt prach pomoc\u00ed nasazovac\u00edho mopu. V re\u017eimu mopov\u00e1n\u00ed se vysava\u010d koberc\u016fm automaticky vyh\u00fdb\u00e1. Prost\u0159ednictv\u00edm aplikace je RCV 5 p\u0159i prvn\u00edm pou\u017eit\u00ed vysl\u00e1n na pr\u016fzkumnou cestu a automaticky vytvo\u0159\u00ed mapu m\u00edstnost\u00ed (LiDAR). Pro ka\u017edou m\u00edstnost lze nastavit individu\u00e1ln\u00ed parametry \u00faklidu. Nap\u0159\u00edklad, kter\u00e9 m\u00edstnosti by se m\u011bly vys\u00e1t, vyt\u0159\u00edt nebo naopak v\u016fbec neukl\u00edzet. D\u00edky du\u00e1ln\u00edmu laserov\u00e9mu syst\u00e9mu s nav\u00e1d\u011bc\u00ed kamerou \u0161pi\u010dkov\u00fd model RCV 5 tak\u00e9 detekuje a vyh\u00fdb\u00e1 se ploch\u00fdm p\u0159ek\u00e1\u017ek\u00e1m, jako jsou kabely, pono\u017eky nebo boty. Dal\u0161\u00ed senzory zabra\u0148uj\u00ed p\u00e1du za\u0159\u00edzen\u00ed nap\u0159\u00edklad ze schod\u016f. Robotick\u00fd vysava\u010d RCV 5 m\u016f\u017eete pohodln\u011b spustit prost\u0159ednictv\u00edm mobiln\u00ed aplikace, pomoc\u00ed p\u0159ednastaven\u00e9ho individu\u00e1ln\u00edho pl\u00e1nu nebo stisknut\u00edm tla\u010d\u00edtka na za\u0159\u00edzen\u00ed. Pokud \u00faklidov\u00fd robot pot\u0159ebuje pomoc, sd\u011bl\u00ed v\u00e1m to prost\u0159ednictv\u00edm hlasov\u00e9ho v\u00fdstupu. Pro prvn\u00ed spojen\u00ed RCV k aplikaci je t\u0159eba zaheslovan\u00e9 Wi-Fi p\u0159ipojen\u00ed.<\/p>\n","protected":false},"excerpt":{"rendered":"<p>Tvrd\u00e9 podlahy a koberce s n\u00edzk\u00fdm vlasem samostatn\u011b a systematicky \u010dist\u00ed chytr\u00fd robotick\u00fd vysava\u010d s mopem RCV 5. Such\u00e9 ne\u010distoty jsou nasb\u00edr\u00e1ny do vestav\u011bn\u00e9 n\u00e1doby na odpad rota\u010dn\u00edm kart\u00e1\u010dem, bo\u010dn\u00edm kart\u00e1\u010dem na hrany a ventil\u00e1torem. RCV 5 nejen vys\u00e1v\u00e1, ale dok\u00e1\u017ee i set\u0159\u00edt prach pomoc\u00ed nasazovac\u00edho mopu.<\/p>\n","protected":false},"featured_media":3410,"comment_status":"open","ping_status":"closed","template":"","meta":[],"product_brand":[],"product_cat":[957],"product_tag":[960,965,964,958],"class_list":{"0":"post-3409","1":"product","2":"type-product","3":"status-publish","4":"has-post-thumbnail","6":"product_cat-cistici-technika-karcher","7":"product_tag-karcher","8":"product_tag-rcv","9":"product_tag-roboticky-vysavac","10":"product_tag-vysavac","12":"first","13":"instock","14":"taxable","15":"shipping-taxable","16":"purchasable","17":"product-type-simple"},"jetpack_sharing_enabled":true,"_links":{"self":[{"href":"https:\/\/etev7e.pef.czu.cz\/zs2223\/wp-json\/wp\/v2\/product\/3409","targetHints":{"allow":["GET"]}}],"collection":[{"href":"https:\/\/etev7e.pef.czu.cz\/zs2223\/wp-json\/wp\/v2\/product"}],"about":[{"href":"https:\/\/etev7e.pef.czu.cz\/zs2223\/wp-json\/wp\/v2\/types\/product"}],"replies":[{"embeddable":true,"href":"https:\/\/etev7e.pef.czu.cz\/zs2223\/wp-json\/wp\/v2\/comments?post=3409"}],"wp:featuredmedia":[{"embeddable":true,"href":"https:\/\/etev7e.pef.czu.cz\/zs2223\/wp-json\/wp\/v2\/media\/3410"}],"wp:attachment":[{"href":"https:\/\/etev7e.pef.czu.cz\/zs2223\/wp-json\/wp\/v2\/media?parent=3409"}],"wp:term":[{"taxonomy":"product_brand","embeddable":true,"href":"https:\/\/etev7e.pef.czu.cz\/zs2223\/wp-json\/wp\/v2\/product_brand?post=3409"},{"taxonomy":"product_cat","embeddable":true,"href":"https:\/\/etev7e.pef.czu.cz\/zs2223\/wp-json\/wp\/v2\/product_cat?post=3409"},{"taxonomy":"product_tag","embeddable":true,"href":"https:\/\/etev7e.pef.czu.cz\/zs2223\/wp-json\/wp\/v2\/product_tag?post=3409"}],"curies":[{"name":"wp","href":"https:\/\/api.w.org\/{rel}","templated":true}]}}