{"id":3411,"date":"2023-11-06T11:47:59","date_gmt":"2023-11-06T10:47:59","guid":{"rendered":"https:\/\/etev7e.pef.czu.cz\/zs2223\/?post_type=product&#038;p=3411"},"modified":"2023-11-06T11:52:57","modified_gmt":"2023-11-06T10:52:57","slug":"karcher-vysavac-na-okna-wv6-premium","status":"publish","type":"product","link":"https:\/\/etev7e.pef.czu.cz\/zs2223\/produkt\/karcher-vysavac-na-okna-wv6-premium\/","title":{"rendered":"K\u00e4rcher vysava\u010d na okna WV6 Premium"},"content":{"rendered":"<p>Nyn\u00ed m\u016f\u017eete p\u0159ebyte\u010dnou tekutinu snadno a rychle odstranit ji\u017e b\u011bhem myt\u00ed oken, bez nutnosti st\u00edr\u00e1n\u00ed a le\u0161t\u011bn\u00ed. Inovativn\u00ed AKU bateriov\u00fd vysava\u010d na okna K\u00e4rcher WV 6 Premium pohodln\u011b a bez n\u00e1mahy udr\u017euje va\u0161e okna dokonale \u010dist\u00e1. Venkovn\u00ed hrub\u00e9 n\u00e1nosy efektivn\u011b odstran\u00ed Outdoor potah z mikrovl\u00e1kna a \u0161krabka na odoln\u00e9 ne\u010distoty, s interi\u00e9rem si n\u00e1sledn\u011b porad\u00ed potah na vnit\u0159n\u00ed prostory. \u0160pinavou vodu sou\u010dasn\u011b st\u00edr\u00e1 a ods\u00e1v\u00e1 unik\u00e1tn\u00ed technologie vysava\u010dov\u00e9 okenn\u00ed st\u011brky, kter\u00e1 se flexibiln\u011b p\u0159izp\u016fsob\u00ed ka\u017ed\u00e9mu va\u0161emu pohybu. V\u00fdsledkem jsou perfektn\u011b nabl\u00fdskan\u00e1 okna b\u011bhem chvilky. AKU baterie se nav\u00edc py\u0161n\u00ed opravdu mimo\u0159\u00e1dn\u011b dlouhou dobou v\u00fddr\u017ee, a\u017e 100 min. Zb\u00fdvaj\u00edc\u00ed dobu chodu zobrazuje displej, proto si lze \u00faklid v\u017edy p\u0159esn\u011b rozpl\u00e1novat. \u0160ir\u0161\u00ed st\u011brka umo\u017e\u0148uje komfortn\u00ed myt\u00ed velk\u00fdch oken odshora a\u017e dol\u016f jedn\u00edm tahem.<\/p>\n","protected":false},"excerpt":{"rendered":"<p>Inovativn\u00ed AKU bateriov\u00fd vysava\u010d na okna K\u00e4rcher WV 6 Premium pohodln\u011b a bez n\u00e1mahy udr\u017euje va\u0161e okna dokonale \u010dist\u00e1. V\u00fdsledkem jsou perfektn\u011b nabl\u00fdskan\u00e1 okna b\u011bhem chvilky.<\/p>\n","protected":false},"featured_media":3412,"comment_status":"open","ping_status":"closed","template":"","meta":[],"product_brand":[],"product_cat":[957],"product_tag":[960,958,966,967,968],"class_list":{"0":"post-3411","1":"product","2":"type-product","3":"status-publish","4":"has-post-thumbnail","6":"product_cat-cistici-technika-karcher","7":"product_tag-karcher","8":"product_tag-vysavac","9":"product_tag-vysavac-na-okna","10":"product_tag-wv","11":"product_tag-wv6","13":"first","14":"instock","15":"taxable","16":"shipping-taxable","17":"purchasable","18":"product-type-simple"},"jetpack_sharing_enabled":true,"_links":{"self":[{"href":"https:\/\/etev7e.pef.czu.cz\/zs2223\/wp-json\/wp\/v2\/product\/3411","targetHints":{"allow":["GET"]}}],"collection":[{"href":"https:\/\/etev7e.pef.czu.cz\/zs2223\/wp-json\/wp\/v2\/product"}],"about":[{"href":"https:\/\/etev7e.pef.czu.cz\/zs2223\/wp-json\/wp\/v2\/types\/product"}],"replies":[{"embeddable":true,"href":"https:\/\/etev7e.pef.czu.cz\/zs2223\/wp-json\/wp\/v2\/comments?post=3411"}],"wp:featuredmedia":[{"embeddable":true,"href":"https:\/\/etev7e.pef.czu.cz\/zs2223\/wp-json\/wp\/v2\/media\/3412"}],"wp:attachment":[{"href":"https:\/\/etev7e.pef.czu.cz\/zs2223\/wp-json\/wp\/v2\/media?parent=3411"}],"wp:term":[{"taxonomy":"product_brand","embeddable":true,"href":"https:\/\/etev7e.pef.czu.cz\/zs2223\/wp-json\/wp\/v2\/product_brand?post=3411"},{"taxonomy":"product_cat","embeddable":true,"href":"https:\/\/etev7e.pef.czu.cz\/zs2223\/wp-json\/wp\/v2\/product_cat?post=3411"},{"taxonomy":"product_tag","embeddable":true,"href":"https:\/\/etev7e.pef.czu.cz\/zs2223\/wp-json\/wp\/v2\/product_tag?post=3411"}],"curies":[{"name":"wp","href":"https:\/\/api.w.org\/{rel}","templated":true}]}}