{"id":3413,"date":"2023-11-06T11:50:06","date_gmt":"2023-11-06T10:50:06","guid":{"rendered":"https:\/\/etev7e.pef.czu.cz\/zs2223\/?post_type=product&#038;p=3413"},"modified":"2023-11-06T11:52:45","modified_gmt":"2023-11-06T10:52:45","slug":"karcher-tepovac-se-4001","status":"publish","type":"product","link":"https:\/\/etev7e.pef.czu.cz\/zs2223\/produkt\/karcher-tepovac-se-4001\/","title":{"rendered":"K\u00e4rcher tepova\u010d SE 4001"},"content":{"rendered":"<p>Tepova\u010d SE 4001 intenzivn\u011b pe\u010duje o va\u0161e koberce, a efektivn\u011b tak prodlu\u017euje jejich \u017eivotnost. Naprost\u00e1 nezbytnost v dom\u00e1cnostech nam\u00e1han\u00fdch ka\u017edodenn\u00edmi n\u00e1nosy ne\u010distot od dom\u00e1c\u00edch mazl\u00ed\u010dk\u016f a d\u011btsk\u00fdch her. P\u0159\u00edstroji sta\u010d\u00ed pouze \u010dist\u00e1 voda a \u010distic\u00ed prost\u0159edek na koberce K\u00e4rcher RM 519. Pod tlakem uvoln\u00ed z hloubky kobercov\u00fdch vl\u00e1ken ka\u017edou ne\u010distotu a jednodu\u0161e ji pak odsaje. Inovativn\u00ed technologie trysek nav\u00edc zaji\u0161tuje, aby byl vy\u010di\u0161t\u011bn\u00fd koberec b\u011bhem chv\u00edle such\u00fd. S odolnou n\u00e1dr\u017e\u00ed na vodu o objemu 4 litry se pohodln\u011b manipuluje p\u0159i dol\u00edv\u00e1n\u00ed i vyprazd\u0148ov\u00e1n\u00ed, zat\u00edmco je zne\u010di\u0161t\u011bn\u00e1 voda shroma\u017e\u010fov\u00e1na v samostatn\u011b odd\u011blen\u00e9m prostoru. M\u00e1te tak v\u017edy jistotu dokonale hygienick\u00e9ho \u00faklidu bez kontaktu s ne\u010distotami. V\u00fdhodou je tak\u00e9 komfortn\u00ed skladov\u00e1n\u00ed p\u0159\u00edslu\u0161enstv\u00ed p\u0159\u00edmo ve vyhrazen\u00e9m prostoru na stroji, snadn\u00e9 ovl\u00e1d\u00e1n\u00ed a univerz\u00e1ln\u00ed pou\u017eit\u00ed p\u0159\u00edstroje. Vys\u00e1v\u00e1 mokr\u00e9 i such\u00e9 ne\u010distoty, pln\u011b tak nahrazuje n\u011bkolik p\u0159\u00edstroj\u016f najednou, v\u010detn\u011b klasick\u00e9ho vysava\u010de.<\/p>\n","protected":false},"excerpt":{"rendered":"<p>Tepova\u010d SE 4001 intenzivn\u011b pe\u010duje o va\u0161e koberce, a efektivn\u011b tak prodlu\u017euje jejich \u017eivotnost. Naprost\u00e1 nezbytnost v dom\u00e1cnostech nam\u00e1han\u00fdch ka\u017edodenn\u00edmi n\u00e1nosy ne\u010distot od dom\u00e1c\u00edch mazl\u00ed\u010dk\u016f a d\u011btsk\u00fdch her. Vys\u00e1v\u00e1 mokr\u00e9 i such\u00e9 ne\u010distoty, pln\u011b tak nahrazuje n\u011bkolik p\u0159\u00edstroj\u016f najednou, v\u010detn\u011b klasick\u00e9ho vysava\u010de.<\/p>\n","protected":false},"featured_media":3414,"comment_status":"open","ping_status":"closed","template":"","meta":[],"product_brand":[],"product_cat":[957],"product_tag":[960,970,971,969],"class_list":{"0":"post-3413","1":"product","2":"type-product","3":"status-publish","4":"has-post-thumbnail","6":"product_cat-cistici-technika-karcher","7":"product_tag-karcher","8":"product_tag-se","9":"product_tag-se-4001","10":"product_tag-tepovac","12":"first","13":"instock","14":"taxable","15":"shipping-taxable","16":"purchasable","17":"product-type-simple"},"jetpack_sharing_enabled":true,"_links":{"self":[{"href":"https:\/\/etev7e.pef.czu.cz\/zs2223\/wp-json\/wp\/v2\/product\/3413","targetHints":{"allow":["GET"]}}],"collection":[{"href":"https:\/\/etev7e.pef.czu.cz\/zs2223\/wp-json\/wp\/v2\/product"}],"about":[{"href":"https:\/\/etev7e.pef.czu.cz\/zs2223\/wp-json\/wp\/v2\/types\/product"}],"replies":[{"embeddable":true,"href":"https:\/\/etev7e.pef.czu.cz\/zs2223\/wp-json\/wp\/v2\/comments?post=3413"}],"wp:featuredmedia":[{"embeddable":true,"href":"https:\/\/etev7e.pef.czu.cz\/zs2223\/wp-json\/wp\/v2\/media\/3414"}],"wp:attachment":[{"href":"https:\/\/etev7e.pef.czu.cz\/zs2223\/wp-json\/wp\/v2\/media?parent=3413"}],"wp:term":[{"taxonomy":"product_brand","embeddable":true,"href":"https:\/\/etev7e.pef.czu.cz\/zs2223\/wp-json\/wp\/v2\/product_brand?post=3413"},{"taxonomy":"product_cat","embeddable":true,"href":"https:\/\/etev7e.pef.czu.cz\/zs2223\/wp-json\/wp\/v2\/product_cat?post=3413"},{"taxonomy":"product_tag","embeddable":true,"href":"https:\/\/etev7e.pef.czu.cz\/zs2223\/wp-json\/wp\/v2\/product_tag?post=3413"}],"curies":[{"name":"wp","href":"https:\/\/api.w.org\/{rel}","templated":true}]}}