{"id":3415,"date":"2023-11-06T11:52:30","date_gmt":"2023-11-06T10:52:30","guid":{"rendered":"https:\/\/etev7e.pef.czu.cz\/zs2223\/?post_type=product&#038;p=3415"},"modified":"2023-11-06T11:52:30","modified_gmt":"2023-11-06T10:52:30","slug":"karcher-parni-cistic-sc-3-easyfix","status":"publish","type":"product","link":"https:\/\/etev7e.pef.czu.cz\/zs2223\/produkt\/karcher-parni-cistic-sc-3-easyfix\/","title":{"rendered":"K\u00e4rcher parn\u00ed \u010disti\u010d SC 3 EasyFix"},"content":{"rendered":"<p>D\u016fkladn\u00e9 \u010di\u0161t\u011bn\u00ed parn\u00edm \u010disti\u010dem K\u00e4rcher odstran\u00ed 99,999 % koronavir\u016f* a 99,99 % v\u0161ech b\u011b\u017en\u00fdch dom\u00e1c\u00edch bakteri\u00ed** z b\u011b\u017en\u00fdch pevn\u00fdch povrch\u016f v dom\u00e1cnosti. Parn\u00ed \u010disti\u010d SC 3 EasyFix nem\u00e1 slitov\u00e1n\u00ed s \u017e\u00e1dn\u00fdmi ne\u010distotami v dom\u00e1cnosti, ani t\u011bmi \u00faporn\u00fdmi. SC 3 je ide\u00e1ln\u00ed volba, pokud hled\u00e1te pomocn\u00edka, kter\u00fd se hod\u00ed i na gener\u00e1ln\u00ed \u00faklid, a nav\u00edc nab\u00edz\u00ed snadn\u00e9 ovl\u00e1d\u00e1n\u00ed i \u00fadr\u017ebu. Tlaku p\u00e1ry 3,5 bar\u016f neuniknou ani odoln\u00e9 skvrny, na oh\u0159ev nebudete \u010dekat v\u00edce ne\u017e 30 vte\u0159in a vodu lze doplnit kdykoliv b\u011bhem \u00faklidu, a to bez p\u0159eru\u0161en\u00ed pr\u00e1ce, d\u00edky integrovan\u00e9mu trycht\u00fd\u0159i. U\u017e \u017e\u00e1dn\u00e9 zdlouhav\u00e9 \u010dek\u00e1n\u00ed, pouze extr\u00e9mn\u011b \u00fa\u010dinn\u00fd \u00faklid hotov\u00fd b\u011bhem chvili\u010dky. Kuchy\u0148skou mastnotu snadno odstran\u00edte \u00fa\u010dinn\u00fdmi dopl\u0148ky jako je ru\u010dn\u00ed hubice, bodov\u00e1 tryska a kulat\u00fd kart\u00e1\u010dek. Ty si porad\u00ed i s drobn\u00fdmi skulinami, kter\u00e9 beze zbytku vy\u010dist\u00ed. Na u\u0161pin\u011bnou podlahu u\u017e nen\u00ed t\u0159eba br\u00e1t kart\u00e1\u010d. Unik\u00e1tn\u00ed syst\u00e9m EasyFix si porad\u00ed i se za\u0161l\u00fdmi sp\u00e1rami. \u0160et\u0159\u00ed tak nejen va\u0161i n\u00e1mahu, ale i z\u00e1da. D\u00edky up\u00edn\u00e1n\u00ed ut\u011brky na such\u00fd zip a n\u00e1\u0161lapn\u00e9mu dr\u017e\u00e1ku se stejn\u011b snadno nasazuje, jako sn\u00edm\u00e1. Dal\u0161\u00ed praktick\u00e9 detaily na stroji zahrnuj\u00ed ulo\u017een\u00ed p\u0159\u00edslu\u0161enstv\u00ed a parkovac\u00ed polohu pro podlahovou hubici. Dlouhov\u011bkost p\u0159\u00edstroje pak zaru\u010duje odv\u00e1p\u0148ovac\u00ed syst\u00e9m. Nemus\u00edte se tak t\u00e9m\u011b\u0159 o nic starat a jen se t\u011b\u0161it z hygienick\u00e9 dom\u00e1cnosti.<\/p>\n","protected":false},"excerpt":{"rendered":"<p>Parn\u00ed \u010disti\u010d SC 3 EasyFix nem\u00e1 slitov\u00e1n\u00ed s \u017e\u00e1dn\u00fdmi ne\u010distotami v dom\u00e1cnosti, ani t\u011bmi \u00faporn\u00fdmi.\u00a0 Na u\u0161pin\u011bnou podlahu u\u017e nen\u00ed t\u0159eba br\u00e1t kart\u00e1\u010d. Dlouhov\u011bkost p\u0159\u00edstroje pak zaru\u010duje odv\u00e1p\u0148ovac\u00ed syst\u00e9m. Nemus\u00edte se tak t\u00e9m\u011b\u0159 o nic starat a jen se t\u011b\u0161it z hygienick\u00e9 dom\u00e1cnosti.<\/p>\n","protected":false},"featured_media":3416,"comment_status":"open","ping_status":"closed","template":"","meta":[],"product_brand":[],"product_cat":[957],"product_tag":[960,972,973,974],"class_list":{"0":"post-3415","1":"product","2":"type-product","3":"status-publish","4":"has-post-thumbnail","6":"product_cat-cistici-technika-karcher","7":"product_tag-karcher","8":"product_tag-parni-cistic","9":"product_tag-sc","10":"product_tag-sc-3","12":"first","13":"instock","14":"taxable","15":"shipping-taxable","16":"purchasable","17":"product-type-simple"},"jetpack_sharing_enabled":true,"_links":{"self":[{"href":"https:\/\/etev7e.pef.czu.cz\/zs2223\/wp-json\/wp\/v2\/product\/3415","targetHints":{"allow":["GET"]}}],"collection":[{"href":"https:\/\/etev7e.pef.czu.cz\/zs2223\/wp-json\/wp\/v2\/product"}],"about":[{"href":"https:\/\/etev7e.pef.czu.cz\/zs2223\/wp-json\/wp\/v2\/types\/product"}],"replies":[{"embeddable":true,"href":"https:\/\/etev7e.pef.czu.cz\/zs2223\/wp-json\/wp\/v2\/comments?post=3415"}],"wp:featuredmedia":[{"embeddable":true,"href":"https:\/\/etev7e.pef.czu.cz\/zs2223\/wp-json\/wp\/v2\/media\/3416"}],"wp:attachment":[{"href":"https:\/\/etev7e.pef.czu.cz\/zs2223\/wp-json\/wp\/v2\/media?parent=3415"}],"wp:term":[{"taxonomy":"product_brand","embeddable":true,"href":"https:\/\/etev7e.pef.czu.cz\/zs2223\/wp-json\/wp\/v2\/product_brand?post=3415"},{"taxonomy":"product_cat","embeddable":true,"href":"https:\/\/etev7e.pef.czu.cz\/zs2223\/wp-json\/wp\/v2\/product_cat?post=3415"},{"taxonomy":"product_tag","embeddable":true,"href":"https:\/\/etev7e.pef.czu.cz\/zs2223\/wp-json\/wp\/v2\/product_tag?post=3415"}],"curies":[{"name":"wp","href":"https:\/\/api.w.org\/{rel}","templated":true}]}}