{"id":3423,"date":"2023-11-06T12:18:34","date_gmt":"2023-11-06T11:18:34","guid":{"rendered":"https:\/\/etev7e.pef.czu.cz\/zs2223\/?post_type=product&#038;p=3423"},"modified":"2023-11-06T12:55:31","modified_gmt":"2023-11-06T11:55:31","slug":"aha-max-forte-peeling","status":"publish","type":"product","link":"https:\/\/etev7e.pef.czu.cz\/zs2223\/produkt\/aha-max-forte-peeling\/","title":{"rendered":"AHA Max Forte Peeling"},"content":{"rendered":"<p>Tr\u00e1p\u00ed V\u00e1s mastn\u00e1 ple\u0165? Mechanicko-enzymatick\u00fd peeling \u00fa\u010dinn\u011b uvol\u0148uje \u00fast\u00ed mazov\u00fdch \u017el\u00e1z, zabra\u0148uje ne\u010distot\u00e1m na poko\u017ece a tendenci k z\u00e1n\u011btu. AHA kyseliny rozpou\u0161t\u011bj\u00ed odum\u0159el\u00e9 bu\u0148ky k\u016f\u017ee a jojobov\u00e9 voskov\u00e9 kuli\u010dky usnad\u0148uj\u00ed jejich odstran\u011bn\u00ed. Naneste tenkou vrstvu na poko\u017eku obli\u010deje, krku a dekoltu. Po\u010dkejte 15 minut, navlh\u010dete, vmas\u00edrujte a omyjte.<\/p>\n","protected":false},"excerpt":{"rendered":"<p>Peeling\u00a0 na mastnou ple\u0165 pro dom\u00e1c\u00ed pou\u017eit\u00ed<\/p>\n","protected":false},"featured_media":3491,"comment_status":"open","ping_status":"closed","template":"","meta":[],"product_brand":[],"product_cat":[975],"product_tag":[345,977],"class_list":{"0":"post-3423","1":"product","2":"type-product","3":"status-publish","4":"has-post-thumbnail","6":"product_cat-kosmetika-pro-ruzne-typy-pleti","7":"product_tag-plet-pece-o-plet-pletovy-peeling","8":"product_tag-pro-mastnou-plet","10":"first","11":"instock","12":"taxable","13":"shipping-taxable","14":"purchasable","15":"product-type-variable"},"jetpack_sharing_enabled":true,"_links":{"self":[{"href":"https:\/\/etev7e.pef.czu.cz\/zs2223\/wp-json\/wp\/v2\/product\/3423","targetHints":{"allow":["GET"]}}],"collection":[{"href":"https:\/\/etev7e.pef.czu.cz\/zs2223\/wp-json\/wp\/v2\/product"}],"about":[{"href":"https:\/\/etev7e.pef.czu.cz\/zs2223\/wp-json\/wp\/v2\/types\/product"}],"replies":[{"embeddable":true,"href":"https:\/\/etev7e.pef.czu.cz\/zs2223\/wp-json\/wp\/v2\/comments?post=3423"}],"wp:featuredmedia":[{"embeddable":true,"href":"https:\/\/etev7e.pef.czu.cz\/zs2223\/wp-json\/wp\/v2\/media\/3491"}],"wp:attachment":[{"href":"https:\/\/etev7e.pef.czu.cz\/zs2223\/wp-json\/wp\/v2\/media?parent=3423"}],"wp:term":[{"taxonomy":"product_brand","embeddable":true,"href":"https:\/\/etev7e.pef.czu.cz\/zs2223\/wp-json\/wp\/v2\/product_brand?post=3423"},{"taxonomy":"product_cat","embeddable":true,"href":"https:\/\/etev7e.pef.czu.cz\/zs2223\/wp-json\/wp\/v2\/product_cat?post=3423"},{"taxonomy":"product_tag","embeddable":true,"href":"https:\/\/etev7e.pef.czu.cz\/zs2223\/wp-json\/wp\/v2\/product_tag?post=3423"}],"curies":[{"name":"wp","href":"https:\/\/api.w.org\/{rel}","templated":true}]}}