{"id":3426,"date":"2023-11-06T12:18:04","date_gmt":"2023-11-06T11:18:04","guid":{"rendered":"https:\/\/etev7e.pef.czu.cz\/zs2223\/?post_type=product&#038;p=3426"},"modified":"2023-11-06T12:36:19","modified_gmt":"2023-11-06T11:36:19","slug":"cokoladova-tycinka-kofila","status":"publish","type":"product","link":"https:\/\/etev7e.pef.czu.cz\/zs2223\/produkt\/cokoladova-tycinka-kofila\/","title":{"rendered":"\u010cokol\u00e1dov\u00e1 ty\u010dinka Kofila"},"content":{"rendered":"<p>Ty\u010dinka &#8222;Kofila&#8220; je velmi jemn\u00e1 \u010dokol\u00e1da ty\u010dinka, rozpl\u00fdvaj\u00edc\u00ed se na jazyku s k\u00e1vovou p\u0159\u00edchut\u00ed. Pot\u011b\u0161\u00ed nejen milovn\u00edky \u010dokol\u00e1dy ale tak\u00e9 i k\u00e1vy<\/p>\n","protected":false},"excerpt":{"rendered":"<p>Ty\u010dinka &#8222;Kofila&#8220; je velmi jemn\u00e1 \u010dokol\u00e1da ty\u010dinka, rozpl\u00fdvaj\u00edc\u00ed se na jazyku s k\u00e1vovou p\u0159\u00edchut\u00ed. Pot\u011b\u0161\u00ed nejen milovn\u00edky \u010dokol\u00e1dy ale tak\u00e9 i k\u00e1vy<\/p>\n","protected":false},"featured_media":3434,"comment_status":"open","ping_status":"closed","template":"","meta":[],"product_brand":[],"product_cat":[976],"product_tag":[981,112,984],"class_list":{"0":"post-3426","1":"product","2":"type-product","3":"status-publish","4":"has-post-thumbnail","6":"product_cat-nestle-cukrovinky","7":"product_tag-cokolada","8":"product_tag-kava","9":"product_tag-svacina","11":"first","12":"instock","13":"taxable","14":"shipping-taxable","15":"purchasable","16":"product-type-simple"},"jetpack_sharing_enabled":true,"_links":{"self":[{"href":"https:\/\/etev7e.pef.czu.cz\/zs2223\/wp-json\/wp\/v2\/product\/3426","targetHints":{"allow":["GET"]}}],"collection":[{"href":"https:\/\/etev7e.pef.czu.cz\/zs2223\/wp-json\/wp\/v2\/product"}],"about":[{"href":"https:\/\/etev7e.pef.czu.cz\/zs2223\/wp-json\/wp\/v2\/types\/product"}],"replies":[{"embeddable":true,"href":"https:\/\/etev7e.pef.czu.cz\/zs2223\/wp-json\/wp\/v2\/comments?post=3426"}],"wp:featuredmedia":[{"embeddable":true,"href":"https:\/\/etev7e.pef.czu.cz\/zs2223\/wp-json\/wp\/v2\/media\/3434"}],"wp:attachment":[{"href":"https:\/\/etev7e.pef.czu.cz\/zs2223\/wp-json\/wp\/v2\/media?parent=3426"}],"wp:term":[{"taxonomy":"product_brand","embeddable":true,"href":"https:\/\/etev7e.pef.czu.cz\/zs2223\/wp-json\/wp\/v2\/product_brand?post=3426"},{"taxonomy":"product_cat","embeddable":true,"href":"https:\/\/etev7e.pef.czu.cz\/zs2223\/wp-json\/wp\/v2\/product_cat?post=3426"},{"taxonomy":"product_tag","embeddable":true,"href":"https:\/\/etev7e.pef.czu.cz\/zs2223\/wp-json\/wp\/v2\/product_tag?post=3426"}],"curies":[{"name":"wp","href":"https:\/\/api.w.org\/{rel}","templated":true}]}}