{"id":3435,"date":"2023-11-06T12:37:00","date_gmt":"2023-11-06T11:37:00","guid":{"rendered":"https:\/\/etev7e.pef.czu.cz\/zs2223\/?post_type=product&#038;p=3435"},"modified":"2023-11-06T13:20:12","modified_gmt":"2023-11-06T12:20:12","slug":"robzone-aquamax","status":"publish","type":"product","link":"https:\/\/etev7e.pef.czu.cz\/zs2223\/produkt\/robzone-aquamax\/","title":{"rendered":"Robzone AquaMAX &#8211; \u010cist\u00edc\u00ed p\u0159\u00edpravek na podlahu"},"content":{"rendered":"<p>\u010cist\u00edc\u00ed sprej na \u00faklid hladk\u00fdch podlah s dezinfek\u010dn\u00edm \u00fa\u010dinkem a p\u0159\u00edjemnou sv\u011b\u017e\u00ed v\u016fn\u00ed. Ur\u010deno pro robotick\u00e9 mokr\u00e9 vyt\u00edr\u00e1n\u00ed hladk\u00fdch podlah. Ide\u00e1ln\u00ed kombinace s robotick\u00fdmi vysava\u010di Robzone. Neobsahuje chlor ani alkohol.<\/p>\n","protected":false},"excerpt":{"rendered":"<p>\u010cist\u00edc\u00ed sprej na \u00faklid hladk\u00fdch podlah s dezinfek\u010dn\u00edm \u00fa\u010dinkem.<\/p>\n","protected":false},"featured_media":3490,"comment_status":"open","ping_status":"closed","template":"","meta":[],"product_brand":[],"product_cat":[983],"product_tag":[238,1012,1002,997,996,1005,964,1011,317],"class_list":{"0":"post-3435","1":"product","2":"type-product","3":"status-publish","4":"has-post-thumbnail","6":"product_cat-cistici-prostredky","7":"product_tag-cistici-prostredky","8":"product_tag-cistota","9":"product_tag-dezinfekce","10":"product_tag-drogerie","11":"product_tag-podlaha","12":"product_tag-pripravek","13":"product_tag-roboticky-vysavac","14":"product_tag-sprej","15":"product_tag-vune","17":"first","18":"instock","19":"sale","20":"taxable","21":"shipping-taxable","22":"purchasable","23":"product-type-simple"},"jetpack_sharing_enabled":true,"_links":{"self":[{"href":"https:\/\/etev7e.pef.czu.cz\/zs2223\/wp-json\/wp\/v2\/product\/3435","targetHints":{"allow":["GET"]}}],"collection":[{"href":"https:\/\/etev7e.pef.czu.cz\/zs2223\/wp-json\/wp\/v2\/product"}],"about":[{"href":"https:\/\/etev7e.pef.czu.cz\/zs2223\/wp-json\/wp\/v2\/types\/product"}],"replies":[{"embeddable":true,"href":"https:\/\/etev7e.pef.czu.cz\/zs2223\/wp-json\/wp\/v2\/comments?post=3435"}],"wp:featuredmedia":[{"embeddable":true,"href":"https:\/\/etev7e.pef.czu.cz\/zs2223\/wp-json\/wp\/v2\/media\/3490"}],"wp:attachment":[{"href":"https:\/\/etev7e.pef.czu.cz\/zs2223\/wp-json\/wp\/v2\/media?parent=3435"}],"wp:term":[{"taxonomy":"product_brand","embeddable":true,"href":"https:\/\/etev7e.pef.czu.cz\/zs2223\/wp-json\/wp\/v2\/product_brand?post=3435"},{"taxonomy":"product_cat","embeddable":true,"href":"https:\/\/etev7e.pef.czu.cz\/zs2223\/wp-json\/wp\/v2\/product_cat?post=3435"},{"taxonomy":"product_tag","embeddable":true,"href":"https:\/\/etev7e.pef.czu.cz\/zs2223\/wp-json\/wp\/v2\/product_tag?post=3435"}],"curies":[{"name":"wp","href":"https:\/\/api.w.org\/{rel}","templated":true}]}}