{"id":3436,"date":"2023-11-06T12:21:47","date_gmt":"2023-11-06T11:21:47","guid":{"rendered":"https:\/\/etev7e.pef.czu.cz\/zs2223\/?post_type=product&#038;p=3436"},"modified":"2023-11-06T12:57:10","modified_gmt":"2023-11-06T11:57:10","slug":"caviar-cream","status":"publish","type":"product","link":"https:\/\/etev7e.pef.czu.cz\/zs2223\/produkt\/caviar-cream\/","title":{"rendered":"Caviar Cream"},"content":{"rendered":"<p>Velmi obl\u00edben\u00fd kavi\u00e1rov\u00fd kr\u00e9m s liftingov\u00fdm a rozjas\u0148uj\u00edc\u00edm \u00fa\u010dinkem ur\u010den\u00fd pro citlivou a zralou p\u00e9\u010di o ple\u0165. REVITALIN\u00ae PF komplex podporuje regeneraci bun\u011bk a zm\u00edr\u0148uje zn\u00e1mky st\u00e1rnut\u00ed. Kavi\u00e1r a perlov\u00fd koktejl posiluj\u00ed, zvlh\u010duje a stimuluje rekonstrukci poko\u017eky. Vr\u00e1sky a r\u00fdhy se vyhlazuj\u00ed, zvy\u0161uje se mno\u017estv\u00ed struktur\u00e1ln\u00edch b\u00edlkovin a t\u00edm se zlep\u0161uje pevnost a pru\u017enost poko\u017eky. Naneste r\u00e1no a ve\u010der na vy\u010di\u0161t\u011bnou poko\u017eku obli\u010deje, krku a dekoltu.<\/p>\n","protected":false},"excerpt":{"rendered":"<p>Denn\u00ed i no\u010dn\u00ed kr\u00e9m pro zralou ple\u0165<\/p>\n","protected":false},"featured_media":3487,"comment_status":"open","ping_status":"closed","template":"","meta":[],"product_brand":[],"product_cat":[975],"product_tag":[730,729,340,998],"class_list":{"0":"post-3436","1":"product","2":"type-product","3":"status-publish","4":"has-post-thumbnail","6":"product_cat-kosmetika-pro-ruzne-typy-pleti","7":"product_tag-denni-krem","8":"product_tag-nocni-krem","9":"product_tag-plet-pece-o-plet-pletove-kremy","10":"product_tag-zrala-plet","12":"first","13":"instock","14":"taxable","15":"shipping-taxable","16":"purchasable","17":"product-type-variable"},"jetpack_sharing_enabled":true,"_links":{"self":[{"href":"https:\/\/etev7e.pef.czu.cz\/zs2223\/wp-json\/wp\/v2\/product\/3436","targetHints":{"allow":["GET"]}}],"collection":[{"href":"https:\/\/etev7e.pef.czu.cz\/zs2223\/wp-json\/wp\/v2\/product"}],"about":[{"href":"https:\/\/etev7e.pef.czu.cz\/zs2223\/wp-json\/wp\/v2\/types\/product"}],"replies":[{"embeddable":true,"href":"https:\/\/etev7e.pef.czu.cz\/zs2223\/wp-json\/wp\/v2\/comments?post=3436"}],"wp:featuredmedia":[{"embeddable":true,"href":"https:\/\/etev7e.pef.czu.cz\/zs2223\/wp-json\/wp\/v2\/media\/3487"}],"wp:attachment":[{"href":"https:\/\/etev7e.pef.czu.cz\/zs2223\/wp-json\/wp\/v2\/media?parent=3436"}],"wp:term":[{"taxonomy":"product_brand","embeddable":true,"href":"https:\/\/etev7e.pef.czu.cz\/zs2223\/wp-json\/wp\/v2\/product_brand?post=3436"},{"taxonomy":"product_cat","embeddable":true,"href":"https:\/\/etev7e.pef.czu.cz\/zs2223\/wp-json\/wp\/v2\/product_cat?post=3436"},{"taxonomy":"product_tag","embeddable":true,"href":"https:\/\/etev7e.pef.czu.cz\/zs2223\/wp-json\/wp\/v2\/product_tag?post=3436"}],"curies":[{"name":"wp","href":"https:\/\/api.w.org\/{rel}","templated":true}]}}