{"id":3440,"date":"2023-11-06T12:21:54","date_gmt":"2023-11-06T11:21:54","guid":{"rendered":"https:\/\/etev7e.pef.czu.cz\/zs2223\/?post_type=product&#038;p=3440"},"modified":"2023-11-06T12:24:50","modified_gmt":"2023-11-06T11:24:50","slug":"studentska-pecet-malina","status":"publish","type":"product","link":"https:\/\/etev7e.pef.czu.cz\/zs2223\/produkt\/studentska-pecet-malina\/","title":{"rendered":"Studentsk\u00e1 pe\u010de\u0165 MALINA"},"content":{"rendered":"<p>170g jemn\u011b ml\u00e9\u010dn\u00e9ho, \u010dokol\u00e1dov\u00e9ho poku\u0161en\u00ed, kter\u00e9 se rozpl\u00fdv\u00e1 na jazyku. Spole\u010dn\u011b s ara\u0161\u00eddy a v\u00fdjime\u010dnou chut\u00ed malin V\u00e1s dostane opravdu do pohody. A co Vy? Podlehnete tak\u00e9 poku\u0161en\u00ed?<\/p>\n","protected":false},"excerpt":{"rendered":"<p>170g jemn\u011b ml\u00e9\u010dn\u00e9ho, \u010dokol\u00e1dov\u00e9ho poku\u0161en\u00ed, kter\u00e9 se rozpl\u00fdv\u00e1 na jazyku. Spole\u010dn\u011b s ara\u0161\u00eddy a v\u00fdjime\u010dnou chut\u00ed malin V\u00e1s dostane opravdu do pohody. A co Vy? Podlehnete tak\u00e9 poku\u0161en\u00ed?<\/p>\n","protected":false},"featured_media":3441,"comment_status":"open","ping_status":"closed","template":"","meta":[],"product_brand":[],"product_cat":[976],"product_tag":[982,978,637],"class_list":{"0":"post-3440","1":"product","2":"type-product","3":"status-publish","4":"has-post-thumbnail","6":"product_cat-nestle-cukrovinky","7":"product_tag-cokolady","8":"product_tag-cukrovinky","9":"product_tag-sladkosti","11":"first","12":"instock","13":"taxable","14":"shipping-taxable","15":"purchasable","16":"product-type-simple"},"jetpack_sharing_enabled":true,"_links":{"self":[{"href":"https:\/\/etev7e.pef.czu.cz\/zs2223\/wp-json\/wp\/v2\/product\/3440","targetHints":{"allow":["GET"]}}],"collection":[{"href":"https:\/\/etev7e.pef.czu.cz\/zs2223\/wp-json\/wp\/v2\/product"}],"about":[{"href":"https:\/\/etev7e.pef.czu.cz\/zs2223\/wp-json\/wp\/v2\/types\/product"}],"replies":[{"embeddable":true,"href":"https:\/\/etev7e.pef.czu.cz\/zs2223\/wp-json\/wp\/v2\/comments?post=3440"}],"wp:featuredmedia":[{"embeddable":true,"href":"https:\/\/etev7e.pef.czu.cz\/zs2223\/wp-json\/wp\/v2\/media\/3441"}],"wp:attachment":[{"href":"https:\/\/etev7e.pef.czu.cz\/zs2223\/wp-json\/wp\/v2\/media?parent=3440"}],"wp:term":[{"taxonomy":"product_brand","embeddable":true,"href":"https:\/\/etev7e.pef.czu.cz\/zs2223\/wp-json\/wp\/v2\/product_brand?post=3440"},{"taxonomy":"product_cat","embeddable":true,"href":"https:\/\/etev7e.pef.czu.cz\/zs2223\/wp-json\/wp\/v2\/product_cat?post=3440"},{"taxonomy":"product_tag","embeddable":true,"href":"https:\/\/etev7e.pef.czu.cz\/zs2223\/wp-json\/wp\/v2\/product_tag?post=3440"}],"curies":[{"name":"wp","href":"https:\/\/api.w.org\/{rel}","templated":true}]}}