{"id":3442,"date":"2023-11-06T12:25:06","date_gmt":"2023-11-06T11:25:06","guid":{"rendered":"https:\/\/etev7e.pef.czu.cz\/zs2223\/?post_type=product&#038;p=3442"},"modified":"2023-11-06T12:58:28","modified_gmt":"2023-11-06T11:58:28","slug":"hyaluron-3d-tonic","status":"publish","type":"product","link":"https:\/\/etev7e.pef.czu.cz\/zs2223\/produkt\/hyaluron-3d-tonic\/","title":{"rendered":"Hyaluron 3D Tonic"},"content":{"rendered":"<p>Inovativn\u00ed slo\u017een\u00ed je zalo\u017eeno na slo\u017een\u00ed r\u016fzn\u00fdch typ\u016f kyseliny hyaluronov\u00e9: CRISTALHYAL FL, BEAUTYPOL SENSO v\u00fdrazn\u011b zvy\u0161uj\u00ed hladinu vlhkosti v poko\u017ece. EPIDERMIST P1.5 obnovuje vrozenou imunitu poko\u017eky a m\u00e1 antibakteri\u00e1ln\u00ed \u00fa\u010dinek. Tonikum \u0161etrn\u011b odstra\u0148uje zbytky make-upu a obnovuje p\u0159irozen\u00e9 pH pleti. Naneste mal\u00e9 mno\u017estv\u00ed toniku na vatov\u00fd tampon a ot\u0159ete poko\u017eku obli\u010deje, krku a dekoltu, pot\u00e9 pokra\u010dujte v l\u00e9\u010db\u011b.<\/p>\n","protected":false},"excerpt":{"rendered":"<p>Zklid\u0148uj\u00edc\u00ed a hydrata\u010dn\u00ed tonikum pro suchou ple\u0165<\/p>\n","protected":false},"featured_media":3485,"comment_status":"open","ping_status":"closed","template":"","meta":[],"product_brand":[],"product_cat":[975],"product_tag":[725,995,994],"class_list":{"0":"post-3442","1":"product","2":"type-product","3":"status-publish","4":"has-post-thumbnail","6":"product_cat-kosmetika-pro-ruzne-typy-pleti","7":"product_tag-pece-o-plet","8":"product_tag-sucha-plet","9":"product_tag-tonikum","11":"first","12":"instock","13":"taxable","14":"shipping-taxable","15":"purchasable","16":"product-type-variable"},"jetpack_sharing_enabled":true,"_links":{"self":[{"href":"https:\/\/etev7e.pef.czu.cz\/zs2223\/wp-json\/wp\/v2\/product\/3442","targetHints":{"allow":["GET"]}}],"collection":[{"href":"https:\/\/etev7e.pef.czu.cz\/zs2223\/wp-json\/wp\/v2\/product"}],"about":[{"href":"https:\/\/etev7e.pef.czu.cz\/zs2223\/wp-json\/wp\/v2\/types\/product"}],"replies":[{"embeddable":true,"href":"https:\/\/etev7e.pef.czu.cz\/zs2223\/wp-json\/wp\/v2\/comments?post=3442"}],"wp:featuredmedia":[{"embeddable":true,"href":"https:\/\/etev7e.pef.czu.cz\/zs2223\/wp-json\/wp\/v2\/media\/3485"}],"wp:attachment":[{"href":"https:\/\/etev7e.pef.czu.cz\/zs2223\/wp-json\/wp\/v2\/media?parent=3442"}],"wp:term":[{"taxonomy":"product_brand","embeddable":true,"href":"https:\/\/etev7e.pef.czu.cz\/zs2223\/wp-json\/wp\/v2\/product_brand?post=3442"},{"taxonomy":"product_cat","embeddable":true,"href":"https:\/\/etev7e.pef.czu.cz\/zs2223\/wp-json\/wp\/v2\/product_cat?post=3442"},{"taxonomy":"product_tag","embeddable":true,"href":"https:\/\/etev7e.pef.czu.cz\/zs2223\/wp-json\/wp\/v2\/product_tag?post=3442"}],"curies":[{"name":"wp","href":"https:\/\/api.w.org\/{rel}","templated":true}]}}