{"id":3457,"date":"2023-11-06T12:28:21","date_gmt":"2023-11-06T11:28:21","guid":{"rendered":"https:\/\/etev7e.pef.czu.cz\/zs2223\/?post_type=product&#038;p=3457"},"modified":"2023-11-06T12:42:25","modified_gmt":"2023-11-06T11:42:25","slug":"pure-vit-c-milk","status":"publish","type":"product","link":"https:\/\/etev7e.pef.czu.cz\/zs2223\/produkt\/pure-vit-c-milk\/","title":{"rendered":"Pure Vit C Milk"},"content":{"rendered":"<p><span id=\"yui_3_17_2_1_1699269097573_50\">Odli\u010dovac\u00ed ml\u00e9ko, ur\u010den\u00e9 pro p\u00e9\u010di o \u0161edou a c\u00e9vn\u00ed poko\u017eku. Vytvo\u0159eno na b\u00e1zi hroznov\u00e9ho oleje, bohat\u00e9ho na vitam\u00edn E a polyfenoly, s antioxida\u010dn\u00edmi vlastnostmi. Aktivn\u00ed vitamin C p\u0159\u00edtomn\u00fd v p\u0159\u00edpravku posiluje st\u011bny c\u00e9v, zabra\u0148uje jejich prasknut\u00ed a zesv\u011btluje zabarven\u00ed. Jeho p\u016fsoben\u00ed je podpo\u0159eno extraktem \u017een\u0161enu, kter\u00fd urychluje mikrocirkulaci, a hedv\u00e1bn\u00fdm extraktem, d\u00edky kter\u00e9mu se poko\u017eka st\u00e1v\u00e1 hladkou, z\u00e1\u0159ivou a dokonale vy\u010di\u0161t\u011bnou.\u00a0<\/span>Naneste mal\u00e9 mno\u017estv\u00ed ml\u00e9ka na vatov\u00fd tamponek a odli\u010dte j\u00edm d\u016fkladn\u011b poko\u017eku.<\/p>\n","protected":false},"excerpt":{"rendered":"<p>Zklid\u0148uj\u00edc\u00ed\u00a0 a rozjas\u0148uj\u00edc\u00ed tonikum s vitam\u00ednem C pro matnou ple\u0165<\/p>\n","protected":false},"featured_media":3483,"comment_status":"open","ping_status":"closed","template":"","meta":[],"product_brand":[],"product_cat":[975],"product_tag":[993,992,725],"class_list":{"0":"post-3457","1":"product","2":"type-product","3":"status-publish","4":"has-post-thumbnail","6":"product_cat-kosmetika-pro-ruzne-typy-pleti","7":"product_tag-matna-plet","8":"product_tag-odlicovaci-mleko","9":"product_tag-pece-o-plet","11":"first","12":"instock","13":"taxable","14":"shipping-taxable","15":"purchasable","16":"product-type-variable"},"jetpack_sharing_enabled":true,"_links":{"self":[{"href":"https:\/\/etev7e.pef.czu.cz\/zs2223\/wp-json\/wp\/v2\/product\/3457","targetHints":{"allow":["GET"]}}],"collection":[{"href":"https:\/\/etev7e.pef.czu.cz\/zs2223\/wp-json\/wp\/v2\/product"}],"about":[{"href":"https:\/\/etev7e.pef.czu.cz\/zs2223\/wp-json\/wp\/v2\/types\/product"}],"replies":[{"embeddable":true,"href":"https:\/\/etev7e.pef.czu.cz\/zs2223\/wp-json\/wp\/v2\/comments?post=3457"}],"wp:featuredmedia":[{"embeddable":true,"href":"https:\/\/etev7e.pef.czu.cz\/zs2223\/wp-json\/wp\/v2\/media\/3483"}],"wp:attachment":[{"href":"https:\/\/etev7e.pef.czu.cz\/zs2223\/wp-json\/wp\/v2\/media?parent=3457"}],"wp:term":[{"taxonomy":"product_brand","embeddable":true,"href":"https:\/\/etev7e.pef.czu.cz\/zs2223\/wp-json\/wp\/v2\/product_brand?post=3457"},{"taxonomy":"product_cat","embeddable":true,"href":"https:\/\/etev7e.pef.czu.cz\/zs2223\/wp-json\/wp\/v2\/product_cat?post=3457"},{"taxonomy":"product_tag","embeddable":true,"href":"https:\/\/etev7e.pef.czu.cz\/zs2223\/wp-json\/wp\/v2\/product_tag?post=3457"}],"curies":[{"name":"wp","href":"https:\/\/api.w.org\/{rel}","templated":true}]}}