{"id":3458,"date":"2023-11-06T12:28:46","date_gmt":"2023-11-06T11:28:46","guid":{"rendered":"https:\/\/etev7e.pef.czu.cz\/zs2223\/?post_type=product&#038;p=3458"},"modified":"2023-11-06T12:48:44","modified_gmt":"2023-11-06T11:48:44","slug":"jojo-vexta-kysele","status":"publish","type":"product","link":"https:\/\/etev7e.pef.czu.cz\/zs2223\/produkt\/jojo-vexta-kysele\/","title":{"rendered":"JoJo Vexta Kysel\u00e9"},"content":{"rendered":"<p>Kysel\u00e9 bonbony Vexta jsou osv\u011b\u017euj\u00edc\u00ed sladkost\u00ed s ovocnou p\u0159\u00edchut\u00ed. Jejich nad\u00fdchan\u00e1 textura a kyselost pot\u011b\u0161\u00ed ka\u017ed\u00e9ho milovn\u00edka p\u011bnov\u00e9ho \u017eel\u00e9. Vexty jsou v p\u0159\u00edchut\u00edch &#8211; grapefruit, malina, jablko \u010di pomeran\u010d. Barva bonbon\u016f je z\u00edsk\u00e1v\u00e1na z v\u00fdta\u017ek\u016f nebo koncentr\u00e1t\u016f \u0161\u0165\u00e1v z rostlin a zeleniny.<\/p>\n","protected":false},"excerpt":{"rendered":"<p>Kysel\u00e9 bonbony Vexta jsou osv\u011b\u017euj\u00edc\u00ed sladkost\u00ed s ovocnou p\u0159\u00edchut\u00ed. Jejich nad\u00fdchan\u00e1 textura a kyselost pot\u011b\u0161\u00ed ka\u017ed\u00e9ho milovn\u00edka p\u011bnov\u00e9ho \u017eel\u00e9. Vexty jsou v p\u0159\u00edchut\u00edch &#8211; grapefruit, malina, jablko \u010di pomeran\u010d. Barva bonbon\u016f je z\u00edsk\u00e1v\u00e1na z v\u00fdta\u017ek\u016f nebo koncentr\u00e1t\u016f \u0161\u0165\u00e1v z rostlin a zeleniny.<\/p>\n","protected":false},"featured_media":3459,"comment_status":"open","ping_status":"closed","template":"","meta":[],"product_brand":[],"product_cat":[976],"product_tag":[985,978,637],"class_list":{"0":"post-3458","1":"product","2":"type-product","3":"status-publish","4":"has-post-thumbnail","6":"product_cat-nestle-cukrovinky","7":"product_tag-bonbony","8":"product_tag-cukrovinky","9":"product_tag-sladkosti","11":"first","12":"instock","13":"taxable","14":"shipping-taxable","15":"purchasable","16":"product-type-simple"},"jetpack_sharing_enabled":true,"_links":{"self":[{"href":"https:\/\/etev7e.pef.czu.cz\/zs2223\/wp-json\/wp\/v2\/product\/3458","targetHints":{"allow":["GET"]}}],"collection":[{"href":"https:\/\/etev7e.pef.czu.cz\/zs2223\/wp-json\/wp\/v2\/product"}],"about":[{"href":"https:\/\/etev7e.pef.czu.cz\/zs2223\/wp-json\/wp\/v2\/types\/product"}],"replies":[{"embeddable":true,"href":"https:\/\/etev7e.pef.czu.cz\/zs2223\/wp-json\/wp\/v2\/comments?post=3458"}],"wp:featuredmedia":[{"embeddable":true,"href":"https:\/\/etev7e.pef.czu.cz\/zs2223\/wp-json\/wp\/v2\/media\/3459"}],"wp:attachment":[{"href":"https:\/\/etev7e.pef.czu.cz\/zs2223\/wp-json\/wp\/v2\/media?parent=3458"}],"wp:term":[{"taxonomy":"product_brand","embeddable":true,"href":"https:\/\/etev7e.pef.czu.cz\/zs2223\/wp-json\/wp\/v2\/product_brand?post=3458"},{"taxonomy":"product_cat","embeddable":true,"href":"https:\/\/etev7e.pef.czu.cz\/zs2223\/wp-json\/wp\/v2\/product_cat?post=3458"},{"taxonomy":"product_tag","embeddable":true,"href":"https:\/\/etev7e.pef.czu.cz\/zs2223\/wp-json\/wp\/v2\/product_tag?post=3458"}],"curies":[{"name":"wp","href":"https:\/\/api.w.org\/{rel}","templated":true}]}}