{"id":3462,"date":"2023-11-06T14:02:02","date_gmt":"2023-11-06T13:02:02","guid":{"rendered":"https:\/\/etev7e.pef.czu.cz\/zs2223\/?post_type=product&#038;p=3462"},"modified":"2023-11-06T14:02:03","modified_gmt":"2023-11-06T13:02:03","slug":"rainbow-vodni-vysavac","status":"publish","type":"product","link":"https:\/\/etev7e.pef.czu.cz\/zs2223\/produkt\/rainbow-vodni-vysavac\/","title":{"rendered":"Rainbow &#8211; vodn\u00ed vysava\u010d"},"content":{"rendered":"<p>Multifunk\u010dn\u00ed vysava\u010d je velk\u00fd pomocn\u00edk p\u0159i ka\u017edodenn\u00edm \u00faklidu a um\u00ed si poradit se such\u00fdm i mokr\u00fdm vys\u00e1v\u00e1n\u00edm. S multifunk\u010dn\u00edm vysava\u010dem tak budete m\u00edt dokonalou kontrolu nad \u010distotou r\u016fzn\u00fdch povrch\u016f.<\/p>\n","protected":false},"excerpt":{"rendered":"<p>Multifunk\u010dn\u00ed vysava\u010d je velk\u00fd pomocn\u00edk p\u0159i ka\u017edodenn\u00edm \u00faklidu a um\u00ed si poradit se such\u00fdm i mokr\u00fdm vys\u00e1v\u00e1n\u00edm. S multifunk\u010dn\u00edm vysava\u010dem tak budete m\u00edt dokonalou kontrolu nad \u010distotou r\u016fzn\u00fdch povrch\u016f.<\/p>\n","protected":false},"featured_media":3445,"comment_status":"open","ping_status":"closed","template":"","meta":[],"product_brand":[],"product_cat":[991],"product_tag":[964,959,958],"class_list":{"0":"post-3462","1":"product","2":"type-product","3":"status-publish","4":"has-post-thumbnail","6":"product_cat-domaci-spotrebice","7":"product_tag-roboticky-vysavac","8":"product_tag-tycovy-vysavac","9":"product_tag-vysavac","11":"first","12":"instock","13":"sale","14":"taxable","15":"shipping-taxable","16":"purchasable","17":"product-type-simple"},"jetpack_sharing_enabled":true,"_links":{"self":[{"href":"https:\/\/etev7e.pef.czu.cz\/zs2223\/wp-json\/wp\/v2\/product\/3462","targetHints":{"allow":["GET"]}}],"collection":[{"href":"https:\/\/etev7e.pef.czu.cz\/zs2223\/wp-json\/wp\/v2\/product"}],"about":[{"href":"https:\/\/etev7e.pef.czu.cz\/zs2223\/wp-json\/wp\/v2\/types\/product"}],"replies":[{"embeddable":true,"href":"https:\/\/etev7e.pef.czu.cz\/zs2223\/wp-json\/wp\/v2\/comments?post=3462"}],"wp:featuredmedia":[{"embeddable":true,"href":"https:\/\/etev7e.pef.czu.cz\/zs2223\/wp-json\/wp\/v2\/media\/3445"}],"wp:attachment":[{"href":"https:\/\/etev7e.pef.czu.cz\/zs2223\/wp-json\/wp\/v2\/media?parent=3462"}],"wp:term":[{"taxonomy":"product_brand","embeddable":true,"href":"https:\/\/etev7e.pef.czu.cz\/zs2223\/wp-json\/wp\/v2\/product_brand?post=3462"},{"taxonomy":"product_cat","embeddable":true,"href":"https:\/\/etev7e.pef.czu.cz\/zs2223\/wp-json\/wp\/v2\/product_cat?post=3462"},{"taxonomy":"product_tag","embeddable":true,"href":"https:\/\/etev7e.pef.czu.cz\/zs2223\/wp-json\/wp\/v2\/product_tag?post=3462"}],"curies":[{"name":"wp","href":"https:\/\/api.w.org\/{rel}","templated":true}]}}