{"id":3463,"date":"2023-11-06T12:30:51","date_gmt":"2023-11-06T11:30:51","guid":{"rendered":"https:\/\/etev7e.pef.czu.cz\/zs2223\/?post_type=product&#038;p=3463"},"modified":"2023-11-06T13:02:18","modified_gmt":"2023-11-06T12:02:18","slug":"snail-mucin-elixir","status":"publish","type":"product","link":"https:\/\/etev7e.pef.czu.cz\/zs2223\/produkt\/snail-mucin-elixir\/","title":{"rendered":"Snail Mucin Elixir"},"content":{"rendered":"<p>Elix\u00edr se \u0161ne\u010d\u00edm mucinem. HELISKIN LG500 m\u00e1 regenera\u010dn\u00ed vlastnosti a usnad\u0148uje obnovu po\u0161kozen\u00e9 epidermis. Viditeln\u011b vyhlazuje a omlazuje poko\u017eku t\u00edm, \u017ee stimuluje synt\u00e9zu kolagenu a elastinu. Obsahuje ANTILEUKIN 6\u2122, extrakt ze zlat\u00fdch \u0159as redukuj\u00edc\u00ed zarudnut\u00ed a podr\u00e1\u017ed\u011bn\u00ed. Doporu\u010duje se zejm\u00e9na pro citlivou poko\u017eku a po intenzivn\u00edch kosmetick\u00fdch o\u0161et\u0159en\u00edch pro v\u0161echny typy pleti. Aplikujte s\u00e9rum r\u00e1no a ve\u010der na o\u010di\u0161t\u011bn\u00fd obli\u010dej, krk a dekolt.<\/p>\n","protected":false},"excerpt":{"rendered":"<p>Denn\u00ed i no\u010dn\u00ed s\u00e9rum se \u0161ne\u010d\u00edm slizem pro citlivou ple\u0165<\/p>\n","protected":false},"featured_media":3480,"comment_status":"open","ping_status":"closed","template":"","meta":[],"product_brand":[],"product_cat":[975],"product_tag":[990,725,344],"class_list":{"0":"post-3463","1":"product","2":"type-product","3":"status-publish","4":"has-post-thumbnail","6":"product_cat-kosmetika-pro-ruzne-typy-pleti","7":"product_tag-citliva-plet","8":"product_tag-pece-o-plet","9":"product_tag-plet-pece-o-plet-pletove-serum","11":"first","12":"instock","13":"taxable","14":"shipping-taxable","15":"purchasable","16":"product-type-variable"},"jetpack_sharing_enabled":true,"_links":{"self":[{"href":"https:\/\/etev7e.pef.czu.cz\/zs2223\/wp-json\/wp\/v2\/product\/3463","targetHints":{"allow":["GET"]}}],"collection":[{"href":"https:\/\/etev7e.pef.czu.cz\/zs2223\/wp-json\/wp\/v2\/product"}],"about":[{"href":"https:\/\/etev7e.pef.czu.cz\/zs2223\/wp-json\/wp\/v2\/types\/product"}],"replies":[{"embeddable":true,"href":"https:\/\/etev7e.pef.czu.cz\/zs2223\/wp-json\/wp\/v2\/comments?post=3463"}],"wp:featuredmedia":[{"embeddable":true,"href":"https:\/\/etev7e.pef.czu.cz\/zs2223\/wp-json\/wp\/v2\/media\/3480"}],"wp:attachment":[{"href":"https:\/\/etev7e.pef.czu.cz\/zs2223\/wp-json\/wp\/v2\/media?parent=3463"}],"wp:term":[{"taxonomy":"product_brand","embeddable":true,"href":"https:\/\/etev7e.pef.czu.cz\/zs2223\/wp-json\/wp\/v2\/product_brand?post=3463"},{"taxonomy":"product_cat","embeddable":true,"href":"https:\/\/etev7e.pef.czu.cz\/zs2223\/wp-json\/wp\/v2\/product_cat?post=3463"},{"taxonomy":"product_tag","embeddable":true,"href":"https:\/\/etev7e.pef.czu.cz\/zs2223\/wp-json\/wp\/v2\/product_tag?post=3463"}],"curies":[{"name":"wp","href":"https:\/\/api.w.org\/{rel}","templated":true}]}}