{"id":3467,"date":"2023-11-06T12:32:22","date_gmt":"2023-11-06T11:32:22","guid":{"rendered":"https:\/\/etev7e.pef.czu.cz\/zs2223\/?post_type=product&#038;p=3467"},"modified":"2023-11-06T12:40:02","modified_gmt":"2023-11-06T11:40:02","slug":"lentilky","status":"publish","type":"product","link":"https:\/\/etev7e.pef.czu.cz\/zs2223\/produkt\/lentilky\/","title":{"rendered":"Lentilky"},"content":{"rendered":"<p>Jsou kulat\u00e9, hrav\u00e9, barevn\u00e9 a pln\u00e9 fantazie. Lentilky jsou vyrobeny z prav\u00e9ho kakaa p\u011bstovan\u00e9ho podle z\u00e1sad etick\u00e9ho zem\u011bd\u011blstv\u00ed NESTLE COCOA PLAN.<\/p>\n","protected":false},"excerpt":{"rendered":"<p>Jsou kulat\u00e9, hrav\u00e9, barevn\u00e9 a pln\u00e9 fantazie. Lentilky jsou vyrobeny z prav\u00e9ho kakaa p\u011bstovan\u00e9ho podle z\u00e1sad etick\u00e9ho zem\u011bd\u011blstv\u00ed NESTLE COCOA PLAN.<\/p>\n","protected":false},"featured_media":3469,"comment_status":"open","ping_status":"closed","template":"","meta":[],"product_brand":[],"product_cat":[976],"product_tag":[978,986,352,637,987],"class_list":{"0":"post-3467","1":"product","2":"type-product","3":"status-publish","4":"has-post-thumbnail","6":"product_cat-nestle-cukrovinky","7":"product_tag-cukrovinky","8":"product_tag-orion","9":"product_tag-peceni","10":"product_tag-sladkosti","11":"product_tag-zdobeni","13":"first","14":"instock","15":"taxable","16":"shipping-taxable","17":"purchasable","18":"product-type-simple"},"jetpack_sharing_enabled":true,"_links":{"self":[{"href":"https:\/\/etev7e.pef.czu.cz\/zs2223\/wp-json\/wp\/v2\/product\/3467","targetHints":{"allow":["GET"]}}],"collection":[{"href":"https:\/\/etev7e.pef.czu.cz\/zs2223\/wp-json\/wp\/v2\/product"}],"about":[{"href":"https:\/\/etev7e.pef.czu.cz\/zs2223\/wp-json\/wp\/v2\/types\/product"}],"replies":[{"embeddable":true,"href":"https:\/\/etev7e.pef.czu.cz\/zs2223\/wp-json\/wp\/v2\/comments?post=3467"}],"wp:featuredmedia":[{"embeddable":true,"href":"https:\/\/etev7e.pef.czu.cz\/zs2223\/wp-json\/wp\/v2\/media\/3469"}],"wp:attachment":[{"href":"https:\/\/etev7e.pef.czu.cz\/zs2223\/wp-json\/wp\/v2\/media?parent=3467"}],"wp:term":[{"taxonomy":"product_brand","embeddable":true,"href":"https:\/\/etev7e.pef.czu.cz\/zs2223\/wp-json\/wp\/v2\/product_brand?post=3467"},{"taxonomy":"product_cat","embeddable":true,"href":"https:\/\/etev7e.pef.czu.cz\/zs2223\/wp-json\/wp\/v2\/product_cat?post=3467"},{"taxonomy":"product_tag","embeddable":true,"href":"https:\/\/etev7e.pef.czu.cz\/zs2223\/wp-json\/wp\/v2\/product_tag?post=3467"}],"curies":[{"name":"wp","href":"https:\/\/api.w.org\/{rel}","templated":true}]}}