{"id":3471,"date":"2023-11-06T12:33:55","date_gmt":"2023-11-06T11:33:55","guid":{"rendered":"https:\/\/etev7e.pef.czu.cz\/zs2223\/?post_type=product&#038;p=3471"},"modified":"2023-11-06T12:53:00","modified_gmt":"2023-11-06T11:53:00","slug":"sojova-delikatesa-margot","status":"publish","type":"product","link":"https:\/\/etev7e.pef.czu.cz\/zs2223\/produkt\/sojova-delikatesa-margot\/","title":{"rendered":"S\u00f3jov\u00e1 delikatesa Margot"},"content":{"rendered":"<p>S\u00f3jov\u00e1 ty\u010dinka m\u00e1\u010den\u00e1 v kakaov\u00e9 polev\u011b. Nejv\u00edce ikonick\u00e1 ty\u010dinka s obl\u00edbenou rumovo-kokosovou p\u0159\u00edchut\u00ed, kter\u00e1 ti dod\u00e1 po\u0159\u00e1dnou chu\u0165 i s\u00edlu dot\u00e1hnout v\u011bci do konce!<\/p>\n","protected":false},"excerpt":{"rendered":"<p>S\u00f3jov\u00e1 ty\u010dinka m\u00e1\u010den\u00e1 v kakaov\u00e9 polev\u011b. Nejv\u00edce ikonick\u00e1 ty\u010dinka s obl\u00edbenou rumovo-kokosovou p\u0159\u00edchut\u00ed, kter\u00e1 ti dod\u00e1 po\u0159\u00e1dnou chu\u0165 i s\u00edlu dot\u00e1hnout v\u011bci do konce!<\/p>\n","protected":false},"featured_media":3474,"comment_status":"open","ping_status":"closed","template":"","meta":[],"product_brand":[],"product_cat":[976],"product_tag":[981,989,978,637,999,984],"class_list":{"0":"post-3471","1":"product","2":"type-product","3":"status-publish","4":"has-post-thumbnail","6":"product_cat-nestle-cukrovinky","7":"product_tag-cokolada","8":"product_tag-cokoladove-tycinky","9":"product_tag-cukrovinky","10":"product_tag-sladkosti","11":"product_tag-sojove-produkty","12":"product_tag-svacina","14":"first","15":"instock","16":"taxable","17":"shipping-taxable","18":"purchasable","19":"product-type-simple"},"jetpack_sharing_enabled":true,"_links":{"self":[{"href":"https:\/\/etev7e.pef.czu.cz\/zs2223\/wp-json\/wp\/v2\/product\/3471","targetHints":{"allow":["GET"]}}],"collection":[{"href":"https:\/\/etev7e.pef.czu.cz\/zs2223\/wp-json\/wp\/v2\/product"}],"about":[{"href":"https:\/\/etev7e.pef.czu.cz\/zs2223\/wp-json\/wp\/v2\/types\/product"}],"replies":[{"embeddable":true,"href":"https:\/\/etev7e.pef.czu.cz\/zs2223\/wp-json\/wp\/v2\/comments?post=3471"}],"wp:featuredmedia":[{"embeddable":true,"href":"https:\/\/etev7e.pef.czu.cz\/zs2223\/wp-json\/wp\/v2\/media\/3474"}],"wp:attachment":[{"href":"https:\/\/etev7e.pef.czu.cz\/zs2223\/wp-json\/wp\/v2\/media?parent=3471"}],"wp:term":[{"taxonomy":"product_brand","embeddable":true,"href":"https:\/\/etev7e.pef.czu.cz\/zs2223\/wp-json\/wp\/v2\/product_brand?post=3471"},{"taxonomy":"product_cat","embeddable":true,"href":"https:\/\/etev7e.pef.czu.cz\/zs2223\/wp-json\/wp\/v2\/product_cat?post=3471"},{"taxonomy":"product_tag","embeddable":true,"href":"https:\/\/etev7e.pef.czu.cz\/zs2223\/wp-json\/wp\/v2\/product_tag?post=3471"}],"curies":[{"name":"wp","href":"https:\/\/api.w.org\/{rel}","templated":true}]}}