{"id":3473,"date":"2023-11-06T12:54:34","date_gmt":"2023-11-06T11:54:34","guid":{"rendered":"https:\/\/etev7e.pef.czu.cz\/zs2223\/?post_type=product&#038;p=3473"},"modified":"2023-11-06T13:05:12","modified_gmt":"2023-11-06T12:05:12","slug":"cistici-univerzalni-cistic-s-dezinfekci","status":"publish","type":"product","link":"https:\/\/etev7e.pef.czu.cz\/zs2223\/produkt\/cistici-univerzalni-cistic-s-dezinfekci\/","title":{"rendered":"Sanytol &#8211; univerz\u00e1ln\u00ed dezinfek\u010dn\u00ed prost\u0159edek"},"content":{"rendered":"<p><strong>Univerz\u00e1ln\u00ed dezinfek\u010dn\u00ed \u010disti\u010d<\/strong>\u00a0Lysoform.\u00a0<strong>Dezinfekce<\/strong>\u00a0Lysoform s univerz\u00e1ln\u00edm vyu\u017eit\u00edm na podlahy a v\u011bt\u0161\u00ed povrchy. Hloubkov\u00e1\u00a0<strong>\u010distic\u00ed<\/strong>\u00a0s\u00edla na b\u00e1zi benzalkoniumcloridu a kyseliny mraven\u010d\u00ed pom\u00e1h\u00e1 zachovat va\u0161\u00ed dom\u00e1cnost \u010distou bez bakteri\u00ed, pl\u00edsn\u00ed a vir\u016f.<\/p>\n","protected":false},"excerpt":{"rendered":"<p>Univerz\u00e1ln\u00ed dezinfek\u010dn\u00ed \u010disti\u010d\u00a0Lysoform.\u00a0Dezinfekce\u00a0Lysoform s univerz\u00e1ln\u00edm vyu\u017eit\u00edm na podlahy a v\u011bt\u0161\u00ed povrchy. Hloubkov\u00e1\u00a0\u010distic\u00ed\u00a0s\u00edla na b\u00e1zi benzalkoniumcloridu a kyseliny mraven\u010d\u00ed pom\u00e1h\u00e1 zachovat va\u0161\u00ed dom\u00e1cnost \u010distou bez bakteri\u00ed, pl\u00edsn\u00ed a vir\u016f.<\/p>\n","protected":false},"featured_media":3484,"comment_status":"open","ping_status":"closed","template":"","meta":[],"product_brand":[],"product_cat":[983],"product_tag":[],"class_list":{"0":"post-3473","1":"product","2":"type-product","3":"status-publish","4":"has-post-thumbnail","6":"product_cat-cistici-prostredky","8":"first","9":"instock","10":"sale","11":"taxable","12":"shipping-taxable","13":"purchasable","14":"product-type-simple"},"jetpack_sharing_enabled":true,"_links":{"self":[{"href":"https:\/\/etev7e.pef.czu.cz\/zs2223\/wp-json\/wp\/v2\/product\/3473","targetHints":{"allow":["GET"]}}],"collection":[{"href":"https:\/\/etev7e.pef.czu.cz\/zs2223\/wp-json\/wp\/v2\/product"}],"about":[{"href":"https:\/\/etev7e.pef.czu.cz\/zs2223\/wp-json\/wp\/v2\/types\/product"}],"replies":[{"embeddable":true,"href":"https:\/\/etev7e.pef.czu.cz\/zs2223\/wp-json\/wp\/v2\/comments?post=3473"}],"wp:featuredmedia":[{"embeddable":true,"href":"https:\/\/etev7e.pef.czu.cz\/zs2223\/wp-json\/wp\/v2\/media\/3484"}],"wp:attachment":[{"href":"https:\/\/etev7e.pef.czu.cz\/zs2223\/wp-json\/wp\/v2\/media?parent=3473"}],"wp:term":[{"taxonomy":"product_brand","embeddable":true,"href":"https:\/\/etev7e.pef.czu.cz\/zs2223\/wp-json\/wp\/v2\/product_brand?post=3473"},{"taxonomy":"product_cat","embeddable":true,"href":"https:\/\/etev7e.pef.czu.cz\/zs2223\/wp-json\/wp\/v2\/product_cat?post=3473"},{"taxonomy":"product_tag","embeddable":true,"href":"https:\/\/etev7e.pef.czu.cz\/zs2223\/wp-json\/wp\/v2\/product_tag?post=3473"}],"curies":[{"name":"wp","href":"https:\/\/api.w.org\/{rel}","templated":true}]}}