{"id":3497,"date":"2023-11-06T13:00:50","date_gmt":"2023-11-06T12:00:50","guid":{"rendered":"https:\/\/etev7e.pef.czu.cz\/zs2223\/?post_type=product&#038;p=3497"},"modified":"2023-11-06T13:04:56","modified_gmt":"2023-11-06T12:04:56","slug":"cif-cream","status":"publish","type":"product","link":"https:\/\/etev7e.pef.czu.cz\/zs2223\/produkt\/cif-cream\/","title":{"rendered":"Cif Cream &#8211; prost\u0159edek na \u010di\u0161t\u011bn\u00ed kuchy\u0148sk\u00fdch a koupelnov\u00fdch ploch"},"content":{"rendered":"<p>Cif kr\u00e9m Original snadno a rychle odstran\u00ed i odoln\u00e9 ne\u010distoty v cel\u00e9m dom\u011b. Slo\u017een\u00ed s mikro\u010d\u00e1sticemi a odma\u0161\u0165uj\u00edc\u00edmi l\u00e1tkami pronik\u00e1 hluboko do ne\u010distot a rozpou\u0161t\u00ed je. Odstran\u00ed tak i ne\u010distoty, o kter\u00fdch jste si mysleli, \u017ee je nikdy nevy\u010dist\u00edte.<\/p>\n","protected":false},"excerpt":{"rendered":"<p>Cif kr\u00e9m Original snadno a rychle odstran\u00ed i odoln\u00e9 ne\u010distoty v cel\u00e9m dom\u011b. Slo\u017een\u00ed s mikro\u010d\u00e1sticemi a odma\u0161\u0165uj\u00edc\u00edmi l\u00e1tkami pronik\u00e1 hluboko do ne\u010distot a rozpou\u0161t\u00ed je. Odstran\u00ed tak i ne\u010distoty, o kter\u00fdch jste si mysleli, \u017ee je nikdy nevy\u010dist\u00edte.<\/p>\n","protected":false},"featured_media":3503,"comment_status":"open","ping_status":"closed","template":"","meta":[],"product_brand":[],"product_cat":[983],"product_tag":[],"class_list":{"0":"post-3497","1":"product","2":"type-product","3":"status-publish","4":"has-post-thumbnail","6":"product_cat-cistici-prostredky","8":"first","9":"instock","10":"sale","11":"taxable","12":"shipping-taxable","13":"purchasable","14":"product-type-simple"},"jetpack_sharing_enabled":true,"_links":{"self":[{"href":"https:\/\/etev7e.pef.czu.cz\/zs2223\/wp-json\/wp\/v2\/product\/3497","targetHints":{"allow":["GET"]}}],"collection":[{"href":"https:\/\/etev7e.pef.czu.cz\/zs2223\/wp-json\/wp\/v2\/product"}],"about":[{"href":"https:\/\/etev7e.pef.czu.cz\/zs2223\/wp-json\/wp\/v2\/types\/product"}],"replies":[{"embeddable":true,"href":"https:\/\/etev7e.pef.czu.cz\/zs2223\/wp-json\/wp\/v2\/comments?post=3497"}],"wp:featuredmedia":[{"embeddable":true,"href":"https:\/\/etev7e.pef.czu.cz\/zs2223\/wp-json\/wp\/v2\/media\/3503"}],"wp:attachment":[{"href":"https:\/\/etev7e.pef.czu.cz\/zs2223\/wp-json\/wp\/v2\/media?parent=3497"}],"wp:term":[{"taxonomy":"product_brand","embeddable":true,"href":"https:\/\/etev7e.pef.czu.cz\/zs2223\/wp-json\/wp\/v2\/product_brand?post=3497"},{"taxonomy":"product_cat","embeddable":true,"href":"https:\/\/etev7e.pef.czu.cz\/zs2223\/wp-json\/wp\/v2\/product_cat?post=3497"},{"taxonomy":"product_tag","embeddable":true,"href":"https:\/\/etev7e.pef.czu.cz\/zs2223\/wp-json\/wp\/v2\/product_tag?post=3497"}],"curies":[{"name":"wp","href":"https:\/\/api.w.org\/{rel}","templated":true}]}}