{"id":3505,"date":"2023-11-06T14:01:16","date_gmt":"2023-11-06T13:01:16","guid":{"rendered":"https:\/\/etev7e.pef.czu.cz\/zs2223\/?post_type=product&#038;p=3505"},"modified":"2023-11-06T14:01:17","modified_gmt":"2023-11-06T13:01:17","slug":"ionizacni-fen-parlux-alyon","status":"publish","type":"product","link":"https:\/\/etev7e.pef.czu.cz\/zs2223\/produkt\/ionizacni-fen-parlux-alyon\/","title":{"rendered":"Ioniza\u010dn\u00ed f\u00e9n Parlux Alyon"},"content":{"rendered":"<p>F\u00e9n zajist\u00ed rychl\u00e9 a zdrav\u00e9 vysou\u0161en\u00ed vlas\u016f. M\u00e1 dlouhou \u017eivotnost, perfektn\u00ed vyv\u00e1\u017een\u00ed a vysok\u00fd v\u00fdkon (konkr\u00e9tn\u011b 2 250 W). M\u00e1 lehkou, ergonomickou a vyv\u00e1\u017eenou rukoje\u0165, kterou ocen\u00ed nejen profesion\u00e1lov\u00e9. F\u00e9n m\u00e1 3 \u00farovn\u011b tepl\u00e9ho vzduchu a sp\u00edna\u010d studen\u00e9ho vzduchu. Nap\u00e1jec\u00ed kabel je dlouh\u00fd 3,3 m. F\u00e9ny Parlux jsou vyr\u00e1b\u011bny v Evrop\u011b, konkr\u00e9tn\u011b v It\u00e1lii, z vysoce kvalitn\u00edch netoxick\u00fdch materi\u00e1l\u016f.<\/p>\n","protected":false},"excerpt":{"rendered":"<p>F\u00e9n zajist\u00ed rychl\u00e9 a zdrav\u00e9 vysou\u0161en\u00ed vlas\u016f. M\u00e1 dlouhou \u017eivotnost, perfektn\u00ed vyv\u00e1\u017een\u00ed a vysok\u00fd v\u00fdkon (konkr\u00e9tn\u011b 2 250 W). M\u00e1 lehkou, ergonomickou a vyv\u00e1\u017eenou rukoje\u0165, kterou ocen\u00ed nejen profesion\u00e1lov\u00e9. F\u00e9n m\u00e1 3 \u00farovn\u011b tepl\u00e9ho vzduchu a sp\u00edna\u010d studen\u00e9ho vzduchu. Nap\u00e1jec\u00ed kabel je dlouh\u00fd 3,3 m. F\u00e9ny Parlux jsou vyr\u00e1b\u011bny v Evrop\u011b, konkr\u00e9tn\u011b v It\u00e1lii, z [&hellip;]<\/p>\n","protected":false},"featured_media":3447,"comment_status":"open","ping_status":"closed","template":"","meta":[],"product_brand":[],"product_cat":[991],"product_tag":[1000,651,1001],"class_list":{"0":"post-3505","1":"product","2":"type-product","3":"status-publish","4":"has-post-thumbnail","6":"product_cat-domaci-spotrebice","7":"product_tag-fen","8":"product_tag-pro-suche-a-krehke-vlasy","9":"product_tag-vysusovac","11":"first","12":"instock","13":"sale","14":"taxable","15":"shipping-taxable","16":"purchasable","17":"product-type-simple"},"jetpack_sharing_enabled":true,"_links":{"self":[{"href":"https:\/\/etev7e.pef.czu.cz\/zs2223\/wp-json\/wp\/v2\/product\/3505","targetHints":{"allow":["GET"]}}],"collection":[{"href":"https:\/\/etev7e.pef.czu.cz\/zs2223\/wp-json\/wp\/v2\/product"}],"about":[{"href":"https:\/\/etev7e.pef.czu.cz\/zs2223\/wp-json\/wp\/v2\/types\/product"}],"replies":[{"embeddable":true,"href":"https:\/\/etev7e.pef.czu.cz\/zs2223\/wp-json\/wp\/v2\/comments?post=3505"}],"wp:featuredmedia":[{"embeddable":true,"href":"https:\/\/etev7e.pef.czu.cz\/zs2223\/wp-json\/wp\/v2\/media\/3447"}],"wp:attachment":[{"href":"https:\/\/etev7e.pef.czu.cz\/zs2223\/wp-json\/wp\/v2\/media?parent=3505"}],"wp:term":[{"taxonomy":"product_brand","embeddable":true,"href":"https:\/\/etev7e.pef.czu.cz\/zs2223\/wp-json\/wp\/v2\/product_brand?post=3505"},{"taxonomy":"product_cat","embeddable":true,"href":"https:\/\/etev7e.pef.czu.cz\/zs2223\/wp-json\/wp\/v2\/product_cat?post=3505"},{"taxonomy":"product_tag","embeddable":true,"href":"https:\/\/etev7e.pef.czu.cz\/zs2223\/wp-json\/wp\/v2\/product_tag?post=3505"}],"curies":[{"name":"wp","href":"https:\/\/api.w.org\/{rel}","templated":true}]}}