{"id":3507,"date":"2023-11-06T14:01:51","date_gmt":"2023-11-06T13:01:51","guid":{"rendered":"https:\/\/etev7e.pef.czu.cz\/zs2223\/?post_type=product&#038;p=3507"},"modified":"2023-11-06T14:01:51","modified_gmt":"2023-11-06T13:01:51","slug":"rychlovarna-konvice-tefal","status":"publish","type":"product","link":"https:\/\/etev7e.pef.czu.cz\/zs2223\/produkt\/rychlovarna-konvice-tefal\/","title":{"rendered":"Rychlovarn\u00e1 konvice Tefal"},"content":{"rendered":"<p>Rychlovarn\u00e1 konvice Tefal slou\u017e\u00ed k oh\u0159evu vody a\u017e do bodu varu. V\u00fdhodou je mo\u017enost nastaven\u00ed stup\u0148\u016f na po\u017eadovanou \u00farove\u0148. Vyu\u017eit\u00ed to m\u00e1 p\u0159edev\u0161\u00edm v tom, \u017ee n\u011bkter\u00e9 k\u00e1vy a \u010daje vy\u017eaduj\u00ed k dosa\u017een\u00ed nejlep\u0161\u00ed chuti r\u016fzn\u00e9 teploty.<\/p>\n","protected":false},"excerpt":{"rendered":"<p>Rychlovarn\u00e1 konvice Tefal slou\u017e\u00ed k oh\u0159evu vody a\u017e do bodu varu. V\u00fdhodou je mo\u017enost nastaven\u00ed stup\u0148\u016f na po\u017eadovanou \u00farove\u0148. Vyu\u017eit\u00ed to m\u00e1 p\u0159edev\u0161\u00edm v tom, \u017ee n\u011bkter\u00e9 k\u00e1vy a \u010daje vy\u017eaduj\u00ed k dosa\u017een\u00ed nejlep\u0161\u00ed chuti r\u016fzn\u00e9 teploty.<\/p>\n","protected":false},"featured_media":3510,"comment_status":"open","ping_status":"closed","template":"","meta":[],"product_brand":[],"product_cat":[991],"product_tag":[1014,1013,1015],"class_list":{"0":"post-3507","1":"product","2":"type-product","3":"status-publish","4":"has-post-thumbnail","6":"product_cat-domaci-spotrebice","7":"product_tag-konvice","8":"product_tag-rychlovarna-konvice","9":"product_tag-tefal","11":"first","12":"instock","13":"sale","14":"taxable","15":"shipping-taxable","16":"purchasable","17":"product-type-simple"},"jetpack_sharing_enabled":true,"_links":{"self":[{"href":"https:\/\/etev7e.pef.czu.cz\/zs2223\/wp-json\/wp\/v2\/product\/3507","targetHints":{"allow":["GET"]}}],"collection":[{"href":"https:\/\/etev7e.pef.czu.cz\/zs2223\/wp-json\/wp\/v2\/product"}],"about":[{"href":"https:\/\/etev7e.pef.czu.cz\/zs2223\/wp-json\/wp\/v2\/types\/product"}],"replies":[{"embeddable":true,"href":"https:\/\/etev7e.pef.czu.cz\/zs2223\/wp-json\/wp\/v2\/comments?post=3507"}],"wp:featuredmedia":[{"embeddable":true,"href":"https:\/\/etev7e.pef.czu.cz\/zs2223\/wp-json\/wp\/v2\/media\/3510"}],"wp:attachment":[{"href":"https:\/\/etev7e.pef.czu.cz\/zs2223\/wp-json\/wp\/v2\/media?parent=3507"}],"wp:term":[{"taxonomy":"product_brand","embeddable":true,"href":"https:\/\/etev7e.pef.czu.cz\/zs2223\/wp-json\/wp\/v2\/product_brand?post=3507"},{"taxonomy":"product_cat","embeddable":true,"href":"https:\/\/etev7e.pef.czu.cz\/zs2223\/wp-json\/wp\/v2\/product_cat?post=3507"},{"taxonomy":"product_tag","embeddable":true,"href":"https:\/\/etev7e.pef.czu.cz\/zs2223\/wp-json\/wp\/v2\/product_tag?post=3507"}],"curies":[{"name":"wp","href":"https:\/\/api.w.org\/{rel}","templated":true}]}}