{"id":3508,"date":"2023-11-06T14:01:36","date_gmt":"2023-11-06T13:01:36","guid":{"rendered":"https:\/\/etev7e.pef.czu.cz\/zs2223\/?post_type=product&#038;p=3508"},"modified":"2023-11-06T14:01:37","modified_gmt":"2023-11-06T13:01:37","slug":"zastrihovac-vlasu-a-vousu-silvercrest","status":"publish","type":"product","link":"https:\/\/etev7e.pef.czu.cz\/zs2223\/produkt\/zastrihovac-vlasu-a-vousu-silvercrest\/","title":{"rendered":"Zast\u0159ihova\u010d vlas\u016f a vous\u016f Silvercrest"},"content":{"rendered":"<p>Zast\u0159ihova\u010d je univerz\u00e1ln\u00ed hol\u00edc\u00ed strojek pro \u00fapravy vous\u016f. Slou\u017e\u00ed, jak na zast\u0159ihov\u00e1n\u00ed vlas\u016f, tak na holen\u00ed a \u00fapravu vous\u016f. V\u00fdhodou je, \u017ee se d\u00e1 vyu\u017e\u00edt i n\u00e1stavec a nastavit si d\u00e9lku zast\u0159i\u017een\u00fdch vous\u016f nebo vlas\u016f. P\u0159i holen\u00ed lze sundat n\u00e1stavec a oholit vousy do hladka.<\/p>\n","protected":false},"excerpt":{"rendered":"<p>Zast\u0159ihova\u010d je univerz\u00e1ln\u00ed hol\u00edc\u00ed strojek pro \u00fapravy vous\u016f. Slou\u017e\u00ed, jak na zast\u0159ihov\u00e1n\u00ed vlas\u016f, tak na holen\u00ed a \u00fapravu vous\u016f. V\u00fdhodou je, \u017ee se d\u00e1 vyu\u017e\u00edt i n\u00e1stavec a nastavit si d\u00e9lku zast\u0159i\u017een\u00fdch vous\u016f nebo vlas\u016f. P\u0159i holen\u00ed lze sundat n\u00e1stavec a oholit vousy do hladka.<\/p>\n","protected":false},"featured_media":3444,"comment_status":"open","ping_status":"closed","template":"","meta":[],"product_brand":[],"product_cat":[991],"product_tag":[1016,944,1018,1017],"class_list":{"0":"post-3508","1":"product","2":"type-product","3":"status-publish","4":"has-post-thumbnail","6":"product_cat-domaci-spotrebice","7":"product_tag-holici-strojek","8":"product_tag-vlasy","9":"product_tag-vousy","10":"product_tag-zastrihovac","12":"first","13":"instock","14":"sale","15":"taxable","16":"shipping-taxable","17":"purchasable","18":"product-type-simple"},"jetpack_sharing_enabled":true,"_links":{"self":[{"href":"https:\/\/etev7e.pef.czu.cz\/zs2223\/wp-json\/wp\/v2\/product\/3508","targetHints":{"allow":["GET"]}}],"collection":[{"href":"https:\/\/etev7e.pef.czu.cz\/zs2223\/wp-json\/wp\/v2\/product"}],"about":[{"href":"https:\/\/etev7e.pef.czu.cz\/zs2223\/wp-json\/wp\/v2\/types\/product"}],"replies":[{"embeddable":true,"href":"https:\/\/etev7e.pef.czu.cz\/zs2223\/wp-json\/wp\/v2\/comments?post=3508"}],"wp:featuredmedia":[{"embeddable":true,"href":"https:\/\/etev7e.pef.czu.cz\/zs2223\/wp-json\/wp\/v2\/media\/3444"}],"wp:attachment":[{"href":"https:\/\/etev7e.pef.czu.cz\/zs2223\/wp-json\/wp\/v2\/media?parent=3508"}],"wp:term":[{"taxonomy":"product_brand","embeddable":true,"href":"https:\/\/etev7e.pef.czu.cz\/zs2223\/wp-json\/wp\/v2\/product_brand?post=3508"},{"taxonomy":"product_cat","embeddable":true,"href":"https:\/\/etev7e.pef.czu.cz\/zs2223\/wp-json\/wp\/v2\/product_cat?post=3508"},{"taxonomy":"product_tag","embeddable":true,"href":"https:\/\/etev7e.pef.czu.cz\/zs2223\/wp-json\/wp\/v2\/product_tag?post=3508"}],"curies":[{"name":"wp","href":"https:\/\/api.w.org\/{rel}","templated":true}]}}