{"id":3534,"date":"2023-11-06T14:11:30","date_gmt":"2023-11-06T13:11:30","guid":{"rendered":"https:\/\/etev7e.pef.czu.cz\/zs2223\/?post_type=product&#038;p=3534"},"modified":"2023-11-07T14:31:11","modified_gmt":"2023-11-07T13:31:11","slug":"proteinella","status":"publish","type":"product","link":"https:\/\/etev7e.pef.czu.cz\/zs2223\/produkt\/proteinella\/","title":{"rendered":"Proteinella"},"content":{"rendered":"<div>\n<p><span lang=\"cs-cz\" xml:lang=\"cs-cz\">Jedn\u00e1 se o kr\u00e9movou proteinovou pomaz\u00e1nku vyrobenou z\u202fplnohodnotn\u00e9ho syrov\u00e1tkov\u00e9ho proteinu a l\u00edskov\u00fdch o\u0159\u00ed\u0161k\u016f. Na 100 g pomaz\u00e1nky obsahuje 13,2 g proteinu. Obsahuje jenom mal\u00e9 mno\u017estv\u00ed cukru, jeliko\u017e je slazen\u00e1 maltitolem. Jedn\u00e1 se tak o zdravou alternativu l\u00edskoo\u0159\u00ed\u0161kov\u00e9ho kr\u00e9mu.\u00a0<\/span><\/p>\n<\/div>\n<div>\n<p><span lang=\"cs-cz\" xml:lang=\"cs-cz\">Proteinella se d\u011bl\u00e1 v mnoha p\u0159\u00edchut\u00edch jimi\u017e jsou: b\u00edl\u00e1 \u010dokol\u00e1da, cookie dough, kakao\/l\u00edskov\u00fd o\u0159\u00ed\u0161ek a slan\u00fd karamel.<\/span><\/p>\n<\/div>\n","protected":false},"excerpt":{"rendered":"<div>\n<p><span lang=\"cs-cz\" xml:lang=\"cs-cz\">Protienella je kr\u00e9mov\u00e1 proteinov\u00e1 pomaz\u00e1nka z\u00a0 l\u00edskov\u00fdch o\u0159\u00ed\u0161k\u016f. Na 100 g pomaz\u00e1nky obsahuje 13,2 g proteinu. Obsahuje jenom mal\u00e9 mno\u017estv\u00ed cukru, jeliko\u017e je slazen\u00e1 maltitolem. Jedn\u00e1 se tak o zdravou alternativu l\u00edskoo\u0159\u00ed\u0161kov\u00e9ho kr\u00e9mu. <\/span><\/p>\n<\/div>\n<div>\n<p><span lang=\"cs-cz\" xml:lang=\"cs-cz\">Proteinella se d\u011bl\u00e1 v mnoha p\u0159\u00edchut\u00edch jimi\u017e jsou: b\u00edl\u00e1 \u010dokol\u00e1da, cookie dough, kakao\/l\u00edskov\u00fd o\u0159\u00ed\u0161ek a slan\u00fd karamel.<\/span><\/p>\n<\/div>\n","protected":false},"featured_media":3540,"comment_status":"open","ping_status":"closed","template":"","meta":[],"product_brand":[],"product_cat":[759],"product_tag":[1028,981,566,1021,201,860],"class_list":{"0":"post-3534","1":"product","2":"type-product","3":"status-publish","4":"has-post-thumbnail","6":"product_cat-zdrava-vyziva","7":"product_tag-bez-cukru","8":"product_tag-cokolada","9":"product_tag-orisky","10":"product_tag-pomazanka","11":"product_tag-protein","12":"product_tag-zdrava-strava","14":"first","15":"instock","16":"sale","17":"taxable","18":"shipping-taxable","19":"purchasable","20":"product-type-variable"},"jetpack_sharing_enabled":true,"_links":{"self":[{"href":"https:\/\/etev7e.pef.czu.cz\/zs2223\/wp-json\/wp\/v2\/product\/3534","targetHints":{"allow":["GET"]}}],"collection":[{"href":"https:\/\/etev7e.pef.czu.cz\/zs2223\/wp-json\/wp\/v2\/product"}],"about":[{"href":"https:\/\/etev7e.pef.czu.cz\/zs2223\/wp-json\/wp\/v2\/types\/product"}],"replies":[{"embeddable":true,"href":"https:\/\/etev7e.pef.czu.cz\/zs2223\/wp-json\/wp\/v2\/comments?post=3534"}],"wp:featuredmedia":[{"embeddable":true,"href":"https:\/\/etev7e.pef.czu.cz\/zs2223\/wp-json\/wp\/v2\/media\/3540"}],"wp:attachment":[{"href":"https:\/\/etev7e.pef.czu.cz\/zs2223\/wp-json\/wp\/v2\/media?parent=3534"}],"wp:term":[{"taxonomy":"product_brand","embeddable":true,"href":"https:\/\/etev7e.pef.czu.cz\/zs2223\/wp-json\/wp\/v2\/product_brand?post=3534"},{"taxonomy":"product_cat","embeddable":true,"href":"https:\/\/etev7e.pef.czu.cz\/zs2223\/wp-json\/wp\/v2\/product_cat?post=3534"},{"taxonomy":"product_tag","embeddable":true,"href":"https:\/\/etev7e.pef.czu.cz\/zs2223\/wp-json\/wp\/v2\/product_tag?post=3534"}],"curies":[{"name":"wp","href":"https:\/\/api.w.org\/{rel}","templated":true}]}}